{"id":962,"date":"2017-05-28T15:21:40","date_gmt":"2017-05-28T14:21:40","guid":{"rendered":"http:\/\/vogesus.fr\/?page_id=962"},"modified":"2025-12-25T19:07:25","modified_gmt":"2025-12-25T18:07:25","slug":"le-rayon-vert","status":"publish","type":"page","link":"https:\/\/vogesus.fr\/index.php\/qui-est-andre\/reportages\/le-rayon-vert\/","title":{"rendered":"Le rayon vert, une manifestation divine"},"content":{"rendered":"<p><strong><span style=\"color: #0000ff;\">Le rayon vert est visible aux \u00e9quinoxes de printemps et d&rsquo;automne, \u00e0 ce moment le soleil passe par le chausson gauche de Judas et le rayon poursuit sa course sur la chair, c&rsquo;est pr\u00e9cis\u00e9ment \u00e0 11:38 au printemps &nbsp;qu&rsquo;il \u00e9claire la t\u00eate de Christ et \u00e0&nbsp;12:24 en automne les pieds de Christ.<\/span><\/strong><\/p>\n<p><strong><span style=\"color: #0000ff;\">Quels magnifiques symboles que celui de la t\u00eate couronn\u00e9e et des pieds clou\u00e9s, l&rsquo;annonce d&rsquo;un retournement spirituel qui suit la courbe apparente du soleil dans le ciel.<\/span><\/strong>\n<\/p>\n<p style=\"text-align: center;\"><strong><span style=\"color: #0000ff;\">Qui s&rsquo;\u00e9l\u00e8ve sera abaiss\u00e9<\/span><\/strong><\/p>\n<p style=\"text-align: center;\"><strong><span style=\"color: #0000ff;\">Qui s&rsquo;abaisse sera \u00e9lev\u00e9<\/span><\/strong><\/p>\n<p><strong><span style=\"color: #0000ff;\">Ces deux moments nous rappellent&nbsp;l&rsquo;histoire de Ruth la Moabite veuve d\u2019Elim\u00e9lec. Pauvre parmi les pauvres, Ruth vivait avec Naomi sa belle m\u00e8re jusqu\u2019au jour o\u00f9 Boaz fit valoir son droit de rachat et s\u2019y engagea en donnant son chausson gauche.<\/span><\/strong><\/p>\n<p><strong><span style=\"color: #0000ff;\">Et nous pauvres que nous sommes \u00e0 observer ce ph\u00e9nom\u00e8ne&nbsp;sans comprendre le message que le sage Judas nous envoie. Car gr\u00e2ce \u00e0 lui le rite est accompli et le vieil homme est rachet\u00e9 par le sacrifice de Christ.<\/span><\/strong><\/p>\n<p><strong><span style=\"color: #0000ff;\">Et nous accuserions Judas !<\/span><\/strong><\/p>\n<p><img loading=\"lazy\" decoding=\"async\" data-attachment-id=\"965\" data-permalink=\"https:\/\/vogesus.fr\/index.php\/qui-est-andre\/reportages\/le-rayon-vert\/rayon-vert\/#main\" data-orig-file=\"https:\/\/vogesus.fr\/wp-content\/uploads\/2017\/05\/Rayon-vert.jpg\" data-orig-size=\"716,920\" data-comments-opened=\"1\" data-image-meta=\"{&quot;aperture&quot;:&quot;0&quot;,&quot;credit&quot;:&quot;&quot;,&quot;camera&quot;:&quot;&quot;,&quot;caption&quot;:&quot;&quot;,&quot;created_timestamp&quot;:&quot;0&quot;,&quot;copyright&quot;:&quot;&quot;,&quot;focal_length&quot;:&quot;0&quot;,&quot;iso&quot;:&quot;0&quot;,&quot;shutter_speed&quot;:&quot;0&quot;,&quot;title&quot;:&quot;&quot;,&quot;orientation&quot;:&quot;0&quot;}\" data-image-title=\"Rayon vert\" data-image-description=\"&lt;p&gt;Rayon vert&lt;\/p&gt;\n\" data-image-caption=\"&lt;p&gt;Rayon vert&lt;\/p&gt;\n\" data-large-file=\"https:\/\/vogesus.fr\/wp-content\/uploads\/2017\/05\/Rayon-vert.jpg\" class=\"alignnone size-medium wp-image-965 aligncenter\" src=\"http:\/\/vogesus.fr\/wp-content\/uploads\/2017\/05\/Rayon-vert-233x300.jpg\" alt=\"Rayon vert\" width=\"233\" height=\"300\" srcset=\"https:\/\/vogesus.fr\/wp-content\/uploads\/2017\/05\/Rayon-vert-233x300.jpg 233w, https:\/\/vogesus.fr\/wp-content\/uploads\/2017\/05\/Rayon-vert.jpg 716w\" sizes=\"auto, (max-width: 233px) 100vw, 233px\" \/><\/p>\n<p><strong><span style=\"color: #008000;\">En parlant du rayon vert, il nous faut \u00e9voquer celui qui l&rsquo;a red\u00e9couvert, Maurice Rosart et de citer un court extrait de son travail dans la Cath\u00e9drale D\u00e9voil\u00e9e. Imprim\u00e9 en 2004<\/span><\/strong><\/p>\n<p><strong><span style=\"color: #008000;\">&#8230;Les journaux locaux, \u00e9crits, parl\u00e9s et t\u00e9l\u00e9vis\u00e9s, en ont rendu compte et les nombreux spectateurs pr\u00e9venus depuis l&rsquo;automne 1984, date \u00e0 laquelle j&rsquo;ai rendu publique ma d\u00e9couverte, sont pr\u00eats \u00e0 se retrouver r\u00e9guli\u00e8rement au rendez-vous spectaculaire fix\u00e9 par l&rsquo;horloge du monde&#8230;&#8230; Louis Tschaen a \u00e9voqu\u00e9 : le rep\u00e9rage de la date de P\u00e2ques proche de l&rsquo;\u00e9quinoxe de printemps. en effet on peut rappeler que la f\u00eate de P\u00e2ques est traditionnellement fix\u00e9e au premier dimanche qui suit la premi\u00e8re lune suivant l&rsquo;\u00e9quinoxe de printemps&#8230;<\/span><\/strong><\/p>\n<p><strong><span style=\"color: #008000;\">Merci pour ce travail.<\/span><\/strong><\/p>\n<p>&nbsp;<\/p>\n<p>&nbsp;<\/p>\n<p>&nbsp;<\/p>\n<p>&nbsp;<\/p>\n\n\n<p class=\"has-medium-font-size\">\u00a9 Vogesus 2020<\/p>\n","protected":false},"excerpt":{"rendered":"<p>Le rayon vert est visible aux \u00e9quinoxes de printemps et d&rsquo;automne, \u00e0 ce moment le soleil passe par le chausson gauche de Judas et le rayon poursuit sa course sur la chair, c&rsquo;est pr\u00e9cis\u00e9ment \u00e0 11:38 au printemps &nbsp;qu&rsquo;il \u00e9claire la t\u00eate de Christ et \u00e0&nbsp;12:24 en automne les pieds de Christ. Quels magnifiques symboles [&hellip;]<\/p>\n","protected":false},"author":1,"featured_media":0,"parent":289,"menu_order":11,"comment_status":"closed","ping_status":"closed","template":"","meta":{"footnotes":""},"class_list":["post-962","page","type-page","status-publish","hentry"],"aioseo_notices":[],"jetpack_sharing_enabled":true,"jetpack_shortlink":"https:\/\/wp.me\/P7ThE8-fw","jetpack-related-posts":[],"_links":{"self":[{"href":"https:\/\/vogesus.fr\/index.php\/wp-json\/wp\/v2\/pages\/962","targetHints":{"allow":["GET"]}}],"collection":[{"href":"https:\/\/vogesus.fr\/index.php\/wp-json\/wp\/v2\/pages"}],"about":[{"href":"https:\/\/vogesus.fr\/index.php\/wp-json\/wp\/v2\/types\/page"}],"author":[{"embeddable":true,"href":"https:\/\/vogesus.fr\/index.php\/wp-json\/wp\/v2\/users\/1"}],"replies":[{"embeddable":true,"href":"https:\/\/vogesus.fr\/index.php\/wp-json\/wp\/v2\/comments?post=962"}],"version-history":[{"count":8,"href":"https:\/\/vogesus.fr\/index.php\/wp-json\/wp\/v2\/pages\/962\/revisions"}],"predecessor-version":[{"id":3061,"href":"https:\/\/vogesus.fr\/index.php\/wp-json\/wp\/v2\/pages\/962\/revisions\/3061"}],"up":[{"embeddable":true,"href":"https:\/\/vogesus.fr\/index.php\/wp-json\/wp\/v2\/pages\/289"}],"wp:attachment":[{"href":"https:\/\/vogesus.fr\/index.php\/wp-json\/wp\/v2\/media?parent=962"}],"curies":[{"name":"wp","href":"https:\/\/api.w.org\/{rel}","templated":true}]}}