{"id":875,"date":"2017-05-06T22:11:13","date_gmt":"2017-05-06T21:11:13","guid":{"rendered":"http:\/\/vogesus.fr\/?page_id=875"},"modified":"2025-12-25T20:39:56","modified_gmt":"2025-12-25T19:39:56","slug":"pierres-a-cupules-et-a-sacrifices-du-stampflocher","status":"publish","type":"page","link":"https:\/\/vogesus.fr\/index.php\/qui-est-andre\/les-conferences\/pierres-a-cupules-et-a-sacrifices-du-stampflocher\/","title":{"rendered":"Pierres \u00e0 cupules et \u00e0 sacrifices du Stampfloecher"},"content":{"rendered":"<h3><strong><span style=\"color: #008000;\">Du c\u00f4t\u00e9 de Saverne \u00e0 proximit\u00e9 du Mont Saint Michel une promenade autour des pierres \u00e0 cupules et des pierres \u00e0 sacrifices, orvet et petit passage secret sont au rendez-vous<\/span><\/strong><\/h3>\n<h3><strong><span style=\"color: #008000;\">Les lieux sont \u00e9tranges et insolites et encore assez peu fr\u00e9quent\u00e9s car le chemin am\u00e8ne facilement le promeneur \u00e0 contourner les points d&rsquo;int\u00e9r\u00eats.<\/span><\/strong><\/h3>\n<h3><strong><span style=\"color: #008000;\">L&rsquo;histoire rapporte que les gens s&rsquo;\u00e9taient r\u00e9fugi\u00e9s lors d&rsquo;une guerre au moyen \u00e2ge pour y moudre les grains mais les cupules sont bien plus anciennes. Vous trouverez les m\u00eames au&nbsp;col de la Pray\u00e9.&nbsp;<\/span><\/strong><\/h3>\n<h3><strong><span style=\"color: #008000;\">Une interrogation au pendule indique que l&rsquo;endroit devait servir \u00e0 des rituels voire des sacrifices.<\/span><\/strong><\/h3>\n<div style=\"width: 652px;\" class=\"wp-video\"><video class=\"wp-video-shortcode\" id=\"video-875-1\" width=\"652\" height=\"367\" preload=\"metadata\" controls=\"controls\"><source type=\"video\/mp4\" src=\"http:\/\/vogesus.fr\/wp-content\/uploads\/2017\/05\/Staempflocher.mp4?_=1\" \/><a href=\"http:\/\/vogesus.fr\/wp-content\/uploads\/2017\/05\/Staempflocher.mp4\">http:\/\/vogesus.fr\/wp-content\/uploads\/2017\/05\/Staempflocher.mp4<\/a><\/video><\/div>\n<p><strong><span style=\"color: #008000;\">Vogesus &nbsp;29\/04\/23<\/span><\/strong><\/p>\n<h3><strong><span style=\"color: #008000;\">Des images de 10 ans et plus<\/span><\/strong><\/h3>\n<p><img loading=\"lazy\" decoding=\"async\" data-attachment-id=\"880\" data-permalink=\"https:\/\/vogesus.fr\/index.php\/qui-est-andre\/les-conferences\/pierres-a-cupules-et-a-sacrifices-du-stampflocher\/staempfloecher2\/#main\" data-orig-file=\"https:\/\/vogesus.fr\/wp-content\/uploads\/2017\/05\/Staempfloecher2.jpg\" data-orig-size=\"2272,1704\" data-comments-opened=\"1\" data-image-meta=\"{&quot;aperture&quot;:&quot;2.8&quot;,&quot;credit&quot;:&quot;&quot;,&quot;camera&quot;:&quot;Canon DIGITAL IXUS i&quot;,&quot;caption&quot;:&quot;&quot;,&quot;created_timestamp&quot;:&quot;1116696122&quot;,&quot;copyright&quot;:&quot;&quot;,&quot;focal_length&quot;:&quot;6.40625&quot;,&quot;iso&quot;:&quot;0&quot;,&quot;shutter_speed&quot;:&quot;0.01&quot;,&quot;title&quot;:&quot;&quot;,&quot;orientation&quot;:&quot;0&quot;}\" data-image-title=\"Staempfloecher2\" data-image-description=\"&lt;p&gt;Staempfloecher2&lt;\/p&gt;\n\" data-image-caption=\"&lt;p&gt;Staempfloecher2&lt;\/p&gt;\n\" data-large-file=\"https:\/\/vogesus.fr\/wp-content\/uploads\/2017\/05\/Staempfloecher2-1024x768.jpg\" class=\"size-medium wp-image-880 alignleft\" src=\"http:\/\/vogesus.fr\/wp-content\/uploads\/2017\/05\/Staempfloecher2-300x225.jpg\" alt=\"Staempfloecher2\" width=\"300\" height=\"225\" srcset=\"https:\/\/vogesus.fr\/wp-content\/uploads\/2017\/05\/Staempfloecher2-300x225.jpg 300w, https:\/\/vogesus.fr\/wp-content\/uploads\/2017\/05\/Staempfloecher2-768x576.jpg 768w, https:\/\/vogesus.fr\/wp-content\/uploads\/2017\/05\/Staempfloecher2-1024x768.jpg 1024w\" sizes=\"auto, (max-width: 300px) 100vw, 300px\" \/><\/p>\n<h3><strong><span style=\"color: #008000;\">La pierre \u00e0 sacrifices<\/span><\/strong><\/h3>\n<h3 style=\"text-align: center;\"><strong><span style=\"color: #008000;\">Les pierres \u00e0 cupules, il y avait \u00e0 l&rsquo;\u00e9poque des tritons dans le cupules<img loading=\"lazy\" decoding=\"async\" data-attachment-id=\"879\" data-permalink=\"https:\/\/vogesus.fr\/index.php\/qui-est-andre\/les-conferences\/pierres-a-cupules-et-a-sacrifices-du-stampflocher\/staempfloecher1\/#main\" data-orig-file=\"https:\/\/vogesus.fr\/wp-content\/uploads\/2017\/05\/Staempfloecher1.jpg\" data-orig-size=\"2272,1704\" data-comments-opened=\"1\" data-image-meta=\"{&quot;aperture&quot;:&quot;2.8&quot;,&quot;credit&quot;:&quot;&quot;,&quot;camera&quot;:&quot;Canon DIGITAL IXUS i&quot;,&quot;caption&quot;:&quot;&quot;,&quot;created_timestamp&quot;:&quot;1116694900&quot;,&quot;copyright&quot;:&quot;&quot;,&quot;focal_length&quot;:&quot;6.40625&quot;,&quot;iso&quot;:&quot;0&quot;,&quot;shutter_speed&quot;:&quot;0.004&quot;,&quot;title&quot;:&quot;&quot;,&quot;orientation&quot;:&quot;0&quot;}\" data-image-title=\"Staempfloecher1\" data-image-description=\"&lt;p&gt;Staempfloecher1&lt;\/p&gt;\n\" data-image-caption=\"&lt;p&gt;Staempfloecher1&lt;\/p&gt;\n\" data-large-file=\"https:\/\/vogesus.fr\/wp-content\/uploads\/2017\/05\/Staempfloecher1-1024x768.jpg\" class=\"size-medium wp-image-879 aligncenter\" src=\"http:\/\/vogesus.fr\/wp-content\/uploads\/2017\/05\/Staempfloecher1-300x225.jpg\" alt=\"Staempfloecher1\" width=\"300\" height=\"225\" srcset=\"https:\/\/vogesus.fr\/wp-content\/uploads\/2017\/05\/Staempfloecher1-300x225.jpg 300w, https:\/\/vogesus.fr\/wp-content\/uploads\/2017\/05\/Staempfloecher1-768x576.jpg 768w, https:\/\/vogesus.fr\/wp-content\/uploads\/2017\/05\/Staempfloecher1-1024x768.jpg 1024w\" sizes=\"auto, (max-width: 300px) 100vw, 300px\" \/><\/span><\/strong><\/h3>\n<h3><strong><span style=\"color: #008000;\">En contrebas des ruines de moins en moins visibles<\/span><\/strong><\/h3>\n<p><img loading=\"lazy\" decoding=\"async\" data-attachment-id=\"878\" data-permalink=\"https:\/\/vogesus.fr\/index.php\/qui-est-andre\/les-conferences\/pierres-a-cupules-et-a-sacrifices-du-stampflocher\/rothbach\/#main\" data-orig-file=\"https:\/\/vogesus.fr\/wp-content\/uploads\/2017\/05\/Rothbach.jpg\" data-orig-size=\"1600,1200\" data-comments-opened=\"1\" data-image-meta=\"{&quot;aperture&quot;:&quot;2.8&quot;,&quot;credit&quot;:&quot;&quot;,&quot;camera&quot;:&quot;Canon DIGITAL IXUS i&quot;,&quot;caption&quot;:&quot;&quot;,&quot;created_timestamp&quot;:&quot;1120998563&quot;,&quot;copyright&quot;:&quot;&quot;,&quot;focal_length&quot;:&quot;6.40625&quot;,&quot;iso&quot;:&quot;0&quot;,&quot;shutter_speed&quot;:&quot;0.00625&quot;,&quot;title&quot;:&quot;&quot;,&quot;orientation&quot;:&quot;0&quot;}\" data-image-title=\"Rothbach\" data-image-description=\"&lt;p&gt;Rothbach&lt;\/p&gt;\n\" data-image-caption=\"&lt;p&gt;Rothbach&lt;\/p&gt;\n\" data-large-file=\"https:\/\/vogesus.fr\/wp-content\/uploads\/2017\/05\/Rothbach-1024x768.jpg\" class=\"alignnone size-medium wp-image-878\" src=\"http:\/\/vogesus.fr\/wp-content\/uploads\/2017\/05\/Rothbach-300x225.jpg\" alt=\"Rothbach\" width=\"300\" height=\"225\" srcset=\"https:\/\/vogesus.fr\/wp-content\/uploads\/2017\/05\/Rothbach-300x225.jpg 300w, https:\/\/vogesus.fr\/wp-content\/uploads\/2017\/05\/Rothbach-768x576.jpg 768w, https:\/\/vogesus.fr\/wp-content\/uploads\/2017\/05\/Rothbach-1024x768.jpg 1024w, https:\/\/vogesus.fr\/wp-content\/uploads\/2017\/05\/Rothbach.jpg 1600w\" sizes=\"auto, (max-width: 300px) 100vw, 300px\" \/><\/p>\n<h3><\/h3>\n","protected":false},"excerpt":{"rendered":"<p>Du c\u00f4t\u00e9 de Saverne \u00e0 proximit\u00e9 du Mont Saint Michel une promenade autour des pierres \u00e0 cupules et des pierres \u00e0 sacrifices, orvet et petit passage secret sont au rendez-vous Les lieux sont \u00e9tranges et insolites et encore assez peu fr\u00e9quent\u00e9s car le chemin am\u00e8ne facilement le promeneur \u00e0 contourner les points d&rsquo;int\u00e9r\u00eats. L&rsquo;histoire rapporte [&hellip;]<\/p>\n","protected":false},"author":1,"featured_media":0,"parent":169,"menu_order":8,"comment_status":"closed","ping_status":"closed","template":"","meta":{"footnotes":""},"class_list":["post-875","page","type-page","status-publish","hentry"],"aioseo_notices":[],"jetpack_sharing_enabled":true,"jetpack_shortlink":"https:\/\/wp.me\/P7ThE8-e7","jetpack-related-posts":[],"_links":{"self":[{"href":"https:\/\/vogesus.fr\/index.php\/wp-json\/wp\/v2\/pages\/875","targetHints":{"allow":["GET"]}}],"collection":[{"href":"https:\/\/vogesus.fr\/index.php\/wp-json\/wp\/v2\/pages"}],"about":[{"href":"https:\/\/vogesus.fr\/index.php\/wp-json\/wp\/v2\/types\/page"}],"author":[{"embeddable":true,"href":"https:\/\/vogesus.fr\/index.php\/wp-json\/wp\/v2\/users\/1"}],"replies":[{"embeddable":true,"href":"https:\/\/vogesus.fr\/index.php\/wp-json\/wp\/v2\/comments?post=875"}],"version-history":[{"count":7,"href":"https:\/\/vogesus.fr\/index.php\/wp-json\/wp\/v2\/pages\/875\/revisions"}],"predecessor-version":[{"id":2323,"href":"https:\/\/vogesus.fr\/index.php\/wp-json\/wp\/v2\/pages\/875\/revisions\/2323"}],"up":[{"embeddable":true,"href":"https:\/\/vogesus.fr\/index.php\/wp-json\/wp\/v2\/pages\/169"}],"wp:attachment":[{"href":"https:\/\/vogesus.fr\/index.php\/wp-json\/wp\/v2\/media?parent=875"}],"curies":[{"name":"wp","href":"https:\/\/api.w.org\/{rel}","templated":true}]}}