{"id":802,"date":"2017-04-14T11:00:40","date_gmt":"2017-04-14T10:00:40","guid":{"rendered":"http:\/\/vogesus.fr\/?page_id=802"},"modified":"2025-12-25T19:08:43","modified_gmt":"2025-12-25T18:08:43","slug":"les-gargouilles-images-de-vos-pensees","status":"publish","type":"page","link":"https:\/\/vogesus.fr\/index.php\/qui-est-andre\/reportages\/les-gargouilles-images-de-vos-pensees\/","title":{"rendered":"Les gargouilles images funestes de votre \u00e2me"},"content":{"rendered":"<p><\/p>\n<h3><strong><span style=\"color: #0000ff;\"><img loading=\"lazy\" decoding=\"async\" data-attachment-id=\"799\" data-permalink=\"https:\/\/vogesus.fr\/index.php\/qui-est-andre\/reportages\/les-gargouilles-images-de-vos-pensees\/gc1\/#main\" data-orig-file=\"https:\/\/vogesus.fr\/wp-content\/uploads\/2017\/04\/GC1.jpg\" data-orig-size=\"2800,2800\" data-comments-opened=\"1\" data-image-meta=\"{&quot;aperture&quot;:&quot;0&quot;,&quot;credit&quot;:&quot;&quot;,&quot;camera&quot;:&quot;&quot;,&quot;caption&quot;:&quot;&quot;,&quot;created_timestamp&quot;:&quot;0&quot;,&quot;copyright&quot;:&quot;&quot;,&quot;focal_length&quot;:&quot;0&quot;,&quot;iso&quot;:&quot;0&quot;,&quot;shutter_speed&quot;:&quot;0&quot;,&quot;title&quot;:&quot;&quot;,&quot;orientation&quot;:&quot;0&quot;}\" data-image-title=\"GC1\" data-image-description=\"&lt;p&gt;GC1&lt;\/p&gt;\n\" data-image-caption=\"&lt;p&gt;GC1&lt;\/p&gt;\n\" data-large-file=\"https:\/\/vogesus.fr\/wp-content\/uploads\/2017\/04\/GC1-1024x1024.jpg\" class=\"alignleft wp-image-799 \" src=\"http:\/\/vogesus.fr\/wp-content\/uploads\/2017\/04\/GC1-300x300.jpg\" alt=\"GC1\" width=\"360\" height=\"360\" srcset=\"https:\/\/vogesus.fr\/wp-content\/uploads\/2017\/04\/GC1-300x300.jpg 300w, https:\/\/vogesus.fr\/wp-content\/uploads\/2017\/04\/GC1-150x150.jpg 150w, https:\/\/vogesus.fr\/wp-content\/uploads\/2017\/04\/GC1-768x768.jpg 768w, https:\/\/vogesus.fr\/wp-content\/uploads\/2017\/04\/GC1-1024x1024.jpg 1024w\" sizes=\"auto, (max-width: 360px) 100vw, 360px\" \/><\/span><\/strong><\/h3>\n<h3>&nbsp;<\/h3>\n<h3 style=\"text-align: justify;\"><strong><span style=\"color: #0000ff;\">Il est une Cit\u00e9 Sainte que ton esprit born\u00e9 ne peut concevoir, ni d\u00e9finir. Plains le triste d\u00e9lire de celui qui ferme ses yeux \u00e0 la Lumi\u00e8re et se prom\u00e8ne dans les t\u00e9n\u00e8bres \u00e9paisses du hasard.<\/span><\/strong><\/h3>\n<h3 style=\"text-align: justify;\"><strong><span style=\"color: #0000ff;\">Sur le parvis de cette Cath\u00e9drale tu erres pensant \u00eatre dans la Lumi\u00e8re pourtant tu avances parmi les ombres dans la nuit.<\/span><\/strong><\/h3>\n<p><\/p>\n<p><\/p>\n<h3><strong><span style=\"color: #0000ff;\"><img loading=\"lazy\" decoding=\"async\" data-attachment-id=\"800\" data-permalink=\"https:\/\/vogesus.fr\/index.php\/qui-est-andre\/reportages\/les-gargouilles-images-de-vos-pensees\/gc2\/#main\" data-orig-file=\"https:\/\/vogesus.fr\/wp-content\/uploads\/2017\/04\/GC2.jpg\" data-orig-size=\"2800,2800\" data-comments-opened=\"1\" data-image-meta=\"{&quot;aperture&quot;:&quot;0&quot;,&quot;credit&quot;:&quot;&quot;,&quot;camera&quot;:&quot;&quot;,&quot;caption&quot;:&quot;&quot;,&quot;created_timestamp&quot;:&quot;0&quot;,&quot;copyright&quot;:&quot;&quot;,&quot;focal_length&quot;:&quot;0&quot;,&quot;iso&quot;:&quot;0&quot;,&quot;shutter_speed&quot;:&quot;0&quot;,&quot;title&quot;:&quot;&quot;,&quot;orientation&quot;:&quot;0&quot;}\" data-image-title=\"GC2\" data-image-description=\"&lt;p&gt;GC2&lt;\/p&gt;\n\" data-image-caption=\"&lt;p&gt;GC2&lt;\/p&gt;\n\" data-large-file=\"https:\/\/vogesus.fr\/wp-content\/uploads\/2017\/04\/GC2-1024x1024.jpg\" class=\" wp-image-800 alignright\" src=\"http:\/\/vogesus.fr\/wp-content\/uploads\/2017\/04\/GC2-300x300.jpg\" alt=\"GC2\" width=\"364\" height=\"364\" srcset=\"https:\/\/vogesus.fr\/wp-content\/uploads\/2017\/04\/GC2-300x300.jpg 300w, https:\/\/vogesus.fr\/wp-content\/uploads\/2017\/04\/GC2-150x150.jpg 150w, https:\/\/vogesus.fr\/wp-content\/uploads\/2017\/04\/GC2-768x768.jpg 768w, https:\/\/vogesus.fr\/wp-content\/uploads\/2017\/04\/GC2-1024x1024.jpg 1024w\" sizes=\"auto, (max-width: 364px) 100vw, 364px\" \/><\/span><\/strong><\/h3>\n<h3>&nbsp;<\/h3>\n<h3 style=\"text-align: justify;\"><strong><span style=\"color: #0000ff;\">Oseras-tu franchir le seuil de la porte du Temple sous le regard de ses protecteurs. Ils sont l\u00e0 et veillent, assur\u00e9s que tu ne saurais franchir les r\u00e9gions \u00e9l\u00e9mentaires sans un guide.<\/span><\/strong><\/h3>\n<h3 style=\"text-align: justify;\"><strong><span style=\"color: #0000ff;\">Figures d\u2019\u00e9pouvantes qui ne refl\u00e8tent que tes pens\u00e9es les plus secr\u00e8tes&nbsp;; lorsque tu voyages dans les replis de ton \u00e2me tu rencontres tes frayeurs.<\/span><\/strong><\/h3>\n<p><\/p>\n<p><\/p>\n<h3><strong><span style=\"color: #0000ff;\"><img loading=\"lazy\" decoding=\"async\" data-attachment-id=\"801\" data-permalink=\"https:\/\/vogesus.fr\/index.php\/qui-est-andre\/reportages\/les-gargouilles-images-de-vos-pensees\/gc3\/#main\" data-orig-file=\"https:\/\/vogesus.fr\/wp-content\/uploads\/2017\/04\/GC3.jpg\" data-orig-size=\"2800,2800\" data-comments-opened=\"1\" data-image-meta=\"{&quot;aperture&quot;:&quot;0&quot;,&quot;credit&quot;:&quot;&quot;,&quot;camera&quot;:&quot;&quot;,&quot;caption&quot;:&quot;&quot;,&quot;created_timestamp&quot;:&quot;0&quot;,&quot;copyright&quot;:&quot;&quot;,&quot;focal_length&quot;:&quot;0&quot;,&quot;iso&quot;:&quot;0&quot;,&quot;shutter_speed&quot;:&quot;0&quot;,&quot;title&quot;:&quot;&quot;,&quot;orientation&quot;:&quot;0&quot;}\" data-image-title=\"GC3\" data-image-description=\"&lt;p&gt;GC3&lt;\/p&gt;\n\" data-image-caption=\"&lt;p&gt;GC3&lt;\/p&gt;\n\" data-large-file=\"https:\/\/vogesus.fr\/wp-content\/uploads\/2017\/04\/GC3-1024x1024.jpg\" class=\" wp-image-801 alignleft\" src=\"http:\/\/vogesus.fr\/wp-content\/uploads\/2017\/04\/GC3-300x300.jpg\" alt=\"GC3\" width=\"362\" height=\"362\" srcset=\"https:\/\/vogesus.fr\/wp-content\/uploads\/2017\/04\/GC3-300x300.jpg 300w, https:\/\/vogesus.fr\/wp-content\/uploads\/2017\/04\/GC3-150x150.jpg 150w, https:\/\/vogesus.fr\/wp-content\/uploads\/2017\/04\/GC3-768x768.jpg 768w, https:\/\/vogesus.fr\/wp-content\/uploads\/2017\/04\/GC3-1024x1024.jpg 1024w\" sizes=\"auto, (max-width: 362px) 100vw, 362px\" \/><\/span><\/strong><\/h3>\n<h3>&nbsp;<\/h3>\n<h3 style=\"text-align: justify;\">&nbsp;<\/h3>\n<h3 style=\"text-align: justify;\"><strong><span style=\"color: #0000ff;\">Peut \u00eatre que par ton z\u00e8le \u00e0 pratiquer les vertus ta pers\u00e9v\u00e9rance sera r\u00e9compens\u00e9e et qu\u2019il te sera accord\u00e9 d\u2019apercevoir un premier rayon de Lumi\u00e8re.<\/span><\/strong><\/h3>\n<p><\/p>\n<p><\/p>\n<p><\/p>\n<p style=\"text-align: center;\"><strong><span style=\"color: #0000ff;\">Les gargouilles sur&nbsp;fond&nbsp;musical de Brice Bauer, artiste.<\/span><\/strong><\/p>\n<p style=\"text-align: center;\"><a href=\"https:\/\/www.facebook.com\/brice.bauer.50?ref=br_rs\"><span style=\"color: #0000ff;\">D\u00e9couvrez Brice Bauer<\/span><\/a><\/p>\n<div style=\"width: 652px;\" class=\"wp-video\"><video class=\"wp-video-shortcode\" id=\"video-802-1\" width=\"652\" height=\"367\" preload=\"metadata\" controls=\"controls\"><source type=\"video\/mp4\" src=\"http:\/\/vogesus.fr\/wp-content\/uploads\/2017\/04\/Gargouilles-reflets-de-nos-pensees.mp4?_=1\" \/><a href=\"http:\/\/vogesus.fr\/wp-content\/uploads\/2017\/04\/Gargouilles-reflets-de-nos-pensees.mp4\">http:\/\/vogesus.fr\/wp-content\/uploads\/2017\/04\/Gargouilles-reflets-de-nos-pensees.mp4<\/a><\/video><\/div>\n\n\n<p class=\"has-medium-font-size\">\u00a9 Vogesus 2020<\/p>\n","protected":false},"excerpt":{"rendered":"<p>&nbsp; Il est une Cit\u00e9 Sainte que ton esprit born\u00e9 ne peut concevoir, ni d\u00e9finir. Plains le triste d\u00e9lire de celui qui ferme ses yeux \u00e0 la Lumi\u00e8re et se prom\u00e8ne dans les t\u00e9n\u00e8bres \u00e9paisses du hasard. Sur le parvis de cette Cath\u00e9drale tu erres pensant \u00eatre dans la Lumi\u00e8re pourtant tu avances parmi les [&hellip;]<\/p>\n","protected":false},"author":1,"featured_media":0,"parent":289,"menu_order":4,"comment_status":"closed","ping_status":"closed","template":"","meta":{"footnotes":""},"class_list":["post-802","page","type-page","status-publish","hentry"],"aioseo_notices":[],"jetpack_sharing_enabled":true,"jetpack_shortlink":"https:\/\/wp.me\/P7ThE8-cW","jetpack-related-posts":[],"_links":{"self":[{"href":"https:\/\/vogesus.fr\/index.php\/wp-json\/wp\/v2\/pages\/802","targetHints":{"allow":["GET"]}}],"collection":[{"href":"https:\/\/vogesus.fr\/index.php\/wp-json\/wp\/v2\/pages"}],"about":[{"href":"https:\/\/vogesus.fr\/index.php\/wp-json\/wp\/v2\/types\/page"}],"author":[{"embeddable":true,"href":"https:\/\/vogesus.fr\/index.php\/wp-json\/wp\/v2\/users\/1"}],"replies":[{"embeddable":true,"href":"https:\/\/vogesus.fr\/index.php\/wp-json\/wp\/v2\/comments?post=802"}],"version-history":[{"count":6,"href":"https:\/\/vogesus.fr\/index.php\/wp-json\/wp\/v2\/pages\/802\/revisions"}],"predecessor-version":[{"id":3054,"href":"https:\/\/vogesus.fr\/index.php\/wp-json\/wp\/v2\/pages\/802\/revisions\/3054"}],"up":[{"embeddable":true,"href":"https:\/\/vogesus.fr\/index.php\/wp-json\/wp\/v2\/pages\/289"}],"wp:attachment":[{"href":"https:\/\/vogesus.fr\/index.php\/wp-json\/wp\/v2\/media?parent=802"}],"curies":[{"name":"wp","href":"https:\/\/api.w.org\/{rel}","templated":true}]}}