{"id":733,"date":"2017-02-19T23:18:28","date_gmt":"2017-02-19T22:18:28","guid":{"rendered":"http:\/\/vogesus.fr\/?page_id=733"},"modified":"2025-12-25T20:47:17","modified_gmt":"2025-12-25T19:47:17","slug":"cest-quoi-un-gnomon","status":"publish","type":"page","link":"https:\/\/vogesus.fr\/index.php\/le-secret-des-batisseurs\/cest-quoi-un-gnomon\/","title":{"rendered":"Le gnomon, l&rsquo;ombre du poteau"},"content":{"rendered":"<h4><span style=\"color: #0000ff;\">Un gnomon est un poteau utilis\u00e9 pour orienter la construction d&rsquo;un \u00e9difice sacr\u00e9.<\/span><\/h4>\n<div style=\"width: 652px;\" class=\"wp-video\"><video class=\"wp-video-shortcode\" id=\"video-733-1\" width=\"652\" height=\"367\" preload=\"metadata\" controls=\"controls\"><source type=\"video\/mp4\" src=\"http:\/\/vogesus.fr\/wp-content\/uploads\/2016\/11\/Gnomon.mp4?_=1\" \/><a href=\"http:\/\/vogesus.fr\/wp-content\/uploads\/2016\/11\/Gnomon.mp4\">http:\/\/vogesus.fr\/wp-content\/uploads\/2016\/11\/Gnomon.mp4<\/a><\/video><\/div>\n\n\n<p class=\"has-medium-font-size\">\u00a9 Vogesus 2020<\/p>\n","protected":false},"excerpt":{"rendered":"<p>Un gnomon est un poteau utilis\u00e9 pour orienter la construction d&rsquo;un \u00e9difice sacr\u00e9. \u00a9 Vogesus 2020<\/p>\n","protected":false},"author":1,"featured_media":0,"parent":473,"menu_order":5,"comment_status":"closed","ping_status":"closed","template":"","meta":{"jetpack_post_was_ever_published":false,"footnotes":""},"class_list":["post-733","page","type-page","status-publish","hentry"],"aioseo_notices":[],"jetpack_sharing_enabled":true,"jetpack_shortlink":"https:\/\/wp.me\/P7ThE8-bP","jetpack-related-posts":[],"_links":{"self":[{"href":"https:\/\/vogesus.fr\/index.php\/wp-json\/wp\/v2\/pages\/733","targetHints":{"allow":["GET"]}}],"collection":[{"href":"https:\/\/vogesus.fr\/index.php\/wp-json\/wp\/v2\/pages"}],"about":[{"href":"https:\/\/vogesus.fr\/index.php\/wp-json\/wp\/v2\/types\/page"}],"author":[{"embeddable":true,"href":"https:\/\/vogesus.fr\/index.php\/wp-json\/wp\/v2\/users\/1"}],"replies":[{"embeddable":true,"href":"https:\/\/vogesus.fr\/index.php\/wp-json\/wp\/v2\/comments?post=733"}],"version-history":[{"count":4,"href":"https:\/\/vogesus.fr\/index.php\/wp-json\/wp\/v2\/pages\/733\/revisions"}],"predecessor-version":[{"id":2278,"href":"https:\/\/vogesus.fr\/index.php\/wp-json\/wp\/v2\/pages\/733\/revisions\/2278"}],"up":[{"embeddable":true,"href":"https:\/\/vogesus.fr\/index.php\/wp-json\/wp\/v2\/pages\/473"}],"wp:attachment":[{"href":"https:\/\/vogesus.fr\/index.php\/wp-json\/wp\/v2\/media?parent=733"}],"curies":[{"name":"wp","href":"https:\/\/api.w.org\/{rel}","templated":true}]}}