{"id":708,"date":"2017-02-19T21:42:56","date_gmt":"2017-02-19T20:42:56","guid":{"rendered":"http:\/\/vogesus.fr\/?page_id=708"},"modified":"2025-12-25T19:07:36","modified_gmt":"2025-12-25T18:07:36","slug":"les-genoux-a-lire","status":"publish","type":"page","link":"https:\/\/vogesus.fr\/index.php\/qui-est-andre\/reportages\/les-genoux-a-lire\/","title":{"rendered":"A genoux une ouverture spirituelle"},"content":{"rendered":"<h4><span style=\"color: #0000ff;\">Les genoux<\/span><\/h4>\n<h4><span style=\"color: #0000ff;\">La seule attitude de pri\u00e8re qui \u00e0 ma connaissance, soit mentionn\u00e9e dans la Bible est celle-ci&nbsp;: \u00abmais Elie monta au sommet du Carmel et, se penchant contre la terre, il a mis son visage entre ses genoux \u00bb<\/span><\/h4>\n<h4><span style=\"color: #0000ff;\">1 Rois, XVIII,42<\/span><\/h4>\n<h4><span style=\"color: #0000ff;\">Dans ce texte, il semble qu\u2019Elie soit agenouill\u00e9 et que son visage vienne entre ses genoux toucher la terre. La pri\u00e8re d\u2019Elie est ardente&nbsp;: il demande la pluie pour la terre dess\u00e9ch\u00e9e&nbsp;; un passage \u00e0 la f\u00e9condit\u00e9&nbsp;! Cette posture de pri\u00e8re, qui est encore celle des musulmans, va peut-\u00eatre nous aider \u00e0 approcher la myst\u00e9rieuse signification des genoux.<\/span><\/h4>\n<h4><span style=\"color: #0000ff;\">Dans la symbolique astrologique, les genoux sont li\u00e9s au signe du capricorne, signe de terre en ce que la Terre a de plus lourd, de plus concentr\u00e9, de plus secr\u00e8tement enfoui dans ses profondeurs hivernales.<\/span><\/h4>\n<h4><span style=\"color: #0000ff;\">De m\u00eame que les pieds correspondent \u00e0 Malkhuth en temps qu\u2019\u00e9l\u00e9ment Eau , de m\u00eame les genoux correspondent \u00e0 cette m\u00eame s\u00e9phirah en tant qu\u2019\u00e9l\u00e9ments Terre. Les pieds sont li\u00e9s au f\u0153tus dans le ventre de la m\u00e8re, les genoux \u00e0 l\u2019enfant \u00e0 sa naissance. Sur un plan int\u00e9rieur, les pieds&nbsp;: au non encore accompli, les genoux \u00e0 l\u2019accompli.<\/span><\/h4>\n<h4><span style=\"color: #0000ff;\">\u2026.<\/span><\/h4>\n<h4><span style=\"color: #0000ff;\"><img loading=\"lazy\" decoding=\"async\" data-attachment-id=\"639\" data-permalink=\"https:\/\/vogesus.fr\/synagogue-2\/\" data-orig-file=\"https:\/\/vogesus.fr\/wp-content\/uploads\/2016\/10\/Synagogue.jpg\" data-orig-size=\"1704,2272\" data-comments-opened=\"1\" data-image-meta=\"{&quot;aperture&quot;:&quot;2.8&quot;,&quot;credit&quot;:&quot;&quot;,&quot;camera&quot;:&quot;Canon DIGITAL IXUS i&quot;,&quot;caption&quot;:&quot;&quot;,&quot;created_timestamp&quot;:&quot;1124822272&quot;,&quot;copyright&quot;:&quot;&quot;,&quot;focal_length&quot;:&quot;6.40625&quot;,&quot;iso&quot;:&quot;0&quot;,&quot;shutter_speed&quot;:&quot;0.016666666666667&quot;,&quot;title&quot;:&quot;&quot;,&quot;orientation&quot;:&quot;0&quot;}\" data-image-title=\"Synagogue\" data-image-description=\"&lt;p&gt;Synagogue&lt;\/p&gt;\n\" data-image-caption=\"&lt;p&gt;Synagogue&lt;\/p&gt;\n\" data-large-file=\"https:\/\/vogesus.fr\/wp-content\/uploads\/2016\/10\/Synagogue-768x1024.jpg\" class=\" wp-image-639 alignleft\" src=\"http:\/\/vogesus.fr\/wp-content\/uploads\/2016\/10\/Synagogue-225x300.jpg\" alt=\"synagogue\" width=\"375\" height=\"500\" srcset=\"https:\/\/vogesus.fr\/wp-content\/uploads\/2016\/10\/Synagogue-225x300.jpg 225w, https:\/\/vogesus.fr\/wp-content\/uploads\/2016\/10\/Synagogue-768x1024.jpg 768w, https:\/\/vogesus.fr\/wp-content\/uploads\/2016\/10\/Synagogue.jpg 1704w\" sizes=\"auto, (max-width: 375px) 100vw, 375px\" \/>J\u2019ai toujours \u00e9t\u00e9 frapp\u00e9e par les tr\u00e8s \u00e9nigmatiques dessins qui dans l\u2019iconographie chr\u00e9tienne, entourent de cercles concentriques les genoux du Christ en gloire. Je n\u2019ai jamais trouv\u00e9 l\u2019explication. Ces m\u00eames cercles concentriques se retrouvent \u00e0 d\u2019autres niveaux du corps. Je pense qu\u2019ils sont des centres de force importants dont chacun d\u00e9tient une puissance sp\u00e9cifique. Quelle est celle des genoux&nbsp;?<\/span><\/h4>\n<h4><span style=\"color: #0000ff;\">Les genoux enserrant la t\u00eate, dans la posture d\u2019Elie donn\u00e9 au corps de l\u2019orant la forme d\u2019un germe concentrateur de la totalit\u00e9 des forces.<\/span><\/h4>\n<h4><span style=\"color: #0000ff;\">\u2026<\/span><\/h4>\n<h4><span style=\"color: #0000ff;\">La t\u00eate et les genoux forment un nouveau couple d\u2019accomplissement. Ils sont soud\u00e9s par leur respective qualit\u00e9 de couronne.<\/span><\/h4>\n<h4><span style=\"color: #0000ff;\">\u2026<\/span><\/h4>\n<h4><span style=\"color: #0000ff;\">Le langage hippologique dit du cheval qui s\u2019est bless\u00e9 le genou qu\u2019il s\u2019est couronn\u00e9. N\u2019emploie-t-on la m\u00eame expression pour l\u2019enfant bless\u00e9 \u00e0 ce m\u00eame niveau.<\/span><\/h4>\n<h4><span style=\"color: #0000ff;\">Extrait du livre&nbsp;: Le symbolisme du corps humain<\/span><\/h4>\n<h4><span style=\"color: #0000ff;\">Annick de Souzenelle<\/span><\/h4>\n<h4><strong><span style=\"color: #000080;\">18 octobre 2016<\/span><\/strong><\/h4>\n<h4><span style=\"color: #0000ff;\">Un orant&nbsp;: du latin orare, prier ou priant, d\u00e9signe dans l\u2019art religieux, un personnage repr\u00e9sent\u00e9 dans une attitude de pri\u00e8re, souvent agenouill\u00e9, les bras lev\u00e9s ou \u00e9cart\u00e9s, parfois devant un prie-Dieu<\/span><\/h4>\n<h4><span style=\"color: #0000ff;\">Source Wikip\u00e9dia<\/span><\/h4>\n\n\n<p class=\"has-medium-font-size\">\u00a9 Vogesus 2020<\/p>\n","protected":false},"excerpt":{"rendered":"<p>Les genoux La seule attitude de pri\u00e8re qui \u00e0 ma connaissance, soit mentionn\u00e9e dans la Bible est celle-ci&nbsp;: \u00abmais Elie monta au sommet du Carmel et, se penchant contre la terre, il a mis son visage entre ses genoux \u00bb 1 Rois, XVIII,42 Dans ce texte, il semble qu\u2019Elie soit agenouill\u00e9 et que son visage [&hellip;]<\/p>\n","protected":false},"author":1,"featured_media":0,"parent":289,"menu_order":10,"comment_status":"closed","ping_status":"closed","template":"","meta":{"footnotes":""},"class_list":["post-708","page","type-page","status-publish","hentry"],"aioseo_notices":[],"jetpack_sharing_enabled":true,"jetpack_shortlink":"https:\/\/wp.me\/P7ThE8-bq","jetpack-related-posts":[],"_links":{"self":[{"href":"https:\/\/vogesus.fr\/index.php\/wp-json\/wp\/v2\/pages\/708","targetHints":{"allow":["GET"]}}],"collection":[{"href":"https:\/\/vogesus.fr\/index.php\/wp-json\/wp\/v2\/pages"}],"about":[{"href":"https:\/\/vogesus.fr\/index.php\/wp-json\/wp\/v2\/types\/page"}],"author":[{"embeddable":true,"href":"https:\/\/vogesus.fr\/index.php\/wp-json\/wp\/v2\/users\/1"}],"replies":[{"embeddable":true,"href":"https:\/\/vogesus.fr\/index.php\/wp-json\/wp\/v2\/comments?post=708"}],"version-history":[{"count":4,"href":"https:\/\/vogesus.fr\/index.php\/wp-json\/wp\/v2\/pages\/708\/revisions"}],"predecessor-version":[{"id":3062,"href":"https:\/\/vogesus.fr\/index.php\/wp-json\/wp\/v2\/pages\/708\/revisions\/3062"}],"up":[{"embeddable":true,"href":"https:\/\/vogesus.fr\/index.php\/wp-json\/wp\/v2\/pages\/289"}],"wp:attachment":[{"href":"https:\/\/vogesus.fr\/index.php\/wp-json\/wp\/v2\/media?parent=708"}],"curies":[{"name":"wp","href":"https:\/\/api.w.org\/{rel}","templated":true}]}}