{"id":687,"date":"2017-02-19T21:26:09","date_gmt":"2017-02-19T20:26:09","guid":{"rendered":"http:\/\/vogesus.fr\/?page_id=687"},"modified":"2025-12-25T19:07:41","modified_gmt":"2025-12-25T18:07:41","slug":"le-chien-du-predicateur","status":"publish","type":"page","link":"https:\/\/vogesus.fr\/index.php\/qui-est-andre\/reportages\/le-chien-du-predicateur\/","title":{"rendered":"Le chien du pr\u00e9dicateur entre t\u00e9moin et complice"},"content":{"rendered":"<h4><span style=\"color: #000080;\"><img loading=\"lazy\" decoding=\"async\" data-attachment-id=\"692\" data-permalink=\"https:\/\/vogesus.fr\/index.php\/qui-est-andre\/reportages\/le-chien-du-predicateur\/bichon-predicateur_fotor\/#main\" data-orig-file=\"https:\/\/vogesus.fr\/wp-content\/uploads\/2017\/02\/Bichon-pr\u00e9dicateur_Fotor.jpg\" data-orig-size=\"1512,2016\" data-comments-opened=\"1\" data-image-meta=\"{&quot;aperture&quot;:&quot;2.2&quot;,&quot;credit&quot;:&quot;&quot;,&quot;camera&quot;:&quot;iPhone 6s Plus&quot;,&quot;caption&quot;:&quot;&quot;,&quot;created_timestamp&quot;:&quot;1468318951&quot;,&quot;copyright&quot;:&quot;&quot;,&quot;focal_length&quot;:&quot;4.15&quot;,&quot;iso&quot;:&quot;100&quot;,&quot;shutter_speed&quot;:&quot;0.25&quot;,&quot;title&quot;:&quot;&quot;,&quot;orientation&quot;:&quot;0&quot;}\" data-image-title=\"Bichon pr\u00e9dicateur Fotor\" data-image-description=\"&lt;p&gt;Bichon pr\u00e9dicateur Fotor&lt;\/p&gt;\n\" data-image-caption=\"&lt;p&gt;Bichon pr\u00e9dicateur Fotor&lt;\/p&gt;\n\" data-large-file=\"https:\/\/vogesus.fr\/wp-content\/uploads\/2017\/02\/Bichon-pr\u00e9dicateur_Fotor-768x1024.jpg\" class=\"size-medium wp-image-692 alignleft\" src=\"http:\/\/vogesus.fr\/wp-content\/uploads\/2017\/02\/Bichon-pr\u00e9dicateur_Fotor-225x300.jpg\" alt=\"Bichon pr\u00e9dicateur_Fotor\" width=\"225\" height=\"300\" srcset=\"https:\/\/vogesus.fr\/wp-content\/uploads\/2017\/02\/Bichon-pr\u00e9dicateur_Fotor-225x300.jpg 225w, https:\/\/vogesus.fr\/wp-content\/uploads\/2017\/02\/Bichon-pr\u00e9dicateur_Fotor-768x1024.jpg 768w, https:\/\/vogesus.fr\/wp-content\/uploads\/2017\/02\/Bichon-pr\u00e9dicateur_Fotor.jpg 1512w\" sizes=\"auto, (max-width: 225px) 100vw, 225px\" \/>Le chien du Pr\u00e9dicateur<\/span><\/h4>\n<h4><span style=\"color: #000080;\">Suivons encore ce chien dont la truffe est point\u00e9e vers l\u2019est, maintenant il nous invite \u00e0 entrer pour rencontrer un autre bichon. Ce dernier nous surplombe, il nous voit passer et nous ne devinons pas sa pr\u00e9sence, cach\u00e9 il nous observe. D\u2019ailleurs il est tout petit.<\/span><\/h4>\n<h4><span style=\"color: #000080;\">Un moment grave et solennel car le pr\u00eache est ainsi prononc\u00e9 que les consciences des hommes soient p\u00e9n\u00e9tr\u00e9es. Il faut bien ramener les brebis dans le droit chemin alors chaque mot compte, l\u2019assistance empreinte de culpabilit\u00e9 \u00e9coute, certains fixent le regard vers le sol et attendent r\u00e9sign\u00e9s. Le bichon \u00e9coute lui aussi et pense \u00e0 la tristesse des hommes.<\/span><\/h4>\n<h4><span style=\"color: #000080;\">Il \u00e9tait une fois pourrions nous dire car aujourd\u2019hui les m\u00eames passent cam\u00e9ra \u00e0 la main vivant 5 minutes de Cath\u00e9drale dans un parcours bien balis\u00e9. Ils s\u2019ensuivent des souvenirs devant l\u2019\u00e9cran, une autre \u00e9poque.<\/span><\/h4>\n<h4><span style=\"color: #000080;\">Pourtant ce bichon empreint d\u2019une r\u00e9elle cl\u00e9mence semble redonner de l\u2019espoir au p\u00e9cheur. Deux fois dans l\u2019ann\u00e9e fr\u00f4l\u00e9 par la lumi\u00e8re verte du soleil \u00e0 son z\u00e9nith il se rappelle \u00e0 nous telle l\u2019histoire de Ruth la Moabite veuve d\u2019Elim\u00e9lec. Pauvre parmi les pauvres, Ruth vivait avec Naomi sa belle m\u00e8re jusqu\u2019au jour o\u00f9 Boaz fit valoir son droit de rachat et s\u2019y engagea en donnant son chausson gauche.<\/span><\/h4>\n<h4><span style=\"color: #000080;\">Et le bichon de dire au p\u00e9nitent si le pr\u00eache est difficile \u00e0 entendre combien plus grand est l\u2019espoir du rachat par l\u2019ultime sacrifice de Christ. Alors tel l\u2019enseignement des vertus qui ornent l\u2019entr\u00e9e de la Cath\u00e9drale, ne perdons pas espoir.<\/span><\/h4>\n<h4><span style=\"color: #000080;\">Un fois encore beaucoup passeront \u00e0 c\u00f4t\u00e9 de ce chien et ne le verrons pas.<\/span><\/h4>\n<h4><span style=\"color: #000080;\">Andr\u00e9<\/span><\/h4>\n<p><a href=\"http:\/\/www.vogesus.fr\">www.vogesus.fr<\/a><\/p>\n<p><\/p>\n<p><\/p>\n\n\n<p class=\"has-medium-font-size\">\u00a9 Vogesus 2020<\/p>\n","protected":false},"excerpt":{"rendered":"<p>Le chien du Pr\u00e9dicateur Suivons encore ce chien dont la truffe est point\u00e9e vers l\u2019est, maintenant il nous invite \u00e0 entrer pour rencontrer un autre bichon. Ce dernier nous surplombe, il nous voit passer et nous ne devinons pas sa pr\u00e9sence, cach\u00e9 il nous observe. D\u2019ailleurs il est tout petit. Un moment grave et solennel [&hellip;]<\/p>\n","protected":false},"author":1,"featured_media":0,"parent":289,"menu_order":9,"comment_status":"closed","ping_status":"closed","template":"","meta":{"footnotes":""},"class_list":["post-687","page","type-page","status-publish","hentry"],"aioseo_notices":[],"jetpack_sharing_enabled":true,"jetpack_shortlink":"https:\/\/wp.me\/P7ThE8-b5","jetpack-related-posts":[],"_links":{"self":[{"href":"https:\/\/vogesus.fr\/index.php\/wp-json\/wp\/v2\/pages\/687","targetHints":{"allow":["GET"]}}],"collection":[{"href":"https:\/\/vogesus.fr\/index.php\/wp-json\/wp\/v2\/pages"}],"about":[{"href":"https:\/\/vogesus.fr\/index.php\/wp-json\/wp\/v2\/types\/page"}],"author":[{"embeddable":true,"href":"https:\/\/vogesus.fr\/index.php\/wp-json\/wp\/v2\/users\/1"}],"replies":[{"embeddable":true,"href":"https:\/\/vogesus.fr\/index.php\/wp-json\/wp\/v2\/comments?post=687"}],"version-history":[{"count":8,"href":"https:\/\/vogesus.fr\/index.php\/wp-json\/wp\/v2\/pages\/687\/revisions"}],"predecessor-version":[{"id":3060,"href":"https:\/\/vogesus.fr\/index.php\/wp-json\/wp\/v2\/pages\/687\/revisions\/3060"}],"up":[{"embeddable":true,"href":"https:\/\/vogesus.fr\/index.php\/wp-json\/wp\/v2\/pages\/289"}],"wp:attachment":[{"href":"https:\/\/vogesus.fr\/index.php\/wp-json\/wp\/v2\/media?parent=687"}],"curies":[{"name":"wp","href":"https:\/\/api.w.org\/{rel}","templated":true}]}}