{"id":685,"date":"2017-02-19T21:24:23","date_gmt":"2017-02-19T20:24:23","guid":{"rendered":"http:\/\/vogesus.fr\/?page_id=685"},"modified":"2025-12-25T19:07:46","modified_gmt":"2025-12-25T18:07:46","slug":"le-chien-des-anges-a-lire","status":"publish","type":"page","link":"https:\/\/vogesus.fr\/index.php\/qui-est-andre\/reportages\/le-chien-des-anges-a-lire\/","title":{"rendered":"Le chien \u00e0 l&rsquo;\u00e9coute des secrets"},"content":{"rendered":"<h4 style=\"text-align: justify;\"><span style=\"color: #0000ff;\"><img loading=\"lazy\" decoding=\"async\" data-attachment-id=\"694\" data-permalink=\"https:\/\/vogesus.fr\/index.php\/qui-est-andre\/reportages\/le-chien-des-anges-a-lire\/chien-qui-ecoute\/#main\" data-orig-file=\"https:\/\/vogesus.fr\/wp-content\/uploads\/2017\/02\/Chien-qui-\u00e9coute.jpg\" data-orig-size=\"1024,768\" data-comments-opened=\"1\" data-image-meta=\"{&quot;aperture&quot;:&quot;0&quot;,&quot;credit&quot;:&quot;&quot;,&quot;camera&quot;:&quot;&quot;,&quot;caption&quot;:&quot;&quot;,&quot;created_timestamp&quot;:&quot;0&quot;,&quot;copyright&quot;:&quot;&quot;,&quot;focal_length&quot;:&quot;0&quot;,&quot;iso&quot;:&quot;0&quot;,&quot;shutter_speed&quot;:&quot;0&quot;,&quot;title&quot;:&quot;&quot;,&quot;orientation&quot;:&quot;0&quot;}\" data-image-title=\"Chien qui \u00e9coute\" data-image-description=\"&lt;p&gt;Chien qui \u00e9coute&lt;\/p&gt;\n\" data-image-caption=\"&lt;p&gt;Chien qui \u00e9coute&lt;\/p&gt;\n\" data-large-file=\"https:\/\/vogesus.fr\/wp-content\/uploads\/2017\/02\/Chien-qui-\u00e9coute-1024x768.jpg\" class=\"size-medium wp-image-694 alignleft\" src=\"http:\/\/vogesus.fr\/wp-content\/uploads\/2017\/02\/Chien-qui-\u00e9coute-300x225.jpg\" alt=\"Chien qui \u00e9coute\" width=\"300\" height=\"225\" srcset=\"https:\/\/vogesus.fr\/wp-content\/uploads\/2017\/02\/Chien-qui-\u00e9coute-300x225.jpg 300w, https:\/\/vogesus.fr\/wp-content\/uploads\/2017\/02\/Chien-qui-\u00e9coute-768x576.jpg 768w, https:\/\/vogesus.fr\/wp-content\/uploads\/2017\/02\/Chien-qui-\u00e9coute.jpg 1024w\" sizes=\"auto, (max-width: 300px) 100vw, 300px\" \/>Le chien des Anges<\/span><\/h4>\n<h4 style=\"text-align: justify;\"><span style=\"color: #0000ff;\">Suivons le chien qui pointe sa truffe vers l\u2019est, il nous emm\u00e8ne vers l\u2019occident en un curieux retournement.<\/span><\/h4>\n<h4 style=\"text-align: justify;\"><span style=\"color: #0000ff;\">La condition du chien dans le monde est discutable pour certains il emp\u00eache les anges d\u2019entrer dans la maison par sa seule pr\u00e9sence pour d\u2019autres il est un raffinement culinaire. Sa vie en ce monde devient alors tout autre.<\/span><\/h4>\n<h4 style=\"text-align: justify;\"><span style=\"color: #0000ff;\">En occident le chien est psychopompe. V\u00e9ritable transfert de nos pens\u00e9es et de nos sentiments au point d\u2019en faire un confident, le chien occupe une place importante dans notre soci\u00e9t\u00e9. Compagnon fid\u00e8le, il entend, il \u00e9coute et comprend le sens des choses dans leur profondeur bien au del\u00e0 du d\u00e9tail.<\/span><\/h4>\n<h4 style=\"text-align: justify;\"><span style=\"color: #0000ff;\">C\u2019est ainsi qu\u2019il est le t\u00e9moin discret de la rencontre de Christ ressuscit\u00e9 et des Ap\u00f4tres. Il n\u2019a pas besoin de toucher comme Thomas ni de voir comme les autres ap\u00f4tres, il sait tout simplement, il est l\u00e0.<\/span><\/h4>\n<h4 style=\"text-align: justify;\"><span style=\"color: #0000ff;\">Oui le chien est psychopompe et reliant comme un pont entre les mondes. Le tympan sur lequel il figure le rend anodin pourtant le chien termine le r\u00e9cit de la pr\u00e9sence de Christ sur terre et ouvre celui de son ascension. Nous conviendrons que le message d\u2019une fid\u00e9lit\u00e9 sans faille nous est directement adress\u00e9, sommes nous d\u00e9pass\u00e9s ?<\/span><\/h4>\n<h4 style=\"text-align: justify;\"><span style=\"color: #0000ff;\">Aujourd\u2019hui l\u2019engagement est contractuel et s\u2019inscrit dans le temps dans un rapport strictement circonscrit aux r\u00e8gles entre les hommes. En cette p\u00e9riode plac\u00e9e sous le signe du verseau il devient \u00e9vident que beaucoup ont des aspirations plus profondes, difficiles \u00e0 exprimer et encore plus \u00e0 vivre.<\/span><\/h4>\n<h4 style=\"text-align: justify;\">&nbsp;<a href=\"http:\/\/vogesus.fr\/index.php\/reportages\/le-chien-du-predicateur\/\">Lire la suite&#8230;<\/a><\/h4>\n<h4 style=\"text-align: justify;\"><span style=\"color: #0000ff;\">Andr\u00e9<\/span><\/h4>\n<p><a href=\"http:\/\/www.vogesus.fr\">www.vogesus.fr<\/a><\/p>\n<p><\/p>\n\n\n<p class=\"has-medium-font-size\">\u00a9 Vogesus 2020<\/p>\n","protected":false},"excerpt":{"rendered":"<p>Le chien des Anges Suivons le chien qui pointe sa truffe vers l\u2019est, il nous emm\u00e8ne vers l\u2019occident en un curieux retournement. La condition du chien dans le monde est discutable pour certains il emp\u00eache les anges d\u2019entrer dans la maison par sa seule pr\u00e9sence pour d\u2019autres il est un raffinement culinaire. Sa vie en [&hellip;]<\/p>\n","protected":false},"author":1,"featured_media":0,"parent":289,"menu_order":8,"comment_status":"closed","ping_status":"closed","template":"","meta":{"footnotes":""},"class_list":["post-685","page","type-page","status-publish","hentry"],"aioseo_notices":[],"jetpack_sharing_enabled":true,"jetpack_shortlink":"https:\/\/wp.me\/P7ThE8-b3","jetpack-related-posts":[],"_links":{"self":[{"href":"https:\/\/vogesus.fr\/index.php\/wp-json\/wp\/v2\/pages\/685","targetHints":{"allow":["GET"]}}],"collection":[{"href":"https:\/\/vogesus.fr\/index.php\/wp-json\/wp\/v2\/pages"}],"about":[{"href":"https:\/\/vogesus.fr\/index.php\/wp-json\/wp\/v2\/types\/page"}],"author":[{"embeddable":true,"href":"https:\/\/vogesus.fr\/index.php\/wp-json\/wp\/v2\/users\/1"}],"replies":[{"embeddable":true,"href":"https:\/\/vogesus.fr\/index.php\/wp-json\/wp\/v2\/comments?post=685"}],"version-history":[{"count":6,"href":"https:\/\/vogesus.fr\/index.php\/wp-json\/wp\/v2\/pages\/685\/revisions"}],"predecessor-version":[{"id":3059,"href":"https:\/\/vogesus.fr\/index.php\/wp-json\/wp\/v2\/pages\/685\/revisions\/3059"}],"up":[{"embeddable":true,"href":"https:\/\/vogesus.fr\/index.php\/wp-json\/wp\/v2\/pages\/289"}],"wp:attachment":[{"href":"https:\/\/vogesus.fr\/index.php\/wp-json\/wp\/v2\/media?parent=685"}],"curies":[{"name":"wp","href":"https:\/\/api.w.org\/{rel}","templated":true}]}}