{"id":535,"date":"2016-08-18T00:53:26","date_gmt":"2016-08-17T23:53:26","guid":{"rendered":"http:\/\/vogesus.fr\/?page_id=535"},"modified":"2023-04-29T22:50:56","modified_gmt":"2023-04-29T21:50:56","slug":"rutschfelsen-lieu-insolite-du-dabo","status":"publish","type":"page","link":"https:\/\/vogesus.fr\/index.php\/qui-est-andre\/les-conferences\/rutschfelsen-lieu-insolite-du-dabo\/","title":{"rendered":"Rutschfelsen lieu insolite et secret"},"content":{"rendered":"<p><strong><span style=\"text-decoration: underline;\"><span style=\"color: #0000ff; text-decoration: underline;\">Le Rutschfelsen, pierre insolite proche du Dabo entre mythes et histoire oubli\u00e9e<\/span><\/span><\/strong><\/p>\n<p><strong><span style=\"color: #0000ff;\">Un grand rocher plat en gr\u00e8s inclin\u00e9 de 30\u00b0 sur le chemin qui m\u00e8ne vers la Schleiff. <\/span><\/strong><\/p>\n<p><strong><span style=\"color: #0000ff;\">Les l\u00e9gendes qui tournent autour de cette pierre sont nombreuses laquelle nous rapproche de ses origines, nul ne le sait. L&rsquo;histoire des hommes s&rsquo;en m\u00eale pour faire oublier sa propre histoire. Alors voici quelques images prises le 17 ao\u00fbt 2016 avant que des pierres triangulaires ne disparaissent pour la faire oublier toujours un peu plus.<\/span><\/strong><\/p>\n<p><strong><span style=\"color: #0000ff;\">Une des l\u00e9gendes rapporte que la f\u00e9condit\u00e9 pouvait gagner les femmes qui se laissaient glisser sur la pierre. Alors avec une pointe d&rsquo;humour chaque fois que j&rsquo;y suis pass\u00e9 j&rsquo;\u00e9tais seul \u00e0 voir l&rsquo;usure des gravures il faut croire que les glissades sont nombreuses et discr\u00e8tes&#8230;\u00a0<\/span><\/strong><\/p>\n<p><strong><span style=\"color: #0000ff;\">Lieu de culte, autel, st\u00e8les fun\u00e9raires ?<\/span><\/strong><\/p>\n<div style=\"width: 652px;\" class=\"wp-video\"><video class=\"wp-video-shortcode\" id=\"video-535-1\" width=\"652\" height=\"367\" preload=\"metadata\" controls=\"controls\"><source type=\"video\/mp4\" src=\"http:\/\/vogesus.fr\/wp-content\/uploads\/2016\/08\/Rutschfelsen-ok.mp4?_=1\" \/><a href=\"http:\/\/vogesus.fr\/wp-content\/uploads\/2016\/08\/Rutschfelsen-ok.mp4\">http:\/\/vogesus.fr\/wp-content\/uploads\/2016\/08\/Rutschfelsen-ok.mp4<\/a><\/video><\/div>\n<p style=\"text-align: center;\"><strong><span style=\"color: #0000ff;\">La photo du corps et du visage grav\u00e9s dans la pierre<\/span><\/strong><\/p>\n<p><strong><span style=\"color: #0000ff;\"><img loading=\"lazy\" decoding=\"async\" data-attachment-id=\"537\" data-permalink=\"https:\/\/vogesus.fr\/index.php\/qui-est-andre\/les-conferences\/rutschfelsen-lieu-insolite-du-dabo\/img_4863-2_fotor_fotor\/#main\" data-orig-file=\"https:\/\/vogesus.fr\/wp-content\/uploads\/2016\/08\/IMG_4863-2_Fotor_Fotor.jpg\" data-orig-size=\"3024,4032\" data-comments-opened=\"1\" data-image-meta=\"{&quot;aperture&quot;:&quot;2.2&quot;,&quot;credit&quot;:&quot;&quot;,&quot;camera&quot;:&quot;iPhone 6s Plus&quot;,&quot;caption&quot;:&quot;&quot;,&quot;created_timestamp&quot;:&quot;1471459504&quot;,&quot;copyright&quot;:&quot;&quot;,&quot;focal_length&quot;:&quot;4.15&quot;,&quot;iso&quot;:&quot;25&quot;,&quot;shutter_speed&quot;:&quot;0.02&quot;,&quot;title&quot;:&quot;&quot;,&quot;orientation&quot;:&quot;0&quot;}\" data-image-title=\"IMG 4863 2 Fotor Fotor\" data-image-description=\"&lt;p&gt;IMG 4863 2 Fotor Fotor&lt;\/p&gt;\n\" data-image-caption=\"&lt;p&gt;IMG 4863 2 Fotor Fotor&lt;\/p&gt;\n\" data-large-file=\"https:\/\/vogesus.fr\/wp-content\/uploads\/2016\/08\/IMG_4863-2_Fotor_Fotor-768x1024.jpg\" class=\"alignnone size-medium wp-image-537 aligncenter\" src=\"http:\/\/vogesus.fr\/wp-content\/uploads\/2016\/08\/IMG_4863-2_Fotor_Fotor-225x300.jpg\" alt=\"IMG_4863 2_Fotor_Fotor\" width=\"225\" height=\"300\" srcset=\"https:\/\/vogesus.fr\/wp-content\/uploads\/2016\/08\/IMG_4863-2_Fotor_Fotor-225x300.jpg 225w, https:\/\/vogesus.fr\/wp-content\/uploads\/2016\/08\/IMG_4863-2_Fotor_Fotor-768x1024.jpg 768w\" sizes=\"auto, (max-width: 225px) 100vw, 225px\" \/>\u00a0<img loading=\"lazy\" decoding=\"async\" data-attachment-id=\"538\" data-permalink=\"https:\/\/vogesus.fr\/index.php\/qui-est-andre\/les-conferences\/rutschfelsen-lieu-insolite-du-dabo\/img_4864_fotor\/#main\" data-orig-file=\"https:\/\/vogesus.fr\/wp-content\/uploads\/2016\/08\/IMG_4864_Fotor.jpg\" data-orig-size=\"3024,4032\" data-comments-opened=\"1\" data-image-meta=\"{&quot;aperture&quot;:&quot;2.2&quot;,&quot;credit&quot;:&quot;&quot;,&quot;camera&quot;:&quot;iPhone 6s Plus&quot;,&quot;caption&quot;:&quot;&quot;,&quot;created_timestamp&quot;:&quot;1471459586&quot;,&quot;copyright&quot;:&quot;&quot;,&quot;focal_length&quot;:&quot;4.15&quot;,&quot;iso&quot;:&quot;25&quot;,&quot;shutter_speed&quot;:&quot;0.0078125&quot;,&quot;title&quot;:&quot;&quot;,&quot;orientation&quot;:&quot;0&quot;}\" data-image-title=\"IMG 4864 Fotor\" data-image-description=\"&lt;p&gt;IMG 4864 Fotor&lt;\/p&gt;\n\" data-image-caption=\"&lt;p&gt;IMG 4864 Fotor&lt;\/p&gt;\n\" data-large-file=\"https:\/\/vogesus.fr\/wp-content\/uploads\/2016\/08\/IMG_4864_Fotor-768x1024.jpg\" class=\"alignnone size-medium wp-image-538 aligncenter\" src=\"http:\/\/vogesus.fr\/wp-content\/uploads\/2016\/08\/IMG_4864_Fotor-225x300.jpg\" alt=\"IMG_4864_Fotor\" width=\"225\" height=\"300\" srcset=\"https:\/\/vogesus.fr\/wp-content\/uploads\/2016\/08\/IMG_4864_Fotor-225x300.jpg 225w, https:\/\/vogesus.fr\/wp-content\/uploads\/2016\/08\/IMG_4864_Fotor-768x1024.jpg 768w\" sizes=\"auto, (max-width: 225px) 100vw, 225px\" \/><\/span><\/strong><\/p>\n","protected":false},"excerpt":{"rendered":"<p>Le Rutschfelsen, pierre insolite proche du Dabo entre mythes et histoire oubli\u00e9e Un grand rocher plat en gr\u00e8s inclin\u00e9 de 30\u00b0 sur le chemin qui m\u00e8ne vers la Schleiff. Les l\u00e9gendes qui tournent autour de cette pierre sont nombreuses laquelle nous rapproche de ses origines, nul ne le sait. L&rsquo;histoire des hommes s&rsquo;en m\u00eale pour [&hellip;]<\/p>\n","protected":false},"author":1,"featured_media":0,"parent":169,"menu_order":7,"comment_status":"closed","ping_status":"closed","template":"","meta":{"footnotes":""},"class_list":["post-535","page","type-page","status-publish","hentry"],"aioseo_notices":[],"jetpack_sharing_enabled":true,"jetpack_shortlink":"https:\/\/wp.me\/P7ThE8-8D","jetpack-related-posts":[],"_links":{"self":[{"href":"https:\/\/vogesus.fr\/index.php\/wp-json\/wp\/v2\/pages\/535","targetHints":{"allow":["GET"]}}],"collection":[{"href":"https:\/\/vogesus.fr\/index.php\/wp-json\/wp\/v2\/pages"}],"about":[{"href":"https:\/\/vogesus.fr\/index.php\/wp-json\/wp\/v2\/types\/page"}],"author":[{"embeddable":true,"href":"https:\/\/vogesus.fr\/index.php\/wp-json\/wp\/v2\/users\/1"}],"replies":[{"embeddable":true,"href":"https:\/\/vogesus.fr\/index.php\/wp-json\/wp\/v2\/comments?post=535"}],"version-history":[{"count":7,"href":"https:\/\/vogesus.fr\/index.php\/wp-json\/wp\/v2\/pages\/535\/revisions"}],"predecessor-version":[{"id":2306,"href":"https:\/\/vogesus.fr\/index.php\/wp-json\/wp\/v2\/pages\/535\/revisions\/2306"}],"up":[{"embeddable":true,"href":"https:\/\/vogesus.fr\/index.php\/wp-json\/wp\/v2\/pages\/169"}],"wp:attachment":[{"href":"https:\/\/vogesus.fr\/index.php\/wp-json\/wp\/v2\/media?parent=535"}],"curies":[{"name":"wp","href":"https:\/\/api.w.org\/{rel}","templated":true}]}}