{"id":473,"date":"2016-07-17T16:59:56","date_gmt":"2016-07-17T15:59:56","guid":{"rendered":"http:\/\/vogesus.fr\/?page_id=473"},"modified":"2025-12-25T20:48:12","modified_gmt":"2025-12-25T19:48:12","slug":"le-secret-des-batisseurs","status":"publish","type":"page","link":"https:\/\/vogesus.fr\/index.php\/le-secret-des-batisseurs\/","title":{"rendered":"L&rsquo;ART DES BATISSEURS"},"content":{"rendered":"<h4 style=\"text-align: left;\"><span style=\"color: #0000ff;\">L&rsquo;art des b\u00e2tisseurs, la g\u00e9om\u00e9trie sacr\u00e9e<\/span><\/h4>\n<h4><span style=\"color: #0000ff;\">\u00a0Vous ne regarderez plus jamais une \u00e9glise comme auparavant.<\/span><\/h4>\n<h4><span style=\"color: #0000ff;\">La port\u00e9e de la pens\u00e9e des b\u00e2tisseurs nous d\u00e9passe car elle est \u00e0 la crois\u00e9e de sciences que nous n\u2019osons plus associer, peut \u00eatre en avons nous perdu le sens ou sommes-nous devenus trop rationnels.<\/span><\/h4>\n<h4><span style=\"color: #0000ff;\"><img loading=\"lazy\" decoding=\"async\" data-attachment-id=\"617\" data-permalink=\"https:\/\/vogesus.fr\/index.php\/le-secret-des-batisseurs\/art-des-batisseurs\/#main\" data-orig-file=\"https:\/\/vogesus.fr\/wp-content\/uploads\/2016\/10\/Art-des-B\u00e2tisseurs.jpg\" data-orig-size=\"3024,3024\" data-comments-opened=\"1\" data-image-meta=\"{&quot;aperture&quot;:&quot;2.2&quot;,&quot;credit&quot;:&quot;&quot;,&quot;camera&quot;:&quot;iPhone 6s Plus&quot;,&quot;caption&quot;:&quot;&quot;,&quot;created_timestamp&quot;:&quot;1476100576&quot;,&quot;copyright&quot;:&quot;&quot;,&quot;focal_length&quot;:&quot;4.15&quot;,&quot;iso&quot;:&quot;80&quot;,&quot;shutter_speed&quot;:&quot;0.1&quot;,&quot;title&quot;:&quot;&quot;,&quot;orientation&quot;:&quot;0&quot;}\" data-image-title=\"Art des B\u00e2tisseurs\" data-image-description=\"&lt;p&gt;Art des B\u00e2tisseurs&lt;\/p&gt;\n\" data-image-caption=\"&lt;p&gt;Art des B\u00e2tisseurs&lt;\/p&gt;\n\" data-large-file=\"https:\/\/vogesus.fr\/wp-content\/uploads\/2016\/10\/Art-des-B\u00e2tisseurs-1024x1024.jpg\" class=\"size-medium wp-image-617 alignleft\" src=\"http:\/\/vogesus.fr\/wp-content\/uploads\/2016\/10\/Art-des-B\u00e2tisseurs-300x300.jpg\" alt=\"art-des-batisseurs\" width=\"300\" height=\"300\" srcset=\"https:\/\/vogesus.fr\/wp-content\/uploads\/2016\/10\/Art-des-B\u00e2tisseurs-300x300.jpg 300w, https:\/\/vogesus.fr\/wp-content\/uploads\/2016\/10\/Art-des-B\u00e2tisseurs-150x150.jpg 150w, https:\/\/vogesus.fr\/wp-content\/uploads\/2016\/10\/Art-des-B\u00e2tisseurs-768x768.jpg 768w, https:\/\/vogesus.fr\/wp-content\/uploads\/2016\/10\/Art-des-B\u00e2tisseurs-1024x1024.jpg 1024w\" sizes=\"auto, (max-width: 300px) 100vw, 300px\" \/>Le sacr\u00e9 se manifeste dans tous ces secrets et aucune d\u00e9cision ne sera prise sans une r\u00e9ponse divine quand au choix du lieu, la d\u00e9dicace de l\u2019\u00e9difice, son orientation et la mesure qui sera utilis\u00e9e dans sa construction.<\/span><\/h4>\n<h4><span style=\"color: #0000ff;\">La plan au sol commence par un point sacr\u00e9 sur lequel sera plant\u00e9 un gnomon. Par l&rsquo;effet du soleil se r\u00e9v\u00e8lera l\u2019empreinte laiss\u00e9e par le \u00ab\u00a0doigt de Dieu\u00a0\u00bb puis le B\u00e2tisseur tracera le premier carr\u00e9 dont le c\u00f4t\u00e9 passe par le point sacr\u00e9. <\/span><\/h4>\n<h4><span style=\"color: #0000ff;\">Le chemin du p\u00e9nitent sera d\u00e9termin\u00e9 par la destination de l&rsquo;\u00e9difice. Alors seulement et tr\u00e8s progressivement la nef et le transept se r\u00e9v\u00e8leront sur le plan.<\/span><\/h4>\n<h4><span style=\"color: #0000ff;\">L\u2019\u00e9querre, le compas et la corde \u00e0 n\u0153uds seront les principaux instruments pour tracer le plan et pour reporter les justes proportions comme le faisaient les b\u00e2tisseurs.<\/span><\/h4>\n<h4><span style=\"color: #0000ff;\"><strong>L&rsquo;Art des B\u00e2tisseurs<\/strong><\/span><\/h4>\n<div style=\"width: 444px;\" class=\"wp-video\"><video class=\"wp-video-shortcode\" id=\"video-473-1\" width=\"444\" height=\"250\" preload=\"metadata\" controls=\"controls\"><source type=\"video\/mp4\" src=\"http:\/\/vogesus.fr\/wp-content\/uploads\/2016\/11\/Art-des-b\u00e2tisseurs-3.mp4?_=1\" \/><a href=\"http:\/\/vogesus.fr\/wp-content\/uploads\/2016\/11\/Art-des-b\u00e2tisseurs-3.mp4\">http:\/\/vogesus.fr\/wp-content\/uploads\/2016\/11\/Art-des-b\u00e2tisseurs-3.mp4<\/a><\/video><\/div>\n<h5><span style=\"color: #0000ff;\"><span style=\"font-size: 1.2em;\">Le Moyen-\u00e2ge est souvent per\u00e7u comme une p\u00e9riode obscure sauv\u00e9e par la Renaissance.<\/span><\/span><\/h5>\n<h5><span style=\"font-size: 1.2em; color: #0000ff;\">Si l\u2019an 1000 a \u00e9t\u00e9 le th\u00e9\u00e2tre de grandes interrogations il marque aussi l&rsquo;av\u00e8nement de nouvelles technologies, l&rsquo;\u00e9mergence d&rsquo;une nouvelle soci\u00e9t\u00e9 et l&rsquo;\u00e9poque florissante pour la construction des \u00e9difices religieux.<\/span><\/h5>\n<h4><span style=\"color: #0000ff;\">En ces temps la tradition orale \u00e9tait de rigueur avec une transmission du savoir entre des initi\u00e9s qui s\u2019inscrivaient dans l\u2019art sacr\u00e9. Les historiens pr\u00e9f\u00e8rent souvent les \u00e9crits \u00e0 l\u2019oralit\u00e9 afin de construire leur d\u00e9marche sur une argumentation \u00e9tay\u00e9e. Les \u00e9crits relatent autant des faits importants que des banalit\u00e9s et permettent la r\u00e9daction de l\u2019histoire alors que les informations transmises oralement sont susceptibles d\u2019interpr\u00e9tation. C\u2019est tr\u00e8s logiquement que l\u2019oralit\u00e9 peut-\u00eatre observ\u00e9e avec prudence.<\/span><\/h4>\n<h4><span style=\"color: #0000ff;\">Nous allons tenter de recouvrer la pens\u00e9e de ces b\u00e2tisseurs dont pr\u00e8s de 30 g\u00e9n\u00e9rations d\u2019hommes nous s\u00e9parent. Pour y parvenir nous devrons d\u00e9sapprendre \u00e0 r\u00e9fl\u00e9chir en dehors du mod\u00e8le cart\u00e9sien dans lequel nous avons \u00e9t\u00e9 model\u00e9s.<\/span><\/h4>\n<h4><span style=\"color: #0000ff;\">Le mode de pens\u00e9e vers lequel nous allons nous diriger sera \u00e0 la fois plus intuitif et fera appel une approche interdisciplinaire m\u00ealant par exemple l\u2019astronomie \u00e0 l\u2019astrologie ou encore les nombres aux symboles.<\/span><\/h4>\n<h4><span style=\"color: #0000ff;\"><img loading=\"lazy\" decoding=\"async\" data-attachment-id=\"618\" data-permalink=\"https:\/\/vogesus.fr\/index.php\/le-secret-des-batisseurs\/systeme-solaire_fotor\/#main\" data-orig-file=\"https:\/\/vogesus.fr\/wp-content\/uploads\/2016\/10\/Syst\u00e8me-solaire_Fotor.jpg\" data-orig-size=\"720,540\" data-comments-opened=\"1\" data-image-meta=\"{&quot;aperture&quot;:&quot;0&quot;,&quot;credit&quot;:&quot;&quot;,&quot;camera&quot;:&quot;&quot;,&quot;caption&quot;:&quot;&quot;,&quot;created_timestamp&quot;:&quot;0&quot;,&quot;copyright&quot;:&quot;&quot;,&quot;focal_length&quot;:&quot;0&quot;,&quot;iso&quot;:&quot;0&quot;,&quot;shutter_speed&quot;:&quot;0&quot;,&quot;title&quot;:&quot;&quot;,&quot;orientation&quot;:&quot;0&quot;}\" data-image-title=\"Syst\u00e8me solaire Fotor\" data-image-description=\"&lt;p&gt;Syst\u00e8me solaire Fotor&lt;\/p&gt;\n\" data-image-caption=\"&lt;p&gt;Syst\u00e8me solaire Fotor&lt;\/p&gt;\n\" data-large-file=\"https:\/\/vogesus.fr\/wp-content\/uploads\/2016\/10\/Syst\u00e8me-solaire_Fotor.jpg\" class=\" wp-image-618 alignright\" src=\"http:\/\/vogesus.fr\/wp-content\/uploads\/2016\/10\/Syst\u00e8me-solaire_Fotor-300x225.jpg\" alt=\"systeme-solaire_fotor\" width=\"341\" height=\"256\" srcset=\"https:\/\/vogesus.fr\/wp-content\/uploads\/2016\/10\/Syst\u00e8me-solaire_Fotor-300x225.jpg 300w, https:\/\/vogesus.fr\/wp-content\/uploads\/2016\/10\/Syst\u00e8me-solaire_Fotor.jpg 720w\" sizes=\"auto, (max-width: 341px) 100vw, 341px\" \/><\/span><\/h4>\n<h4><span style=\"color: #0000ff;\">Dans une perspective du tout sacr\u00e9 nous devons consid\u00e9rer que l\u2019univers fonctionne par association d\u2019id\u00e9es tout en se conjuguant aux grands courants philosophiques et religieux de l\u2019\u00e9poque.<\/span><\/h4>\n<h4><span style=\"color: #0000ff;\">Les savants du Moyen \u00c2ge s\u2019appuyaient sur les notions g\u00e9n\u00e9rales du syst\u00e8me de Ptol\u00e9m\u00e9e deuxi\u00e8me cycle apr\u00e8s J.-C. qui pr\u00e9sente notre globe comme le centre du monde et autour duquel \u00e9voluent une s\u00e9rie d\u2019orbes parfaitement circulaire.<\/span><\/h4>\n<h4><span style=\"color: #0000ff;\">Ainsi tournent autour de la terre, la Lune, Mercure, Venus, Soleil, Mars, Jupiter, Saturne. Les autres astres ne furent d\u00e9couverts que par la suite<\/span><\/h4>\n<h4><span style=\"color: #0000ff;\"><img loading=\"lazy\" decoding=\"async\" data-attachment-id=\"619\" data-permalink=\"https:\/\/vogesus.fr\/index.php\/le-secret-des-batisseurs\/systeme-solaire-jour\/#main\" data-orig-file=\"https:\/\/vogesus.fr\/wp-content\/uploads\/2016\/10\/Syst\u00e8me-solaire-jour.jpg\" data-orig-size=\"720,540\" data-comments-opened=\"1\" data-image-meta=\"{&quot;aperture&quot;:&quot;0&quot;,&quot;credit&quot;:&quot;&quot;,&quot;camera&quot;:&quot;&quot;,&quot;caption&quot;:&quot;&quot;,&quot;created_timestamp&quot;:&quot;0&quot;,&quot;copyright&quot;:&quot;&quot;,&quot;focal_length&quot;:&quot;0&quot;,&quot;iso&quot;:&quot;0&quot;,&quot;shutter_speed&quot;:&quot;0&quot;,&quot;title&quot;:&quot;&quot;,&quot;orientation&quot;:&quot;0&quot;}\" data-image-title=\"Syst\u00e8me solaire jour\" data-image-description=\"&lt;p&gt;Syst\u00e8me solaire jour&lt;\/p&gt;\n\" data-image-caption=\"&lt;p&gt;Syst\u00e8me solaire jour&lt;\/p&gt;\n\" data-large-file=\"https:\/\/vogesus.fr\/wp-content\/uploads\/2016\/10\/Syst\u00e8me-solaire-jour.jpg\" class=\" wp-image-619 alignleft\" src=\"http:\/\/vogesus.fr\/wp-content\/uploads\/2016\/10\/Syst\u00e8me-solaire-jour-300x225.jpg\" alt=\"systeme-solaire-jour\" width=\"355\" height=\"266\" srcset=\"https:\/\/vogesus.fr\/wp-content\/uploads\/2016\/10\/Syst\u00e8me-solaire-jour-300x225.jpg 300w, https:\/\/vogesus.fr\/wp-content\/uploads\/2016\/10\/Syst\u00e8me-solaire-jour.jpg 720w\" sizes=\"auto, (max-width: 355px) 100vw, 355px\" \/>En pla\u00e7ant ces astres de fa\u00e7on dextrogyre sur un cercle vous pourrez reconstituer les jours de la semaine en suivant les fl\u00e8ches en partant de la Lune puis vers Mercure, V\u00e9nus etc.<\/span><\/h4>\n<h4><span style=\"color: #0000ff;\">Avec ce mod\u00e8le vous aurez construit un heptagone qui r\u00e9f\u00e9rence au nombre sept.<\/span><\/h4>\n<h4><span style=\"color: #0000ff;\">Avec cette transition nous pouvons aborder le symbolisme associ\u00e9 aux nombres dont voici une entr\u00e9e en mati\u00e8re.<\/span><\/h4>\n<h4><span style=\"color: #0000ff;\">Le nombre sept\u00a0: c\u2019est d\u2019une \u00e9tape de la vie, celle d\u2019un homme qui souhaite parvenir \u00e0 la pl\u00e9nitude spirituelle ainsi 7 plus 3 donnera 10. L\u2019association du sept au trois exprime le d\u00e9sir une action divine.<\/span><\/h4>\n<h4><span style=\"color: #0000ff;\">Le nombre six\u00a0: souvent associ\u00e9 \u00e0 l\u2019\u00e9toile de David est l\u2019hexagramme qui exprime la compl\u00e9mentarit\u00e9 entre la descente du divin et la mont\u00e9e de l\u2019humain.<\/span><\/h4>\n<h4><span style=\"color: #0000ff;\">Le nombre de cinq\u00a0: le pentagramme ou l\u2019\u00e9toile \u00e0 cinq branches repr\u00e9sente l\u2019homme et la mat\u00e9rialit\u00e9. L\u2019association de 4 + 1 donne le nombre cinq. Quatre \u00e9tant la mat\u00e9rialit\u00e9 dans laquelle s\u2019investit l\u2019Esprit conf\u00e9rant ainsi \u00e0 l\u2019homme une image divine<\/span><\/h4>\n<h4><span style=\"color: #0000ff;\">Le nombre quatre\u00a0: c\u2019est la mat\u00e9rialit\u00e9 qui symbolise les \u00e9l\u00e9ments (terre, eau, feu et air) et les quatre points cardinaux ainsi que les cycles de la saison. D\u00e9j\u00e0 les Grecs consid\u00e9raient que le nombre 4 contenait les nombres qui r\u00e9gissent l\u2019univers tout entier 1 + 2 + 3 + 4 =10<\/span><\/h4>\n<h4><span style=\"color: #0000ff;\">Le nombre trois\u00a0: est un nombre triangulaire par essence qui fait une allusion directe \u00e0 la Trinit\u00e9 et donc \u00e0 l\u2019action divine. Le trois devient un \u00e9l\u00e9ment d\u2019\u00e9quilibre car en ajoutant une unit\u00e9 au nombre deux ils se place en opposition \u00e0 la division.<\/span><\/h4>\n<h4><span style=\"color: #0000ff;\">Le nombre deux\u00a0: c\u2019est la dualit\u00e9, l\u2019opposition, la division, la s\u00e9paration. C\u2019est \u00e9galement le blanc et le noir. Le nombre deux symbolise la femme et la m\u00e8re.<\/span><\/h4>\n<h4><span style=\"color: #0000ff;\">Le nombre un\u00a0: c\u2019est le Tout, l\u2019unit\u00e9, le centre. Le nombre est associ\u00e9 \u00e0 l\u2019image de Dieu.<\/span><\/h4>\n<h4><strong>\u00a9 Vogesus 2020<\/strong><\/h4>\n<h4>Contact <a href=\"mailto:andre@vogesus.fr\">andre@vogesus.fr<\/a><\/h4>\n<h4><\/h4>\n<h4 style=\"text-align: center;\"><\/h4>\n","protected":false},"excerpt":{"rendered":"<p>L&rsquo;art des b\u00e2tisseurs, la g\u00e9om\u00e9trie sacr\u00e9e \u00a0Vous ne regarderez plus jamais une \u00e9glise comme auparavant. La port\u00e9e de la pens\u00e9e des b\u00e2tisseurs nous d\u00e9passe car elle est \u00e0 la crois\u00e9e de sciences que nous n\u2019osons plus associer, peut \u00eatre en avons nous perdu le sens ou sommes-nous devenus trop rationnels. Le sacr\u00e9 se manifeste dans [&hellip;]<\/p>\n","protected":false},"author":1,"featured_media":0,"parent":0,"menu_order":3,"comment_status":"closed","ping_status":"closed","template":"","meta":{"jetpack_post_was_ever_published":true,"footnotes":""},"class_list":["post-473","page","type-page","status-publish","hentry"],"aioseo_notices":[],"jetpack_sharing_enabled":true,"jetpack_shortlink":"https:\/\/wp.me\/P7ThE8-7D","jetpack-related-posts":[],"_links":{"self":[{"href":"https:\/\/vogesus.fr\/index.php\/wp-json\/wp\/v2\/pages\/473","targetHints":{"allow":["GET"]}}],"collection":[{"href":"https:\/\/vogesus.fr\/index.php\/wp-json\/wp\/v2\/pages"}],"about":[{"href":"https:\/\/vogesus.fr\/index.php\/wp-json\/wp\/v2\/types\/page"}],"author":[{"embeddable":true,"href":"https:\/\/vogesus.fr\/index.php\/wp-json\/wp\/v2\/users\/1"}],"replies":[{"embeddable":true,"href":"https:\/\/vogesus.fr\/index.php\/wp-json\/wp\/v2\/comments?post=473"}],"version-history":[{"count":28,"href":"https:\/\/vogesus.fr\/index.php\/wp-json\/wp\/v2\/pages\/473\/revisions"}],"predecessor-version":[{"id":1507,"href":"https:\/\/vogesus.fr\/index.php\/wp-json\/wp\/v2\/pages\/473\/revisions\/1507"}],"wp:attachment":[{"href":"https:\/\/vogesus.fr\/index.php\/wp-json\/wp\/v2\/media?parent=473"}],"curies":[{"name":"wp","href":"https:\/\/api.w.org\/{rel}","templated":true}]}}