{"id":408,"date":"2016-07-13T11:19:03","date_gmt":"2016-07-13T10:19:03","guid":{"rendered":"http:\/\/vogesus.fr\/?page_id=408"},"modified":"2025-12-25T20:52:21","modified_gmt":"2025-12-25T19:52:21","slug":"le-dabo-a-la-croisee-de-lhistoire","status":"publish","type":"page","link":"https:\/\/vogesus.fr\/index.php\/qui-est-andre\/les-conferences\/le-dabo-a-la-croisee-de-lhistoire\/","title":{"rendered":"Les portes du Sickertfels, un lieu de m\u00e9ditation"},"content":{"rendered":"<h4><span style=\"color: #008000;\"><strong>Le Dabo terre myst\u00e9rieuse et combien accueillante se distingue \u00e0 la fois par son histoire et les d\u00e9couvertes qui sont \u00e0 port\u00e9e de doigts.<\/strong><\/span><\/h4>\n<h4><span style=\"color: #008000;\"><strong>Bien avant d&rsquo;\u00eatre un haut lieu Chr\u00e9tien avec le Pape L\u00e9on X qui fit la renomm\u00e9e du Pays, le Dabo a connu une forte pr\u00e9sence Celte, Germaine, puis Romaine. Ces derniers v\u00e9ritables brasseurs de cultures avaient permis le culte de Baal \u00e0 leurs soldats enr\u00f4l\u00e9s dans la L\u00e9gion. Plus loin encore dans le temps avec l&rsquo;Ur Welt, le Dabo a connu une grande \u00e9poque m\u00e9galithique avec ses pierres lev\u00e9es et tumulus. Ils en restent peu car elles ont \u00e9t\u00e9 renvers\u00e9es avec le temps, d\u2019autres ont \u00e9t\u00e9 pr\u00e9lev\u00e9es pour en faire des limites de propri\u00e9t\u00e9s. Pourtant ces lieux d&rsquo;\u00e9nergie ne demandent qu&rsquo;\u00e0 \u00eatre connus.<\/strong><\/span><\/h4>\n<h4><span style=\"color: #008000;\"><strong>Vid\u00e9o de Vogesus \u00ab\u00a0no comment\u00a0\u00bb du 25\/05\/17 MAJ 29\/04\/23<\/strong><\/span><\/h4>\n<div style=\"width: 652px;\" class=\"wp-video\"><video class=\"wp-video-shortcode\" id=\"video-408-1\" width=\"652\" height=\"367\" preload=\"metadata\" controls=\"controls\"><source type=\"video\/mp4\" src=\"http:\/\/vogesus.fr\/wp-content\/uploads\/2017\/05\/Sickertfels-2017-ok.mp4?_=1\" \/><a href=\"http:\/\/vogesus.fr\/wp-content\/uploads\/2017\/05\/Sickertfels-2017-ok.mp4\">http:\/\/vogesus.fr\/wp-content\/uploads\/2017\/05\/Sickertfels-2017-ok.mp4<\/a><\/video><\/div>\n<h4><\/h4>\n<h4><span style=\"color: #008000;\"><strong>Loin d&rsquo;\u00eatre innocente l&rsquo;histoire qui a travers\u00e9 le Dabo a laiss\u00e9 derri\u00e8re elle des contes et des l\u00e9gendes. Sorci\u00e8res, Dragon, Loups et j&rsquo;en passe de meilleurs. Il ne tient qu&rsquo;\u00e0 vous de soulever un c\u00f4t\u00e9 du voile qui recouvre\u00a0tous ces myst\u00e8res.<\/strong><\/span><\/h4>\n<h4><span style=\"color: #008000;\"><strong>Une sortie au Sickertfels sera hautement int\u00e9ressante, y aller est d\u00e9j\u00e0 un plaisir, le chemin qui nous y am\u00e8ne est doux. L\u2019acc\u00e8s au promontoire est surprenant, les parois humides sont parfois recouvertes de salp\u00eatre.<\/strong><\/span><\/h4>\n<h4><span style=\"color: #008000;\"><strong>\u00a0<\/strong><strong>Le Sickertfels, lieu d\u2019\u00e9nergie vous invite \u00e0 la m\u00e9ditation et \u00e0 la tranquillit\u00e9, en certains endroits vous serez un peu chahut\u00e9, en un autre vous y trouverez la paix. Tr\u00e8s vite nous serez amen\u00e9 \u00e0 reconsid\u00e9rer le temps, vos pens\u00e9es avanceront \u00e0 pas de coq. Coq dites-vous\u00a0! Oui, parce que sa petite histoire vous y attend.<\/strong><\/span><\/h4>\n<h4><span style=\"color: #008000;\"><strong>Ce promontoire nous offre \u00e9galement un magnifique point de vue \u00e0 la fois sur le Dabo et sur l\u2019histoire du pays.<\/strong><\/span><\/h4>\n<h4><span style=\"color: #008000;\"><strong>\u00a0<\/strong><strong>C&rsquo;est donc une invitation \u00e0 vivre en pleine nature, un moment qui m\u00e9lange le culturel, la m\u00e9ditation et pourquoi pas un soup\u00e7on d&rsquo;aventure.\u00a0<\/strong><\/span><\/h4>\n<p><span style=\"color: #008000;\"><strong>\u00a9 Vogesus 2020<\/strong><\/span><\/p>\n<h4><span style=\"color: #008000;\">\u00a0Petit conseil : restez le plus longtemps possible dans ce pays, vous verrez combien ensuite le reste du monde vous semblera \u00e9trange<\/span><\/h4>\n<h4><span style=\"color: #008000;\">Cette activit\u00e9 \u00e9tait inscrite dans le programme 2019 Festival Rando-Moselle.<\/span><\/h4>\n<h4><span style=\"color: #008000;\">\u00a0 \u00a0 \u00a0 \u00a0 \u00a0 \u00a0 \u00a0<a style=\"color: #008000;\" href=\"http:\/\/www.randomoselle.com\/les-randos-du-territoire-phalsbourg-chateau-salins-du-9-juin\"> voir le programme du Festival<\/a><\/span><\/h4>\n<p><span style=\"color: #0000ff;\"><img loading=\"lazy\" decoding=\"async\" data-attachment-id=\"132\" data-permalink=\"https:\/\/vogesus.fr\/index.php\/qui-est-andre\/les-conferences\/le-dabo-a-la-croisee-de-lhistoire\/cropped-dabo-etoile_fotor-jpg\/#main\" data-orig-file=\"https:\/\/vogesus.fr\/wp-content\/uploads\/2016\/05\/cropped-Dabo-\u00e9toil\u00e9_Fotor.jpg\" data-orig-size=\"984,242\" data-comments-opened=\"1\" data-image-meta=\"{&quot;aperture&quot;:&quot;0&quot;,&quot;credit&quot;:&quot;&quot;,&quot;camera&quot;:&quot;&quot;,&quot;caption&quot;:&quot;&quot;,&quot;created_timestamp&quot;:&quot;0&quot;,&quot;copyright&quot;:&quot;&quot;,&quot;focal_length&quot;:&quot;0&quot;,&quot;iso&quot;:&quot;0&quot;,&quot;shutter_speed&quot;:&quot;0&quot;,&quot;title&quot;:&quot;&quot;,&quot;orientation&quot;:&quot;0&quot;}\" data-image-title=\"cropped Dabo \u00e9toil\u00e9 Fotor\" data-image-description=\"&lt;p&gt;cropped Dabo \u00e9toil\u00e9 Fotor&lt;\/p&gt;\n\" data-image-caption=\"&lt;p&gt;cropped Dabo \u00e9toil\u00e9 Fotor&lt;\/p&gt;\n\" data-large-file=\"https:\/\/vogesus.fr\/wp-content\/uploads\/2016\/05\/cropped-Dabo-\u00e9toil\u00e9_Fotor.jpg\" class=\"wp-image-132 aligncenter\" src=\"http:\/\/vogesus.fr\/wp-content\/uploads\/2016\/05\/cropped-Dabo-\u00e9toil\u00e9_Fotor-300x74.jpg\" alt=\"cropped-Dabo-\u00e9toil\u00e9_Fotor.jpg\" width=\"494\" height=\"122\" srcset=\"https:\/\/vogesus.fr\/wp-content\/uploads\/2016\/05\/cropped-Dabo-\u00e9toil\u00e9_Fotor-300x74.jpg 300w, https:\/\/vogesus.fr\/wp-content\/uploads\/2016\/05\/cropped-Dabo-\u00e9toil\u00e9_Fotor-768x189.jpg 768w, https:\/\/vogesus.fr\/wp-content\/uploads\/2016\/05\/cropped-Dabo-\u00e9toil\u00e9_Fotor.jpg 984w\" sizes=\"auto, (max-width: 494px) 100vw, 494px\" \/><\/span><\/p>\n<h5 style=\"text-align: center;\"><\/h5>\n","protected":false},"excerpt":{"rendered":"<p>Le Dabo terre myst\u00e9rieuse et combien accueillante se distingue \u00e0 la fois par son histoire et les d\u00e9couvertes qui sont \u00e0 port\u00e9e de doigts. Bien avant d&rsquo;\u00eatre un haut lieu Chr\u00e9tien avec le Pape L\u00e9on X qui fit la renomm\u00e9e du Pays, le Dabo a connu une forte pr\u00e9sence Celte, Germaine, puis Romaine. Ces derniers [&hellip;]<\/p>\n","protected":false},"author":1,"featured_media":0,"parent":169,"menu_order":1,"comment_status":"closed","ping_status":"closed","template":"","meta":{"footnotes":""},"class_list":["post-408","page","type-page","status-publish","hentry"],"aioseo_notices":[],"jetpack_sharing_enabled":true,"jetpack_shortlink":"https:\/\/wp.me\/P7ThE8-6A","jetpack-related-posts":[],"_links":{"self":[{"href":"https:\/\/vogesus.fr\/index.php\/wp-json\/wp\/v2\/pages\/408","targetHints":{"allow":["GET"]}}],"collection":[{"href":"https:\/\/vogesus.fr\/index.php\/wp-json\/wp\/v2\/pages"}],"about":[{"href":"https:\/\/vogesus.fr\/index.php\/wp-json\/wp\/v2\/types\/page"}],"author":[{"embeddable":true,"href":"https:\/\/vogesus.fr\/index.php\/wp-json\/wp\/v2\/users\/1"}],"replies":[{"embeddable":true,"href":"https:\/\/vogesus.fr\/index.php\/wp-json\/wp\/v2\/comments?post=408"}],"version-history":[{"count":24,"href":"https:\/\/vogesus.fr\/index.php\/wp-json\/wp\/v2\/pages\/408\/revisions"}],"predecessor-version":[{"id":2293,"href":"https:\/\/vogesus.fr\/index.php\/wp-json\/wp\/v2\/pages\/408\/revisions\/2293"}],"up":[{"embeddable":true,"href":"https:\/\/vogesus.fr\/index.php\/wp-json\/wp\/v2\/pages\/169"}],"wp:attachment":[{"href":"https:\/\/vogesus.fr\/index.php\/wp-json\/wp\/v2\/media?parent=408"}],"curies":[{"name":"wp","href":"https:\/\/api.w.org\/{rel}","templated":true}]}}