{"id":3037,"date":"2025-12-25T20:55:39","date_gmt":"2025-12-25T19:55:39","guid":{"rendered":"https:\/\/vogesus.fr\/?page_id=3037"},"modified":"2025-12-27T18:18:08","modified_gmt":"2025-12-27T17:18:08","slug":"politique-de-confidentialite","status":"publish","type":"page","link":"https:\/\/vogesus.fr\/index.php\/qui-est-andre\/politique-de-confidentialite\/","title":{"rendered":"Politique de confidentialit\u00e9"},"content":{"rendered":"\n<p>Chez Vogesus.fr, nous respectons votre vie priv\u00e9e et nous nous engageons \u00e0 prot\u00e9ger vos donn\u00e9es personnelles. Cette politique explique quelles informations nous collectons, comment nous les utilisons et vos droits.<\/p>\n\n\n\n<ol class=\"wp-block-list\">\n<li>Donn\u00e9es collect\u00e9es<br>\u2022 Cookies et suivi : Nous utilisons Google Analytics pour comprendre le trafic et am\u00e9liorer le site.<br>\u2022 Formulaires de contact : Les donn\u00e9es que vous envoyez via le formulaire de contact (nom, e-mail, message) sont stock\u00e9es pour r\u00e9pondre \u00e0 vos demandes.<\/li>\n\n\n\n<li>Utilisation des donn\u00e9es<br>\u2022 Analyser le trafic et am\u00e9liorer le site<br>\u2022 R\u00e9pondre aux messages envoy\u00e9s via le formulaire de contact<\/li>\n\n\n\n<li>Partage des donn\u00e9es<br>\u2022 Nous ne vendons ni ne partageons vos donn\u00e9es avec des tiers, sauf pour les services n\u00e9cessaires (ex : Google Analytics)<\/li>\n\n\n\n<li>Cookies<br>\u2022 Les cookies sont utilis\u00e9s pour le suivi statistique et la performance du site<br>\u2022 Vous pouvez accepter ou refuser les cookies via la banni\u00e8re de consentement<\/li>\n\n\n\n<li>Vos droits<br>\u2022 Vous pouvez demander l\u2019acc\u00e8s, la modification ou la suppression de vos donn\u00e9es<br>\u2022 Contact : andre@vogesus.fr<\/li>\n<\/ol>\n","protected":false},"excerpt":{"rendered":"<p>Chez Vogesus.fr, nous respectons votre vie priv\u00e9e et nous nous engageons \u00e0 prot\u00e9ger vos donn\u00e9es personnelles. Cette politique explique quelles informations nous collectons, comment nous les utilisons et vos droits.<\/p>\n","protected":false},"author":1,"featured_media":0,"parent":715,"menu_order":10,"comment_status":"closed","ping_status":"closed","template":"","meta":{"footnotes":""},"class_list":["post-3037","page","type-page","status-publish","hentry"],"aioseo_notices":[],"jetpack_sharing_enabled":true,"jetpack_shortlink":"https:\/\/wp.me\/P7ThE8-MZ","jetpack-related-posts":[],"_links":{"self":[{"href":"https:\/\/vogesus.fr\/index.php\/wp-json\/wp\/v2\/pages\/3037","targetHints":{"allow":["GET"]}}],"collection":[{"href":"https:\/\/vogesus.fr\/index.php\/wp-json\/wp\/v2\/pages"}],"about":[{"href":"https:\/\/vogesus.fr\/index.php\/wp-json\/wp\/v2\/types\/page"}],"author":[{"embeddable":true,"href":"https:\/\/vogesus.fr\/index.php\/wp-json\/wp\/v2\/users\/1"}],"replies":[{"embeddable":true,"href":"https:\/\/vogesus.fr\/index.php\/wp-json\/wp\/v2\/comments?post=3037"}],"version-history":[{"count":1,"href":"https:\/\/vogesus.fr\/index.php\/wp-json\/wp\/v2\/pages\/3037\/revisions"}],"predecessor-version":[{"id":3038,"href":"https:\/\/vogesus.fr\/index.php\/wp-json\/wp\/v2\/pages\/3037\/revisions\/3038"}],"up":[{"embeddable":true,"href":"https:\/\/vogesus.fr\/index.php\/wp-json\/wp\/v2\/pages\/715"}],"wp:attachment":[{"href":"https:\/\/vogesus.fr\/index.php\/wp-json\/wp\/v2\/media?parent=3037"}],"curies":[{"name":"wp","href":"https:\/\/api.w.org\/{rel}","templated":true}]}}