{"id":2999,"date":"2025-11-30T23:15:54","date_gmt":"2025-11-30T22:15:54","guid":{"rendered":"https:\/\/vogesus.fr\/?page_id=2999"},"modified":"2025-12-25T19:07:32","modified_gmt":"2025-12-25T18:07:32","slug":"le-genou","status":"publish","type":"page","link":"https:\/\/vogesus.fr\/index.php\/qui-est-andre\/reportages\/le-genou\/","title":{"rendered":"Le genou comme point d\u2019\u00e9nergie : un \u2018chakra\u2019 chr\u00e9tien ?"},"content":{"rendered":"\n<p class=\"has-vivid-cyan-blue-color has-text-color has-link-color wp-elements-cee0802f0503d74992924ea23d3fe477\"><strong>Le genou est un symbole puissant dans l&rsquo;\u00e9sot\u00e9risme chr\u00e9tien et mystique. Il repr\u00e9sente l&rsquo;humilit\u00e9 et la soumission \u00e0 Dieu. Se mettre \u00e0 genoux est un geste de pri\u00e8re et d&rsquo;adoration, symbolisant l&rsquo;abandon de l&rsquo;ego et l&rsquo;acceptation de la volont\u00e9 divine.<\/strong><\/p>\n\n\n<div class=\"wp-block-image\">\n<figure class=\"alignleft size-full is-resized\"><img loading=\"lazy\" decoding=\"async\" width=\"1024\" height=\"1024\" data-attachment-id=\"3000\" data-permalink=\"https:\/\/vogesus.fr\/index.php\/qui-est-andre\/reportages\/le-genou\/img_3796\/#main\" data-orig-file=\"https:\/\/vogesus.fr\/wp-content\/uploads\/2025\/02\/IMG_3796.webp\" data-orig-size=\"1024,1024\" data-comments-opened=\"1\" data-image-meta=\"{&quot;aperture&quot;:&quot;0&quot;,&quot;credit&quot;:&quot;&quot;,&quot;camera&quot;:&quot;&quot;,&quot;caption&quot;:&quot;&quot;,&quot;created_timestamp&quot;:&quot;0&quot;,&quot;copyright&quot;:&quot;&quot;,&quot;focal_length&quot;:&quot;0&quot;,&quot;iso&quot;:&quot;0&quot;,&quot;shutter_speed&quot;:&quot;0&quot;,&quot;title&quot;:&quot;&quot;,&quot;orientation&quot;:&quot;1&quot;}\" data-image-title=\"Chevalier en pri\u00e8re\" data-image-description=\"&lt;p&gt;Chevalier en pri\u00e8re&lt;\/p&gt;\n\" data-image-caption=\"&lt;p&gt;Chevalier en pri\u00e8re&lt;\/p&gt;\n\" data-large-file=\"https:\/\/vogesus.fr\/wp-content\/uploads\/2025\/02\/IMG_3796.webp\" src=\"https:\/\/vogesus.fr\/wp-content\/uploads\/2025\/02\/IMG_3796.webp\" alt=\"IMG 3796\" class=\"wp-image-3000\" style=\"width:389px;height:auto\" srcset=\"https:\/\/vogesus.fr\/wp-content\/uploads\/2025\/02\/IMG_3796.webp 1024w, https:\/\/vogesus.fr\/wp-content\/uploads\/2025\/02\/IMG_3796-300x300.webp 300w, https:\/\/vogesus.fr\/wp-content\/uploads\/2025\/02\/IMG_3796-150x150.webp 150w, https:\/\/vogesus.fr\/wp-content\/uploads\/2025\/02\/IMG_3796-768x768.webp 768w\" sizes=\"auto, (max-width: 1024px) 100vw, 1024px\" \/><figcaption class=\"wp-element-caption\">Chevalier en pri\u00e8re<\/figcaption><\/figure>\n<\/div>\n\n\n<p class=\"has-vivid-cyan-blue-color has-text-color has-link-color wp-elements-983ade056f4caa5c77f7076b0d3146b4\"><strong>Le genou \u00e9tablit \u00e9galement une connexion avec la Terre et l&rsquo;ancrage spirituel. En touchant le sol, il relie l&rsquo;homme au monde mat\u00e9riel tout en servant de point de transition vers l&rsquo;\u00e9l\u00e9vation spirituelle.<\/strong><\/p>\n\n\n\n<p class=\"has-vivid-cyan-blue-color has-text-color has-link-color wp-elements-e6ed795cd1ac3c739bdae54b60f7dcb5\"><strong>Dans certaines traditions initiatiques, le fait de poser le genou au sol est un geste qui marque la r\u00e9ception d&rsquo;un enseignement ou d&rsquo;une \u00e9nergie spirituelle, comme dans l&rsquo;adoubement chevaleresque ou les rites monastiques. Le genou est alors vu comme un point de transmission et de r\u00e9ceptivit\u00e9.<\/strong><\/p>\n\n\n<div class=\"wp-block-image\">\n<figure class=\"alignright size-full is-resized\"><img decoding=\"async\" src=\"https:\/\/vogesus.fr\/wp-content\/uploads\/2025\/02\/IMG_3799.webp\" alt=\"IMG 3799\" class=\"wp-image-3002\" style=\"width:322px;height:auto\"\/><figcaption class=\"wp-element-caption\">Le genou si\u00e8ge de l&rsquo;\u00e9nergie en mouvement<\/figcaption><\/figure>\n<\/div>\n\n\n<p class=\"has-vivid-cyan-blue-color has-text-color has-link-color wp-elements-941060f61ed6c9d24931ac8bee5b8383\"><strong>Dans la symbolique corporelle chr\u00e9tienne, le genou peut \u00eatre interpr\u00e9t\u00e9 comme le passage entre l&rsquo;action terrestre et la contemplation divine, un point de transition entre la force brute (les jambes) et la soumission \u00e0 Dieu.<\/strong><\/p>\n\n\n\n<p class=\"has-vivid-cyan-blue-color has-text-color has-link-color wp-elements-1cc678249ad53adbd0cee8964135c777\"><strong>Ainsi, le genou occupe une place centrale dans l&rsquo;\u00e9sot\u00e9risme chr\u00e9tien et mystique, repr\u00e9sentant l&rsquo;humilit\u00e9, la connexion avec le divin, la transmission des enseignements spirituels, et le lien entre la sph\u00e8re terrestre et la sph\u00e8re c\u00e9leste.<\/strong><\/p>\n\n\n\n<p>@Vogesus 2025<\/p>\n","protected":false},"excerpt":{"rendered":"<p>Le genou est un symbole puissant dans l&rsquo;\u00e9sot\u00e9risme chr\u00e9tien et mystique. Il repr\u00e9sente l&rsquo;humilit\u00e9 et la soumission \u00e0 Dieu. Se mettre \u00e0 genoux est un geste de pri\u00e8re et d&rsquo;adoration, symbolisant l&rsquo;abandon de l&rsquo;ego et l&rsquo;acceptation de la volont\u00e9 divine. Le genou \u00e9tablit \u00e9galement une connexion avec la Terre et l&rsquo;ancrage spirituel. En touchant le [&hellip;]<\/p>\n","protected":false},"author":1,"featured_media":0,"parent":289,"menu_order":10,"comment_status":"closed","ping_status":"closed","template":"","meta":{"footnotes":""},"class_list":["post-2999","page","type-page","status-publish","hentry"],"aioseo_notices":[],"jetpack_sharing_enabled":true,"jetpack_shortlink":"https:\/\/wp.me\/P7ThE8-Mn","jetpack-related-posts":[],"_links":{"self":[{"href":"https:\/\/vogesus.fr\/index.php\/wp-json\/wp\/v2\/pages\/2999","targetHints":{"allow":["GET"]}}],"collection":[{"href":"https:\/\/vogesus.fr\/index.php\/wp-json\/wp\/v2\/pages"}],"about":[{"href":"https:\/\/vogesus.fr\/index.php\/wp-json\/wp\/v2\/types\/page"}],"author":[{"embeddable":true,"href":"https:\/\/vogesus.fr\/index.php\/wp-json\/wp\/v2\/users\/1"}],"replies":[{"embeddable":true,"href":"https:\/\/vogesus.fr\/index.php\/wp-json\/wp\/v2\/comments?post=2999"}],"version-history":[{"count":3,"href":"https:\/\/vogesus.fr\/index.php\/wp-json\/wp\/v2\/pages\/2999\/revisions"}],"predecessor-version":[{"id":3050,"href":"https:\/\/vogesus.fr\/index.php\/wp-json\/wp\/v2\/pages\/2999\/revisions\/3050"}],"up":[{"embeddable":true,"href":"https:\/\/vogesus.fr\/index.php\/wp-json\/wp\/v2\/pages\/289"}],"wp:attachment":[{"href":"https:\/\/vogesus.fr\/index.php\/wp-json\/wp\/v2\/media?parent=2999"}],"curies":[{"name":"wp","href":"https:\/\/api.w.org\/{rel}","templated":true}]}}