{"id":2620,"date":"2024-10-30T23:55:50","date_gmt":"2024-10-30T22:55:50","guid":{"rendered":"http:\/\/vogesus.fr\/?page_id=2620"},"modified":"2025-12-25T20:46:00","modified_gmt":"2025-12-25T19:46:00","slug":"la-priere","status":"publish","type":"page","link":"https:\/\/vogesus.fr\/index.php\/le-moyen-age-autrement\/la-priere\/","title":{"rendered":"La pri\u00e8re"},"content":{"rendered":"<div class=\"wp-block-image\">\n<figure class=\"alignleft size-full is-resized\"><img loading=\"lazy\" decoding=\"async\" width=\"1024\" height=\"1024\" data-attachment-id=\"2622\" data-permalink=\"https:\/\/vogesus.fr\/index.php\/le-moyen-age-autrement\/la-priere\/img_3449\/#main\" data-orig-file=\"https:\/\/vogesus.fr\/wp-content\/uploads\/2024\/10\/IMG_3449.jpg\" data-orig-size=\"1024,1024\" data-comments-opened=\"1\" data-image-meta=\"{&quot;aperture&quot;:&quot;0&quot;,&quot;credit&quot;:&quot;&quot;,&quot;camera&quot;:&quot;&quot;,&quot;caption&quot;:&quot;&quot;,&quot;created_timestamp&quot;:&quot;0&quot;,&quot;copyright&quot;:&quot;&quot;,&quot;focal_length&quot;:&quot;0&quot;,&quot;iso&quot;:&quot;0&quot;,&quot;shutter_speed&quot;:&quot;0&quot;,&quot;title&quot;:&quot;&quot;,&quot;orientation&quot;:&quot;1&quot;}\" data-image-title=\"Homme en pri\u00e8re\" data-image-description=\"&lt;p&gt;IMG 3449&lt;\/p&gt;\n\" data-image-caption=\"&lt;p&gt;IMG 3449&lt;\/p&gt;\n\" data-large-file=\"https:\/\/vogesus.fr\/wp-content\/uploads\/2024\/10\/IMG_3449.jpg\" src=\"http:\/\/vogesus.fr\/wp-content\/uploads\/2024\/10\/IMG_3449.jpg\" alt=\"\" class=\"wp-image-2622\" style=\"width:354px;height:auto\" srcset=\"https:\/\/vogesus.fr\/wp-content\/uploads\/2024\/10\/IMG_3449.jpg 1024w, https:\/\/vogesus.fr\/wp-content\/uploads\/2024\/10\/IMG_3449-300x300.jpg 300w, https:\/\/vogesus.fr\/wp-content\/uploads\/2024\/10\/IMG_3449-150x150.jpg 150w, https:\/\/vogesus.fr\/wp-content\/uploads\/2024\/10\/IMG_3449-768x768.jpg 768w\" sizes=\"auto, (max-width: 1024px) 100vw, 1024px\" \/><\/figure>\n<\/div>\n\n\n<p class=\"has-vivid-cyan-blue-color has-text-color has-link-color has-medium-font-size wp-elements-1f309e5d49d0cd3694519ffa72893a66\"><strong>Avant que la posture de pri\u00e8re traditionnelle avec les mains paume contre paume ne devienne courante dans le christianisme, les premiers chr\u00e9tiens adoptaient diverses positions pour prier, refl\u00e9tant leur d\u00e9sir de communion avec le divin. Parmi ces postures, plusieurs \u00e9taient fr\u00e9quemment utilis\u00e9es et chaque geste portait une signification profonde. L&rsquo;une des positions les plus en vue \u00e9tait celle des\u00a0mains \u00e9lev\u00e9es. <\/strong><\/p>\n\n\n\n<p class=\"has-vivid-cyan-blue-color has-text-color has-link-color has-medium-font-size wp-elements-8b9a6f7ccf1ae1e6327784eeb4872625\"><strong>Dans des contextes bibliques et antiques, il \u00e9tait courant que les gens prient avec les mains tendues vers le ciel. Ce geste symbolisait une ouverture et une r\u00e9ceptivit\u00e9, mais aussi une soumission \u00e0 Dieu. Dans la Bible, notamment dans 1 Timoth\u00e9e 2:8, Paul invite les fid\u00e8les \u00e0 prier \u00ab\u00a0en \u00e9levant des mains pures\u00a0\u00bb, soulignant ainsi l&rsquo;importance de cette posture. <\/strong><\/p>\n\n\n<div class=\"wp-block-image\">\n<figure class=\"alignright size-full is-resized\"><img loading=\"lazy\" decoding=\"async\" width=\"1024\" height=\"1024\" data-attachment-id=\"2623\" data-permalink=\"https:\/\/vogesus.fr\/index.php\/le-moyen-age-autrement\/la-priere\/img_3450\/#main\" data-orig-file=\"https:\/\/vogesus.fr\/wp-content\/uploads\/2024\/10\/IMG_3450.jpg\" data-orig-size=\"1024,1024\" data-comments-opened=\"1\" data-image-meta=\"{&quot;aperture&quot;:&quot;0&quot;,&quot;credit&quot;:&quot;&quot;,&quot;camera&quot;:&quot;&quot;,&quot;caption&quot;:&quot;&quot;,&quot;created_timestamp&quot;:&quot;0&quot;,&quot;copyright&quot;:&quot;&quot;,&quot;focal_length&quot;:&quot;0&quot;,&quot;iso&quot;:&quot;0&quot;,&quot;shutter_speed&quot;:&quot;0&quot;,&quot;title&quot;:&quot;&quot;,&quot;orientation&quot;:&quot;1&quot;}\" data-image-title=\"D\u00e9votion\" data-image-description=\"&lt;p&gt;IMG 3450&lt;\/p&gt;\n\" data-image-caption=\"&lt;p&gt;IMG 3450&lt;\/p&gt;\n\" data-large-file=\"https:\/\/vogesus.fr\/wp-content\/uploads\/2024\/10\/IMG_3450.jpg\" src=\"http:\/\/vogesus.fr\/wp-content\/uploads\/2024\/10\/IMG_3450.jpg\" alt=\"\" class=\"wp-image-2623\" style=\"width:344px;height:auto\" srcset=\"https:\/\/vogesus.fr\/wp-content\/uploads\/2024\/10\/IMG_3450.jpg 1024w, https:\/\/vogesus.fr\/wp-content\/uploads\/2024\/10\/IMG_3450-300x300.jpg 300w, https:\/\/vogesus.fr\/wp-content\/uploads\/2024\/10\/IMG_3450-150x150.jpg 150w, https:\/\/vogesus.fr\/wp-content\/uploads\/2024\/10\/IMG_3450-768x768.jpg 768w\" sizes=\"auto, (max-width: 1024px) 100vw, 1024px\" \/><\/figure>\n<\/div>\n\n\n<p class=\"has-vivid-cyan-blue-color has-text-color has-link-color has-medium-font-size wp-elements-62ab8442360a1652f6eb79074c122326\"><strong>D&rsquo;autres prieurs optaient pour des\u00a0mains ouvertes, avec les paumes tourn\u00e9es vers le haut. Ce geste, synonyme d&rsquo;accueil ou de demande, t\u00e9moignait d&rsquo;un d\u00e9sir de recevoir les b\u00e9n\u00e9dictions et la gr\u00e2ce divine. Les croyants exprimaient ainsi leur confiance en la g\u00e9n\u00e9rosit\u00e9 de Dieu. <\/strong><\/p>\n\n\n\n<p class=\"has-vivid-cyan-blue-color has-text-color has-link-color has-medium-font-size wp-elements-ef613ab32151a84fa729f6487259556d\"><strong>Une autre posture, bien que moins fr\u00e9quente, consistait \u00e0 placer les\u00a0mains sur la poitrine ou le c\u0153ur. Ce geste r\u00e9v\u00e9lait une attitude de d\u00e9votion ou de repentance, mettant en avant l&rsquo;intimit\u00e9 de la pri\u00e8re et le lien personnel avec le Cr\u00e9ateur. Il traduisait \u00e9galement un moment de recueillement profond. <\/strong><\/p>\n\n\n<div class=\"wp-block-image\">\n<figure class=\"alignleft size-full is-resized\"><img loading=\"lazy\" decoding=\"async\" width=\"1024\" height=\"1024\" data-attachment-id=\"2624\" data-permalink=\"https:\/\/vogesus.fr\/index.php\/le-moyen-age-autrement\/la-priere\/img_3451\/#main\" data-orig-file=\"https:\/\/vogesus.fr\/wp-content\/uploads\/2024\/10\/IMG_3451.jpg\" data-orig-size=\"1024,1024\" data-comments-opened=\"1\" data-image-meta=\"{&quot;aperture&quot;:&quot;0&quot;,&quot;credit&quot;:&quot;&quot;,&quot;camera&quot;:&quot;&quot;,&quot;caption&quot;:&quot;&quot;,&quot;created_timestamp&quot;:&quot;0&quot;,&quot;copyright&quot;:&quot;&quot;,&quot;focal_length&quot;:&quot;0&quot;,&quot;iso&quot;:&quot;0&quot;,&quot;shutter_speed&quot;:&quot;0&quot;,&quot;title&quot;:&quot;&quot;,&quot;orientation&quot;:&quot;1&quot;}\" data-image-title=\"Main ouverte \u00e0 la pri\u00e8re\" data-image-description=\"&lt;p&gt;IMG 3451&lt;\/p&gt;\n\" data-image-caption=\"&lt;p&gt;IMG 3451&lt;\/p&gt;\n\" data-large-file=\"https:\/\/vogesus.fr\/wp-content\/uploads\/2024\/10\/IMG_3451.jpg\" src=\"http:\/\/vogesus.fr\/wp-content\/uploads\/2024\/10\/IMG_3451.jpg\" alt=\"\" class=\"wp-image-2624\" style=\"width:320px;height:auto\" srcset=\"https:\/\/vogesus.fr\/wp-content\/uploads\/2024\/10\/IMG_3451.jpg 1024w, https:\/\/vogesus.fr\/wp-content\/uploads\/2024\/10\/IMG_3451-300x300.jpg 300w, https:\/\/vogesus.fr\/wp-content\/uploads\/2024\/10\/IMG_3451-150x150.jpg 150w, https:\/\/vogesus.fr\/wp-content\/uploads\/2024\/10\/IMG_3451-768x768.jpg 768w\" sizes=\"auto, (max-width: 1024px) 100vw, 1024px\" \/><\/figure>\n<\/div>\n\n\n<p class=\"has-vivid-cyan-blue-color has-text-color has-link-color has-medium-font-size wp-elements-0917b2381aaedc0b6c823ecc6efa5ddd\"><strong>Enfin, certains individus choisissaient de prier avec les\u00a0mains crois\u00e9es, en posant leurs mains sur les \u00e9paules oppos\u00e9es. Cette position, moins courante, repr\u00e9sentait une mani\u00e8re de se fermer aux distractions du monde ext\u00e9rieur, permettant ainsi une concentration plus intense sur l&rsquo;acte de prier. <\/strong><\/p>\n\n\n\n<p class=\"has-vivid-cyan-blue-color has-text-color has-link-color has-medium-font-size wp-elements-c0c6e1b0225fff5f87fd343b277543e8\"><strong>Avec le temps, les rites chr\u00e9tiens \u00e9voluant sous l&rsquo;influence de la liturgie et des pratiques monastiques, la posture de pri\u00e8re avec les mains paume contre paume, souvent appel\u00e9e \u00ab\u00a0orans\u00a0\u00bb, est devenue plus standardis\u00e9e. Cette position est d\u00e9sormais per\u00e7ue comme une expression symbolique d&rsquo;unit\u00e9, tant avec Dieu qu&rsquo;avec la communaut\u00e9 des croyants. <\/strong><\/p>\n\n\n\n<p class=\"has-vivid-cyan-blue-color has-text-color has-link-color has-medium-font-size wp-elements-271284479a11162333d1c188a813d445\"><strong>Ainsi, la mani\u00e8re de prier s&rsquo;est transform\u00e9e, mais elle continue de r\u00e9sonner avec l&rsquo;essence m\u00eame de la foi chr\u00e9tienne : une recherche d&rsquo;intimit\u00e9 et de communion avec le divin. <\/strong><\/p>\n\n\n\n<p class=\"has-vivid-cyan-blue-color has-text-color has-link-color has-medium-font-size wp-elements-98a750812e6db046ee1c964191ffdb95\"><strong>Vogesus le 31\/10\/2024<\/strong><\/p>\n\n\n\n<figure class=\"wp-block-image size-full\"><img loading=\"lazy\" decoding=\"async\" width=\"1024\" height=\"1024\" data-attachment-id=\"2625\" data-permalink=\"https:\/\/vogesus.fr\/index.php\/le-moyen-age-autrement\/la-priere\/img_3452\/#main\" data-orig-file=\"https:\/\/vogesus.fr\/wp-content\/uploads\/2024\/10\/IMG_3452.jpg\" data-orig-size=\"1024,1024\" data-comments-opened=\"1\" data-image-meta=\"{&quot;aperture&quot;:&quot;0&quot;,&quot;credit&quot;:&quot;&quot;,&quot;camera&quot;:&quot;&quot;,&quot;caption&quot;:&quot;&quot;,&quot;created_timestamp&quot;:&quot;0&quot;,&quot;copyright&quot;:&quot;&quot;,&quot;focal_length&quot;:&quot;0&quot;,&quot;iso&quot;:&quot;0&quot;,&quot;shutter_speed&quot;:&quot;0&quot;,&quot;title&quot;:&quot;&quot;,&quot;orientation&quot;:&quot;1&quot;}\" data-image-title=\"Mains en pri\u00e8re\" data-image-description=\"&lt;p&gt;IMG 3452&lt;\/p&gt;\n\" data-image-caption=\"&lt;p&gt;IMG 3452&lt;\/p&gt;\n\" data-large-file=\"https:\/\/vogesus.fr\/wp-content\/uploads\/2024\/10\/IMG_3452.jpg\" src=\"http:\/\/vogesus.fr\/wp-content\/uploads\/2024\/10\/IMG_3452.jpg\" alt=\"\" class=\"wp-image-2625\" srcset=\"https:\/\/vogesus.fr\/wp-content\/uploads\/2024\/10\/IMG_3452.jpg 1024w, https:\/\/vogesus.fr\/wp-content\/uploads\/2024\/10\/IMG_3452-300x300.jpg 300w, https:\/\/vogesus.fr\/wp-content\/uploads\/2024\/10\/IMG_3452-150x150.jpg 150w, https:\/\/vogesus.fr\/wp-content\/uploads\/2024\/10\/IMG_3452-768x768.jpg 768w\" sizes=\"auto, (max-width: 1024px) 100vw, 1024px\" \/><\/figure>\n","protected":false},"excerpt":{"rendered":"<p>Avant que la posture de pri\u00e8re traditionnelle avec les mains paume contre paume ne devienne courante dans le christianisme, les premiers chr\u00e9tiens adoptaient diverses positions pour prier, refl\u00e9tant leur d\u00e9sir de communion avec le divin. Parmi ces postures, plusieurs \u00e9taient fr\u00e9quemment utilis\u00e9es et chaque geste portait une signification profonde. L&rsquo;une des positions les plus en [&hellip;]<\/p>\n","protected":false},"author":1,"featured_media":0,"parent":2283,"menu_order":0,"comment_status":"closed","ping_status":"closed","template":"","meta":{"footnotes":""},"class_list":["post-2620","page","type-page","status-publish","hentry"],"aioseo_notices":[],"jetpack_sharing_enabled":true,"jetpack_shortlink":"https:\/\/wp.me\/P7ThE8-Gg","jetpack-related-posts":[],"_links":{"self":[{"href":"https:\/\/vogesus.fr\/index.php\/wp-json\/wp\/v2\/pages\/2620","targetHints":{"allow":["GET"]}}],"collection":[{"href":"https:\/\/vogesus.fr\/index.php\/wp-json\/wp\/v2\/pages"}],"about":[{"href":"https:\/\/vogesus.fr\/index.php\/wp-json\/wp\/v2\/types\/page"}],"author":[{"embeddable":true,"href":"https:\/\/vogesus.fr\/index.php\/wp-json\/wp\/v2\/users\/1"}],"replies":[{"embeddable":true,"href":"https:\/\/vogesus.fr\/index.php\/wp-json\/wp\/v2\/comments?post=2620"}],"version-history":[{"count":2,"href":"https:\/\/vogesus.fr\/index.php\/wp-json\/wp\/v2\/pages\/2620\/revisions"}],"predecessor-version":[{"id":2626,"href":"https:\/\/vogesus.fr\/index.php\/wp-json\/wp\/v2\/pages\/2620\/revisions\/2626"}],"up":[{"embeddable":true,"href":"https:\/\/vogesus.fr\/index.php\/wp-json\/wp\/v2\/pages\/2283"}],"wp:attachment":[{"href":"https:\/\/vogesus.fr\/index.php\/wp-json\/wp\/v2\/media?parent=2620"}],"curies":[{"name":"wp","href":"https:\/\/api.w.org\/{rel}","templated":true}]}}