{"id":2371,"date":"2023-05-07T17:16:51","date_gmt":"2023-05-07T16:16:51","guid":{"rendered":"http:\/\/vogesus.fr\/?page_id=2371"},"modified":"2025-12-25T20:08:56","modified_gmt":"2025-12-25T19:08:56","slug":"le-voyage-initiatique","status":"publish","type":"page","link":"https:\/\/vogesus.fr\/index.php\/qui-est-andre\/la-cathedrale-saint-etienne-de-metz\/le-voyage-initiatique\/","title":{"rendered":"Le voyage initiatique : du d\u00e9voilement vers l&rsquo;accomplissement spirituel"},"content":{"rendered":"\n<p class=\"has-blush-light-purple-gradient-background has-background\"><strong>Christian JACQ dans son livre \u00ab\u00a0le voyage initiatique ou les 33 degr\u00e9s de la sagesse\u00a0\u00bb nous transmet l&rsquo;enseignement d&rsquo;un ancien ma\u00eetre d&rsquo;oeuvre de la Cath\u00e9drale de Metz qu&rsquo;il a rencontr\u00e9.<\/strong><\/p>\n\n\n\n<p class=\"has-blush-light-purple-gradient-background has-background\"><strong>L&rsquo;illustration de son propos s&rsquo;appuie sur les \u00e9coin\u00e7ons plac\u00e9s de chaque c\u00f4t\u00e9 de l&rsquo;entr\u00e9e de la Cath\u00e9drale, plus pr\u00e9cis\u00e9ment l&rsquo;entr\u00e9e de Notre Dame de la Ronde. <\/strong><\/p>\n\n\n\n<p class=\"has-blush-light-purple-gradient-background has-background\"><strong>Je vous invite \u00e0 \u00e9couter le discours initiatique de le Cath\u00e9drale de Metz, un voyage entre symboles, \u00e9sot\u00e9risme et alchimie. Une approche \u00e0 la fois parall\u00e8le et compl\u00e9mentaire \u00e0 celle du livre <\/strong><\/p>\n\n\n\n<p class=\"has-blush-light-purple-gradient-background has-background\"><strong>Laissez-ou porter par la sagesse d\u00e9livr\u00e9e par ces 37 images de pierres.<\/strong><\/p>\n\n\n\n<figure class=\"wp-block-video\"><video height=\"300\" style=\"aspect-ratio: 534 \/ 300;\" width=\"534\" controls src=\"http:\/\/vogesus.fr\/wp-content\/uploads\/2023\/05\/Cathedrale-de-Metz-4.mp4\"><\/video><\/figure>\n\n\n\n<p class=\"has-blush-light-purple-gradient-background has-background\"><strong>Tous plein de mercis \u00e0 Denis qui m&rsquo;a mis en relation avec Ren\u00e9 qui m&rsquo;a donn\u00e9 l&rsquo;envie d&rsquo;y travailler, \u00e0 Eric qui a rendu les choses possibles \u00e0 Henri qui \u00e9tait de passage \u00e0 Metz, \u00e0 Emmanuel qui a fait le reporter, \u00e0 Marc qui a offert des chocolats belges \u00e0 Claude et \u00e0 tous ceux qui m&rsquo;ont suivi sur ce bout de chemin.<\/strong> <\/p>\n\n\n\n<figure class=\"wp-block-gallery has-nested-images columns-default is-cropped wp-block-gallery-1 is-layout-flex wp-block-gallery-is-layout-flex\">\n<figure class=\"wp-block-image size-large\"><img loading=\"lazy\" decoding=\"async\" width=\"768\" height=\"1024\" data-attachment-id=\"2435\" data-permalink=\"https:\/\/vogesus.fr\/30-img_1874\/\" data-orig-file=\"https:\/\/vogesus.fr\/wp-content\/uploads\/2023\/05\/30-IMG_1874.jpg\" data-orig-size=\"1818,2424\" data-comments-opened=\"1\" data-image-meta=\"{&quot;aperture&quot;:&quot;1.6&quot;,&quot;credit&quot;:&quot;&quot;,&quot;camera&quot;:&quot;iPhone 12 Pro Max&quot;,&quot;caption&quot;:&quot;&quot;,&quot;created_timestamp&quot;:&quot;1675855985&quot;,&quot;copyright&quot;:&quot;&quot;,&quot;focal_length&quot;:&quot;5.1&quot;,&quot;iso&quot;:&quot;32&quot;,&quot;shutter_speed&quot;:&quot;0.0001690045631232&quot;,&quot;title&quot;:&quot;&quot;,&quot;orientation&quot;:&quot;1&quot;}\" data-image-title=\"30 IMG 1874\" data-image-description=\"&lt;p&gt;30 IMG 1874&lt;\/p&gt;\n\" data-image-caption=\"&lt;p&gt;30 IMG 1874&lt;\/p&gt;\n\" data-large-file=\"https:\/\/vogesus.fr\/wp-content\/uploads\/2023\/05\/30-IMG_1874-768x1024.jpg\" data-id=\"2435\" src=\"http:\/\/vogesus.fr\/wp-content\/uploads\/2023\/05\/30-IMG_1874-768x1024.jpg\" alt=\"\" class=\"wp-image-2435\" srcset=\"https:\/\/vogesus.fr\/wp-content\/uploads\/2023\/05\/30-IMG_1874-768x1024.jpg 768w, https:\/\/vogesus.fr\/wp-content\/uploads\/2023\/05\/30-IMG_1874-225x300.jpg 225w, https:\/\/vogesus.fr\/wp-content\/uploads\/2023\/05\/30-IMG_1874-1152x1536.jpg 1152w, https:\/\/vogesus.fr\/wp-content\/uploads\/2023\/05\/30-IMG_1874-1536x2048.jpg 1536w, https:\/\/vogesus.fr\/wp-content\/uploads\/2023\/05\/30-IMG_1874.jpg 1818w\" sizes=\"auto, (max-width: 768px) 100vw, 768px\" \/><figcaption class=\"wp-element-caption\">l&rsquo;Arbre fleuri<\/figcaption><\/figure>\n\n\n\n<figure class=\"wp-block-image size-large\"><img loading=\"lazy\" decoding=\"async\" width=\"806\" height=\"1024\" data-attachment-id=\"2434\" data-permalink=\"https:\/\/vogesus.fr\/1-img_1843\/\" data-orig-file=\"https:\/\/vogesus.fr\/wp-content\/uploads\/2023\/05\/1-IMG_1843-scaled.jpg\" data-orig-size=\"2016,2560\" data-comments-opened=\"1\" data-image-meta=\"{&quot;aperture&quot;:&quot;1.6&quot;,&quot;credit&quot;:&quot;&quot;,&quot;camera&quot;:&quot;iPhone 12 Pro Max&quot;,&quot;caption&quot;:&quot;&quot;,&quot;created_timestamp&quot;:&quot;1675853156&quot;,&quot;copyright&quot;:&quot;&quot;,&quot;focal_length&quot;:&quot;5.1&quot;,&quot;iso&quot;:&quot;32&quot;,&quot;shutter_speed&quot;:&quot;0.00019500780031201&quot;,&quot;title&quot;:&quot;&quot;,&quot;orientation&quot;:&quot;1&quot;}\" data-image-title=\"1 IMG 1843 scaled\" data-image-description=\"&lt;p&gt;1 IMG 1843 scaled&lt;\/p&gt;\n\" data-image-caption=\"&lt;p&gt;1 IMG 1843 scaled&lt;\/p&gt;\n\" data-large-file=\"https:\/\/vogesus.fr\/wp-content\/uploads\/2023\/05\/1-IMG_1843-806x1024.jpg\" data-id=\"2434\" src=\"http:\/\/vogesus.fr\/wp-content\/uploads\/2023\/05\/1-IMG_1843-806x1024.jpg\" alt=\"\" class=\"wp-image-2434\" srcset=\"https:\/\/vogesus.fr\/wp-content\/uploads\/2023\/05\/1-IMG_1843-806x1024.jpg 806w, https:\/\/vogesus.fr\/wp-content\/uploads\/2023\/05\/1-IMG_1843-236x300.jpg 236w, https:\/\/vogesus.fr\/wp-content\/uploads\/2023\/05\/1-IMG_1843-768x975.jpg 768w, https:\/\/vogesus.fr\/wp-content\/uploads\/2023\/05\/1-IMG_1843-1209x1536.jpg 1209w, https:\/\/vogesus.fr\/wp-content\/uploads\/2023\/05\/1-IMG_1843-1612x2048.jpg 1612w, https:\/\/vogesus.fr\/wp-content\/uploads\/2023\/05\/1-IMG_1843-scaled.jpg 2016w\" sizes=\"auto, (max-width: 806px) 100vw, 806px\" \/><figcaption class=\"wp-element-caption\">L&rsquo;Arbre sec<\/figcaption><\/figure>\n<\/figure>\n\n\n\n<p class=\"has-blush-light-purple-gradient-background has-background\"><strong>J&rsquo;aimerai adresser un clin d&rsquo;oeil \u00e0 Christian JACQ qui nous raconte la rencontre tout \u00e0 fait fortuite avec ce Ma\u00eetre d&rsquo;oeuvre. Le hasard n&rsquo;\u00e9tant pas le fruit du seul hasard, celui-ci m&rsquo;a permis de faire une belle rencontre \u00e9galement. Jean Denis \u00e9tait assis comme \u00e0 son habitude devant l&rsquo;entr\u00e9e de la Cath\u00e9drale, son exploit du temps est ponctu\u00e9 par sa vigilance \u00e0 l&rsquo;entr\u00e9e de la Cath\u00e9drale, sa pr\u00e9sence \u00e0 la messe et un rapide passage  au Blondel.<\/strong><\/p>\n\n\n<div class=\"wp-block-image\">\n<figure class=\"alignright size-full\"><img loading=\"lazy\" decoding=\"async\" width=\"227\" height=\"288\" data-attachment-id=\"2382\" data-permalink=\"https:\/\/vogesus.fr\/index.php\/qui-est-andre\/la-cathedrale-saint-etienne-de-metz\/le-voyage-initiatique\/image\/#main\" data-orig-file=\"https:\/\/vogesus.fr\/wp-content\/uploads\/2023\/05\/image.png\" data-orig-size=\"227,288\" data-comments-opened=\"1\" data-image-meta=\"{&quot;aperture&quot;:&quot;0&quot;,&quot;credit&quot;:&quot;&quot;,&quot;camera&quot;:&quot;&quot;,&quot;caption&quot;:&quot;&quot;,&quot;created_timestamp&quot;:&quot;0&quot;,&quot;copyright&quot;:&quot;&quot;,&quot;focal_length&quot;:&quot;0&quot;,&quot;iso&quot;:&quot;0&quot;,&quot;shutter_speed&quot;:&quot;0&quot;,&quot;title&quot;:&quot;&quot;,&quot;orientation&quot;:&quot;0&quot;}\" data-image-title=\"Un ami\" data-image-description=\"&lt;p&gt;image&lt;\/p&gt;\n\" data-image-caption=\"&lt;p&gt;image&lt;\/p&gt;\n\" data-large-file=\"https:\/\/vogesus.fr\/wp-content\/uploads\/2023\/05\/image.png\" src=\"http:\/\/vogesus.fr\/wp-content\/uploads\/2023\/05\/image.png\" alt=\"\" class=\"wp-image-2382\"\/><\/figure>\n<\/div>\n\n\n<p class=\"has-blush-light-purple-gradient-background has-background\"><strong>Je prenais les photos pour r\u00e9aliser la vid\u00e9o, je devais contourner Jean Denis qui voulait me faciliter le passage. Voil\u00e0 que gr\u00e2ce \u00e0 ce  jeu de circonstances, de regards et de sourires \u00e9chang\u00e9s nous avons fait connaissance. <\/strong><\/p>\n\n\n\n<p class=\"has-blush-light-purple-gradient-background has-background\"><strong>A ce moment Jean Denis me pr\u00e9senta la statuaire qui nous entourait ; Saint Cl\u00e9ment avec le Graouly, Saint Arnoul et son anneau, je l&rsquo;ai laiss\u00e9 parl\u00e9 int\u00e9ress\u00e9 que j&rsquo;\u00e9tais&#8230;<\/strong><\/p>\n\n\n\n<p class=\"has-blush-light-purple-gradient-background has-background\"><strong>Puis le moment \u00e9tait venu de nous s\u00e9parer de moins ce que avions cru. Sur le coup de midi je rentre au Blondel pour prendre un plat du jour, Jean Denis \u00e9tait install\u00e9 au centre du restaurant face \u00e0 la porte alors nous avons repris notre histoire.<\/strong><\/p>\n\n\n\n<p class=\"has-blush-light-purple-gradient-background has-background\"><strong>Il m&rsquo;a parl\u00e9 de la vie, de voyages, de rencontres, des temps pass\u00e9s et d&rsquo;histoire d&rsquo;amour&#8230;<\/strong><\/p>\n\n\n\n<p class=\"has-blush-light-purple-gradient-background has-background\"><strong>Alors si deviez aller sur place vous feriez un heureux en disant bonjour \u00e0 Jean Denis de la part d&rsquo;Andr\u00e9. Merci<\/strong><\/p>\n","protected":false},"excerpt":{"rendered":"<p>Christian JACQ dans son livre \u00ab\u00a0le voyage initiatique ou les 33 degr\u00e9s de la sagesse\u00a0\u00bb nous transmet l&rsquo;enseignement d&rsquo;un ancien ma\u00eetre d&rsquo;oeuvre de la Cath\u00e9drale de Metz qu&rsquo;il a rencontr\u00e9. L&rsquo;illustration de son propos s&rsquo;appuie sur les \u00e9coin\u00e7ons plac\u00e9s de chaque c\u00f4t\u00e9 de l&rsquo;entr\u00e9e de la Cath\u00e9drale, plus pr\u00e9cis\u00e9ment l&rsquo;entr\u00e9e de Notre Dame de la [&hellip;]<\/p>\n","protected":false},"author":1,"featured_media":0,"parent":2250,"menu_order":0,"comment_status":"closed","ping_status":"closed","template":"","meta":{"footnotes":""},"class_list":["post-2371","page","type-page","status-publish","hentry"],"aioseo_notices":[],"jetpack_sharing_enabled":true,"jetpack_shortlink":"https:\/\/wp.me\/P7ThE8-Cf","jetpack-related-posts":[],"_links":{"self":[{"href":"https:\/\/vogesus.fr\/index.php\/wp-json\/wp\/v2\/pages\/2371","targetHints":{"allow":["GET"]}}],"collection":[{"href":"https:\/\/vogesus.fr\/index.php\/wp-json\/wp\/v2\/pages"}],"about":[{"href":"https:\/\/vogesus.fr\/index.php\/wp-json\/wp\/v2\/types\/page"}],"author":[{"embeddable":true,"href":"https:\/\/vogesus.fr\/index.php\/wp-json\/wp\/v2\/users\/1"}],"replies":[{"embeddable":true,"href":"https:\/\/vogesus.fr\/index.php\/wp-json\/wp\/v2\/comments?post=2371"}],"version-history":[{"count":13,"href":"https:\/\/vogesus.fr\/index.php\/wp-json\/wp\/v2\/pages\/2371\/revisions"}],"predecessor-version":[{"id":3131,"href":"https:\/\/vogesus.fr\/index.php\/wp-json\/wp\/v2\/pages\/2371\/revisions\/3131"}],"up":[{"embeddable":true,"href":"https:\/\/vogesus.fr\/index.php\/wp-json\/wp\/v2\/pages\/2250"}],"wp:attachment":[{"href":"https:\/\/vogesus.fr\/index.php\/wp-json\/wp\/v2\/media?parent=2371"}],"curies":[{"name":"wp","href":"https:\/\/api.w.org\/{rel}","templated":true}]}}