{"id":2283,"date":"2023-04-29T22:00:45","date_gmt":"2023-04-29T21:00:45","guid":{"rendered":"http:\/\/vogesus.fr\/?page_id=2283"},"modified":"2025-12-25T20:48:46","modified_gmt":"2025-12-25T19:48:46","slug":"le-moyen-age-autrement","status":"publish","type":"page","link":"https:\/\/vogesus.fr\/index.php\/le-moyen-age-autrement\/","title":{"rendered":"LE MOYEN-AGE AUTREMENT&#8230;"},"content":{"rendered":"\n<p class=\"has-vivid-cyan-blue-color has-text-color\"><strong>Nous croiserions ces hommes du moyen-\u00e2ge, les comprendrions-nous, nous comprendraient-ils ? Il faudra attendre Chr\u00e9tien de Troye  n\u00e9 en 1135 pour que naissent les premiers mots de fran\u00e7ais qui plus tard composeront la langue vernaculaire du royaume.<\/strong><\/p>\n\n\n\n<p class=\"has-vivid-cyan-blue-color has-text-color\"><strong> Les dialectes gaulois sont nombreux tant au centre du royaume qu&rsquo;\u00e0 ces fronti\u00e8res chaque pays (comprenez chaque pagus) a ses mots, ses expressions et ses l\u00e9gendes. C&rsquo;est bien un Jarl Viking qui devient Conte des Normands de la Seine et Conte de Rouen en 911 emmenant avec lui la langue des hommes du nord. <\/strong><\/p>\n\n\n\n<p class=\"has-vivid-cyan-blue-color has-text-color\"><strong>Aux fronti\u00e8res de l&rsquo;est se tient le Saint Empire romain germanique, berceau des Carolingien. Au sud-est Rome se meurt et la Papaut\u00e9 grandit. Les \u00e9tats musulmans sont install\u00e9s dans la partie sud de la p\u00e9ninsule ib\u00e9rique, le rayonnement de leurs universit\u00e9s et de leurs penseurs perle au del\u00e0 des Pyr\u00e9n\u00e9es. <\/strong><\/p>\n\n\n\n<p class=\"has-vivid-cyan-blue-color has-text-color\"><strong>Tous les sujets du royaume sont loin d&rsquo;\u00eatre convertis au christianisme et s&rsquo;ils le sont, leurs traditions restent bien vivaces.<\/strong><\/p>\n\n\n\n<p class=\"has-vivid-cyan-blue-color has-text-color\"><strong>Alors le moyen-\u00e2ge se r\u00e9-invente et s&rsquo;inscrit d\u00e9lib\u00e9r\u00e9ment dans sa modernit\u00e9 posant les bases d&rsquo;une nouvelle soci\u00e9t\u00e9 jusqu&rsquo;aux portes de la r\u00e9volution. <\/strong><\/p>\n\n\n\n<p class=\"has-vivid-cyan-blue-color has-text-color\"><strong>En parcourant les prochains articles vous comprendrez qu&rsquo;il se s&rsquo;agit pas que d&rsquo;une diff\u00e9rence linguistique \u00e9galement de culture, de pens\u00e9e et de vision du monde qui nous s\u00e9parent de cette \u00e9poque<\/strong>.<\/p>\n","protected":false},"excerpt":{"rendered":"<p>Nous croiserions ces hommes du moyen-\u00e2ge, les comprendrions-nous, nous comprendraient-ils ? Il faudra attendre Chr\u00e9tien de Troye n\u00e9 en 1135 pour que naissent les premiers mots de fran\u00e7ais qui plus tard composeront la langue vernaculaire du royaume. Les dialectes gaulois sont nombreux tant au centre du royaume qu&rsquo;\u00e0 ces fronti\u00e8res chaque pays (comprenez chaque pagus) [&hellip;]<\/p>\n","protected":false},"author":1,"featured_media":0,"parent":0,"menu_order":4,"comment_status":"closed","ping_status":"closed","template":"","meta":{"jetpack_post_was_ever_published":false,"footnotes":""},"class_list":["post-2283","page","type-page","status-publish","hentry"],"aioseo_notices":[],"jetpack_sharing_enabled":true,"jetpack_shortlink":"https:\/\/wp.me\/P7ThE8-AP","jetpack-related-posts":[],"_links":{"self":[{"href":"https:\/\/vogesus.fr\/index.php\/wp-json\/wp\/v2\/pages\/2283","targetHints":{"allow":["GET"]}}],"collection":[{"href":"https:\/\/vogesus.fr\/index.php\/wp-json\/wp\/v2\/pages"}],"about":[{"href":"https:\/\/vogesus.fr\/index.php\/wp-json\/wp\/v2\/types\/page"}],"author":[{"embeddable":true,"href":"https:\/\/vogesus.fr\/index.php\/wp-json\/wp\/v2\/users\/1"}],"replies":[{"embeddable":true,"href":"https:\/\/vogesus.fr\/index.php\/wp-json\/wp\/v2\/comments?post=2283"}],"version-history":[{"count":1,"href":"https:\/\/vogesus.fr\/index.php\/wp-json\/wp\/v2\/pages\/2283\/revisions"}],"predecessor-version":[{"id":2284,"href":"https:\/\/vogesus.fr\/index.php\/wp-json\/wp\/v2\/pages\/2283\/revisions\/2284"}],"wp:attachment":[{"href":"https:\/\/vogesus.fr\/index.php\/wp-json\/wp\/v2\/media?parent=2283"}],"curies":[{"name":"wp","href":"https:\/\/api.w.org\/{rel}","templated":true}]}}