{"id":2269,"date":"2023-04-29T17:59:01","date_gmt":"2023-04-29T16:59:01","guid":{"rendered":"http:\/\/vogesus.fr\/?page_id=2269"},"modified":"2026-02-03T13:30:42","modified_gmt":"2026-02-03T12:30:42","slug":"les-anges-de-lapocalypse","status":"publish","type":"page","link":"https:\/\/vogesus.fr\/index.php\/qui-est-andre\/la-cathedrale-saint-etienne-de-metz\/les-anges-de-lapocalypse\/","title":{"rendered":"Les Anges de l&rsquo;Apocalypse, annoncent-ils les t\u00e9n\u00e8bres ?"},"content":{"rendered":"\n<p class=\"has-black-color has-blush-light-purple-gradient-background has-text-color has-background\"><strong>Oui les Anges de l&rsquo;Apocalypse sont bien pr\u00e9sents sur l&rsquo;avant droit du portail de Notre Dame de la Ronde<\/strong><\/p>\n\n\n\n<p class=\"has-black-color has-blush-light-purple-gradient-background has-text-color has-background\"><strong>Le texte ci-dessous est extrait du tome 3 de l&rsquo;Apocalypse expliqu\u00e9e par Swedenborg que vous pouvez consulter sur le site de la BNF Gallica<\/strong><\/p>\n\n\n<div class=\"wp-block-image\">\n<figure class=\"alignleft size-large is-resized\"><img loading=\"lazy\" decoding=\"async\" width=\"784\" height=\"1024\" data-attachment-id=\"2263\" data-permalink=\"https:\/\/vogesus.fr\/4-img_1848\/\" data-orig-file=\"https:\/\/vogesus.fr\/wp-content\/uploads\/2023\/04\/4-IMG_1848-scaled.jpg\" data-orig-size=\"1959,2560\" data-comments-opened=\"1\" data-image-meta=\"{&quot;aperture&quot;:&quot;1.6&quot;,&quot;credit&quot;:&quot;&quot;,&quot;camera&quot;:&quot;iPhone 12 Pro Max&quot;,&quot;caption&quot;:&quot;&quot;,&quot;created_timestamp&quot;:&quot;1675853196&quot;,&quot;copyright&quot;:&quot;&quot;,&quot;focal_length&quot;:&quot;5.1&quot;,&quot;iso&quot;:&quot;32&quot;,&quot;shutter_speed&quot;:&quot;0.00042808219178082&quot;,&quot;title&quot;:&quot;&quot;,&quot;orientation&quot;:&quot;1&quot;}\" data-image-title=\"4 IMG 1848 scaled\" data-image-description=\"&lt;p&gt;4 IMG 1848 scaled&lt;\/p&gt;\n\" data-image-caption=\"&lt;p&gt;4 IMG 1848 scaled&lt;\/p&gt;\n\" data-large-file=\"https:\/\/vogesus.fr\/wp-content\/uploads\/2023\/04\/4-IMG_1848-784x1024.jpg\" src=\"http:\/\/vogesus.fr\/wp-content\/uploads\/2023\/04\/4-IMG_1848-784x1024.jpg\" alt=\"\" class=\"wp-image-2263\" style=\"width:287px;height:377px\" srcset=\"https:\/\/vogesus.fr\/wp-content\/uploads\/2023\/04\/4-IMG_1848-784x1024.jpg 784w, https:\/\/vogesus.fr\/wp-content\/uploads\/2023\/04\/4-IMG_1848-230x300.jpg 230w, https:\/\/vogesus.fr\/wp-content\/uploads\/2023\/04\/4-IMG_1848-768x1004.jpg 768w, https:\/\/vogesus.fr\/wp-content\/uploads\/2023\/04\/4-IMG_1848-1175x1536.jpg 1175w, https:\/\/vogesus.fr\/wp-content\/uploads\/2023\/04\/4-IMG_1848-1567x2048.jpg 1567w, https:\/\/vogesus.fr\/wp-content\/uploads\/2023\/04\/4-IMG_1848-scaled.jpg 1959w\" sizes=\"auto, (max-width: 784px) 100vw, 784px\" \/><figcaption class=\"wp-element-caption\">     <strong>Ange de l&rsquo;Apocalypse<\/strong><\/figcaption><\/figure>\n<\/div>\n\n\n<p class=\"has-black-color has-blush-light-purple-gradient-background has-text-color has-background\">.<strong>.. Si quatre Anges furent vus, c&rsquo;est parce que par ceux-ci, qui se tenaient dans les quatre Angles, il est signifi\u00e9 le Divin proc\u00e9dant du Seigneur dans tout le Monde spirituel, car les quatre Plages, \u00e0 savoir, l&rsquo;Orientale, l&rsquo;Occidentale, la M\u00e9ridionale et la Septentrionale, constituent, tout ce Monde, car ce Monde a \u00e9t\u00e9 divis\u00e9 ainsi : Ceux qui sont dans le bien de l&rsquo;amour envers le Seigneur habitent dans la plage Orientale, et habitent aussi dans la plage Occidentale; mais ceux de la plage orientale sont dans le bien de l&rsquo;amour avec clart\u00e9, parce qu&rsquo;ils sont dans le bien int\u00e9rieur, et ceux de la plage occidentale sont dans le bien de l&rsquo;amour avec obscurit\u00e9, parce qu&rsquo;ils sont dans le bien ext\u00e9rieur; dans la plage M\u00e9ridionale habitent ceux qui sont dans une lumi\u00e8re claire du vrai, dans la Septentrionale ceux qui sont dans une lumi\u00e8re obscure du vrai &#8230;<\/strong><\/p>\n\n\n<div class=\"wp-block-image\">\n<figure class=\"alignleft size-large is-resized\"><img loading=\"lazy\" decoding=\"async\" width=\"847\" height=\"1024\" data-attachment-id=\"2264\" data-permalink=\"https:\/\/vogesus.fr\/5-img_1849\/\" data-orig-file=\"https:\/\/vogesus.fr\/wp-content\/uploads\/2023\/04\/5-IMG_1849-scaled.jpg\" data-orig-size=\"2118,2560\" data-comments-opened=\"1\" data-image-meta=\"{&quot;aperture&quot;:&quot;1.6&quot;,&quot;credit&quot;:&quot;&quot;,&quot;camera&quot;:&quot;iPhone 12 Pro Max&quot;,&quot;caption&quot;:&quot;&quot;,&quot;created_timestamp&quot;:&quot;1675853204&quot;,&quot;copyright&quot;:&quot;&quot;,&quot;focal_length&quot;:&quot;5.1&quot;,&quot;iso&quot;:&quot;32&quot;,&quot;shutter_speed&quot;:&quot;0.0027027027027027&quot;,&quot;title&quot;:&quot;&quot;,&quot;orientation&quot;:&quot;1&quot;}\" data-image-title=\"5 \u00e9coin\u00e7on\" data-image-description=\"&lt;p&gt;5 IMG 1849 scaled&lt;\/p&gt;\n\" data-image-caption=\"&lt;p&gt;5 IMG 1849 scaled&lt;\/p&gt;\n\" data-large-file=\"https:\/\/vogesus.fr\/wp-content\/uploads\/2023\/04\/5-IMG_1849-847x1024.jpg\" src=\"http:\/\/vogesus.fr\/wp-content\/uploads\/2023\/04\/5-IMG_1849-847x1024.jpg\" alt=\"\" class=\"wp-image-2264\" style=\"width:313px;height:376px\" srcset=\"https:\/\/vogesus.fr\/wp-content\/uploads\/2023\/04\/5-IMG_1849-847x1024.jpg 847w, https:\/\/vogesus.fr\/wp-content\/uploads\/2023\/04\/5-IMG_1849-248x300.jpg 248w, https:\/\/vogesus.fr\/wp-content\/uploads\/2023\/04\/5-IMG_1849-768x928.jpg 768w, https:\/\/vogesus.fr\/wp-content\/uploads\/2023\/04\/5-IMG_1849-1271x1536.jpg 1271w, https:\/\/vogesus.fr\/wp-content\/uploads\/2023\/04\/5-IMG_1849-1695x2048.jpg 1695w\" sizes=\"auto, (max-width: 847px) 100vw, 847px\" \/><figcaption class=\"wp-element-caption\">         <strong>Ange de l&rsquo;Apocalypse<\/strong><\/figcaption><\/figure>\n<\/div>\n\n\n<p class=\"has-black-color has-blush-light-purple-gradient-background has-text-color has-background\"><strong>Les quatre Anges comment\u00e9s par Swedenborg sont ceux de l&rsquo;apocalypse qui retiennent les vents, ils se situent dans un plan spirituel pr\u00eats \u00e0 souffler sur le \u00ab\u00a0mal\u00a0\u00bb (pardonnez moi ce raccourci) <\/strong><\/p>\n\n\n<div class=\"wp-block-image\">\n<figure class=\"alignright size-large is-resized\"><img loading=\"lazy\" decoding=\"async\" width=\"837\" height=\"1024\" data-attachment-id=\"2265\" data-permalink=\"https:\/\/vogesus.fr\/6-img_1850\/\" data-orig-file=\"https:\/\/vogesus.fr\/wp-content\/uploads\/2023\/04\/6-IMG_1850-scaled.jpg\" data-orig-size=\"2091,2560\" data-comments-opened=\"1\" data-image-meta=\"{&quot;aperture&quot;:&quot;1.6&quot;,&quot;credit&quot;:&quot;&quot;,&quot;camera&quot;:&quot;iPhone 12 Pro Max&quot;,&quot;caption&quot;:&quot;&quot;,&quot;created_timestamp&quot;:&quot;1675853220&quot;,&quot;copyright&quot;:&quot;&quot;,&quot;focal_length&quot;:&quot;5.1&quot;,&quot;iso&quot;:&quot;32&quot;,&quot;shutter_speed&quot;:&quot;0.0030395136778116&quot;,&quot;title&quot;:&quot;&quot;,&quot;orientation&quot;:&quot;1&quot;}\" data-image-title=\"6 \u00e9coin\u00e7on\" data-image-description=\"&lt;p&gt;6 IMG 1850 scaled&lt;\/p&gt;\n\" data-image-caption=\"&lt;p&gt;6 IMG 1850 scaled&lt;\/p&gt;\n\" data-large-file=\"https:\/\/vogesus.fr\/wp-content\/uploads\/2023\/04\/6-IMG_1850-837x1024.jpg\" src=\"http:\/\/vogesus.fr\/wp-content\/uploads\/2023\/04\/6-IMG_1850-837x1024.jpg\" alt=\"\" class=\"wp-image-2265\" style=\"width:220px;height:268px\" srcset=\"https:\/\/vogesus.fr\/wp-content\/uploads\/2023\/04\/6-IMG_1850-837x1024.jpg 837w, https:\/\/vogesus.fr\/wp-content\/uploads\/2023\/04\/6-IMG_1850-245x300.jpg 245w, https:\/\/vogesus.fr\/wp-content\/uploads\/2023\/04\/6-IMG_1850-768x940.jpg 768w, https:\/\/vogesus.fr\/wp-content\/uploads\/2023\/04\/6-IMG_1850-1255x1536.jpg 1255w, https:\/\/vogesus.fr\/wp-content\/uploads\/2023\/04\/6-IMG_1850-1673x2048.jpg 1673w\" sizes=\"auto, (max-width: 837px) 100vw, 837px\" \/><figcaption class=\"wp-element-caption\">     <strong>Ange de l&rsquo;Apocalypse<\/strong><\/figcaption><\/figure>\n<\/div>\n\n\n<p class=\"has-black-color has-blush-light-purple-gradient-background has-text-color has-background\"><strong>Ces quatre Anges sont dispos\u00e9s \u00e0 c\u00f4t\u00e9 des \u00e9coin\u00e7ons qui portent les symboles des quatre \u00e9l\u00e9ments, le feu, l&rsquo;eau, l&rsquo;air et la terre rapprochant directement le monde d&rsquo;en haut \u00e0 celui d&rsquo;en bas qui sont plac\u00e9s sous le m\u00eame signe de la justice divine. <\/strong><\/p>\n","protected":false},"excerpt":{"rendered":"<p>Oui les Anges de l&rsquo;Apocalypse sont bien pr\u00e9sents sur l&rsquo;avant droit du portail de Notre Dame de la Ronde Le texte ci-dessous est extrait du tome 3 de l&rsquo;Apocalypse expliqu\u00e9e par Swedenborg que vous pouvez consulter sur le site de la BNF Gallica &#8230; Si quatre Anges furent vus, c&rsquo;est parce que par ceux-ci, qui [&hellip;]<\/p>\n","protected":false},"author":1,"featured_media":0,"parent":2250,"menu_order":3,"comment_status":"closed","ping_status":"closed","template":"","meta":{"footnotes":""},"class_list":["post-2269","page","type-page","status-publish","hentry"],"aioseo_notices":[],"jetpack_sharing_enabled":true,"jetpack_shortlink":"https:\/\/wp.me\/P7ThE8-AB","jetpack-related-posts":[],"_links":{"self":[{"href":"https:\/\/vogesus.fr\/index.php\/wp-json\/wp\/v2\/pages\/2269","targetHints":{"allow":["GET"]}}],"collection":[{"href":"https:\/\/vogesus.fr\/index.php\/wp-json\/wp\/v2\/pages"}],"about":[{"href":"https:\/\/vogesus.fr\/index.php\/wp-json\/wp\/v2\/types\/page"}],"author":[{"embeddable":true,"href":"https:\/\/vogesus.fr\/index.php\/wp-json\/wp\/v2\/users\/1"}],"replies":[{"embeddable":true,"href":"https:\/\/vogesus.fr\/index.php\/wp-json\/wp\/v2\/comments?post=2269"}],"version-history":[{"count":5,"href":"https:\/\/vogesus.fr\/index.php\/wp-json\/wp\/v2\/pages\/2269\/revisions"}],"predecessor-version":[{"id":3347,"href":"https:\/\/vogesus.fr\/index.php\/wp-json\/wp\/v2\/pages\/2269\/revisions\/3347"}],"up":[{"embeddable":true,"href":"https:\/\/vogesus.fr\/index.php\/wp-json\/wp\/v2\/pages\/2250"}],"wp:attachment":[{"href":"https:\/\/vogesus.fr\/index.php\/wp-json\/wp\/v2\/media?parent=2269"}],"curies":[{"name":"wp","href":"https:\/\/api.w.org\/{rel}","templated":true}]}}