{"id":2243,"date":"2023-04-28T18:02:21","date_gmt":"2023-04-28T17:02:21","guid":{"rendered":"http:\/\/vogesus.fr\/?page_id=2243"},"modified":"2026-02-03T13:32:07","modified_gmt":"2026-02-03T12:32:07","slug":"vezelay-lexpression-du-moyen-age","status":"publish","type":"page","link":"https:\/\/vogesus.fr\/index.php\/qui-est-andre\/le-portail-de-la-basilique-de-vezelay\/vezelay-lexpression-du-moyen-age\/","title":{"rendered":"V\u00e9zelay une histoire qui remonte aux Celtes"},"content":{"rendered":"<div class=\"wp-block-image\">\n<figure class=\"alignleft size-large is-resized\"><img loading=\"lazy\" decoding=\"async\" data-attachment-id=\"2407\" data-permalink=\"https:\/\/vogesus.fr\/index.php\/qui-est-andre\/le-portail-de-la-basilique-de-vezelay\/vezelay-lexpression-du-moyen-age\/image-2\/#main\" data-orig-file=\"https:\/\/vogesus.fr\/wp-content\/uploads\/2023\/05\/image-2.png\" data-orig-size=\"1959,2252\" data-comments-opened=\"1\" data-image-meta=\"{&quot;aperture&quot;:&quot;0&quot;,&quot;credit&quot;:&quot;&quot;,&quot;camera&quot;:&quot;&quot;,&quot;caption&quot;:&quot;&quot;,&quot;created_timestamp&quot;:&quot;0&quot;,&quot;copyright&quot;:&quot;&quot;,&quot;focal_length&quot;:&quot;0&quot;,&quot;iso&quot;:&quot;0&quot;,&quot;shutter_speed&quot;:&quot;0&quot;,&quot;title&quot;:&quot;&quot;,&quot;orientation&quot;:&quot;0&quot;}\" data-image-title=\"Crypte V\u00e9zelay\" data-image-description=\"&lt;p&gt;image 2&lt;\/p&gt;\n\" data-image-caption=\"&lt;p&gt;image 2&lt;\/p&gt;\n\" data-large-file=\"https:\/\/vogesus.fr\/wp-content\/uploads\/2023\/05\/image-2-891x1024.png\" src=\"http:\/\/vogesus.fr\/wp-content\/uploads\/2023\/05\/image-2-891x1024.png\" alt=\"\" class=\"wp-image-2407\" width=\"279\" height=\"320\" srcset=\"https:\/\/vogesus.fr\/wp-content\/uploads\/2023\/05\/image-2-891x1024.png 891w, https:\/\/vogesus.fr\/wp-content\/uploads\/2023\/05\/image-2-261x300.png 261w, https:\/\/vogesus.fr\/wp-content\/uploads\/2023\/05\/image-2-768x883.png 768w, https:\/\/vogesus.fr\/wp-content\/uploads\/2023\/05\/image-2-1336x1536.png 1336w, https:\/\/vogesus.fr\/wp-content\/uploads\/2023\/05\/image-2-1782x2048.png 1782w, https:\/\/vogesus.fr\/wp-content\/uploads\/2023\/05\/image-2.png 1959w\" sizes=\"auto, (max-width: 279px) 100vw, 279px\" \/><figcaption class=\"wp-element-caption\">             <strong>Crypte de V\u00e9zelay<\/strong><\/figcaption><\/figure>\n<\/div>\n\n\n<p class=\"has-black-color has-blush-light-purple-gradient-background has-text-color has-background\"><strong>Remontons au haut moyen-\u00e2ge o\u00f9 tant de traditions s&rsquo;entrem\u00ealent, l&rsquo;histoire de V\u00e9zelay en est un t\u00e9moin vivant, haut lieu sacr\u00e9 bien avant la christianisation. Celtes, Romains et Vikings ont impr\u00e9gn\u00e9 cette terre de leur culture les uns ont toujours \u00e9t\u00e9 l\u00e0 d&rsquo;autres sont venus en conqu\u00e9rants et enfin les derniers ont remont\u00e9 l&rsquo;Yonne en 887 encore apr\u00e8s JC<\/strong>. <strong>Les croyances pa\u00efennes \u00e9taient bien pr\u00e9sentes jusqu&rsquo;en l&rsquo;an mille<\/strong><\/p>\n\n\n\n<figure class=\"wp-block-video\"><video height=\"554\" style=\"aspect-ratio: 984 \/ 554;\" width=\"984\" controls src=\"http:\/\/vogesus.fr\/wp-content\/uploads\/2022\/12\/Introduction.mp4\"><\/video><figcaption class=\"wp-element-caption\">Propos introductif \u00e0 la pr\u00e9sentation de la Basilique de V\u00e9zelay<\/figcaption><\/figure>\n","protected":false},"excerpt":{"rendered":"<p>Remontons au haut moyen-\u00e2ge o\u00f9 tant de traditions s&rsquo;entrem\u00ealent, l&rsquo;histoire de V\u00e9zelay en est un t\u00e9moin vivant, haut lieu sacr\u00e9 bien avant la christianisation. Celtes, Romains et Vikings ont impr\u00e9gn\u00e9 cette terre de leur culture les uns ont toujours \u00e9t\u00e9 l\u00e0 d&rsquo;autres sont venus en conqu\u00e9rants et enfin les derniers ont remont\u00e9 l&rsquo;Yonne en 887 [&hellip;]<\/p>\n","protected":false},"author":1,"featured_media":0,"parent":2153,"menu_order":1,"comment_status":"closed","ping_status":"closed","template":"","meta":{"footnotes":""},"class_list":["post-2243","page","type-page","status-publish","hentry"],"aioseo_notices":[],"jetpack_sharing_enabled":true,"jetpack_shortlink":"https:\/\/wp.me\/P7ThE8-Ab","jetpack-related-posts":[],"_links":{"self":[{"href":"https:\/\/vogesus.fr\/index.php\/wp-json\/wp\/v2\/pages\/2243","targetHints":{"allow":["GET"]}}],"collection":[{"href":"https:\/\/vogesus.fr\/index.php\/wp-json\/wp\/v2\/pages"}],"about":[{"href":"https:\/\/vogesus.fr\/index.php\/wp-json\/wp\/v2\/types\/page"}],"author":[{"embeddable":true,"href":"https:\/\/vogesus.fr\/index.php\/wp-json\/wp\/v2\/users\/1"}],"replies":[{"embeddable":true,"href":"https:\/\/vogesus.fr\/index.php\/wp-json\/wp\/v2\/comments?post=2243"}],"version-history":[{"count":8,"href":"https:\/\/vogesus.fr\/index.php\/wp-json\/wp\/v2\/pages\/2243\/revisions"}],"predecessor-version":[{"id":3348,"href":"https:\/\/vogesus.fr\/index.php\/wp-json\/wp\/v2\/pages\/2243\/revisions\/3348"}],"up":[{"embeddable":true,"href":"https:\/\/vogesus.fr\/index.php\/wp-json\/wp\/v2\/pages\/2153"}],"wp:attachment":[{"href":"https:\/\/vogesus.fr\/index.php\/wp-json\/wp\/v2\/media?parent=2243"}],"curies":[{"name":"wp","href":"https:\/\/api.w.org\/{rel}","templated":true}]}}