{"id":2207,"date":"2023-03-22T17:17:19","date_gmt":"2023-03-22T16:17:19","guid":{"rendered":"http:\/\/vogesus.fr\/?page_id=2207"},"modified":"2023-04-30T14:48:55","modified_gmt":"2023-04-30T13:48:55","slug":"une-nuit-sur-un-lieu-sacre-des-vosges","status":"publish","type":"page","link":"https:\/\/vogesus.fr\/index.php\/qui-est-andre\/les-conferences\/histoires-vraies-selon-vogesus\/une-nuit-sur-un-lieu-sacre-des-vosges\/","title":{"rendered":"Une nuit sur un lieu sacr\u00e9 des Vosges"},"content":{"rendered":"\n<p class=\"has-vivid-purple-color has-text-color\"><strong>Tant de marcheurs traversent les for\u00eats comme autant de touristes visitent une cath\u00e9drale en faisant des photos avec leur t\u00e9l\u00e9phone. Les uns munis de leur b\u00e2tons ne retenant que les kilom\u00e8tres parcourus les autres d\u00e9j\u00e0 en qu\u00eate d&rsquo;images dont peut-\u00eatre ils ne se souviendront plus.<\/strong><\/p>\n\n\n\n<p class=\"has-vivid-purple-color has-text-color\"><strong>Pourtant le sacr\u00e9 est bien proche de nous \u00e0 la fois discret et intense.<\/strong><\/p>\n\n\n\n<p class=\"has-vivid-purple-color has-text-color\"><strong>L&rsquo;acc\u00e8s \u00e0 cette dimension est progressive avec une lente pr\u00e9paration int\u00e9rieure appelant l&rsquo;\u00eatre \u00e0 se mettre en disposition pour s&rsquo;ouvrir \u00e0 plus grand que lui.<\/strong><\/p>\n\n\n\n<p class=\"has-vivid-purple-color has-text-color\"><strong>Voil\u00e0 l&rsquo;histoire de 3 amis lors d&rsquo;une nuit pass\u00e9e en for\u00eat. Le temps d&rsquo;oublier leur pr\u00e9occupation du quotidien avec son stress, de d\u00e9gager les \u00e9nergies inutiles, de se poser et d&rsquo;attendre la nuit. Puis est venu le dernier moment o\u00f9 ce qui les tenait encore au monde mat\u00e9riel s&rsquo;est effiloch\u00e9. Alors tout \u00e0 basculer et ne se reproduira plus jamais&#8230; <\/strong><\/p>\n\n\n\n<figure class=\"wp-block-video\"><video height=\"234\" style=\"aspect-ratio: 416 \/ 234;\" width=\"416\" controls src=\"http:\/\/vogesus.fr\/wp-content\/uploads\/2023\/03\/Les-3-amis.mp4\"><\/video><\/figure>\n\n\n\n<p>Production Vogesus 20\/03\/23 Image Vogesus Musique libre de droit Sinister Cathedral &#8211; Asher Fulero.mp3 Vid\u00e9o de nuit libre de droit Pixabay<\/p>\n","protected":false},"excerpt":{"rendered":"<p>Tant de marcheurs traversent les for\u00eats comme autant de touristes visitent une cath\u00e9drale en faisant des photos avec leur t\u00e9l\u00e9phone. Les uns munis de leur b\u00e2tons ne retenant que les kilom\u00e8tres parcourus les autres d\u00e9j\u00e0 en qu\u00eate d&rsquo;images dont peut-\u00eatre ils ne se souviendront plus. Pourtant le sacr\u00e9 est bien proche de nous \u00e0 la [&hellip;]<\/p>\n","protected":false},"author":1,"featured_media":0,"parent":2324,"menu_order":2,"comment_status":"closed","ping_status":"closed","template":"","meta":{"footnotes":""},"class_list":["post-2207","page","type-page","status-publish","hentry"],"aioseo_notices":[],"jetpack_sharing_enabled":true,"jetpack_shortlink":"https:\/\/wp.me\/P7ThE8-zB","jetpack-related-posts":[],"_links":{"self":[{"href":"https:\/\/vogesus.fr\/index.php\/wp-json\/wp\/v2\/pages\/2207","targetHints":{"allow":["GET"]}}],"collection":[{"href":"https:\/\/vogesus.fr\/index.php\/wp-json\/wp\/v2\/pages"}],"about":[{"href":"https:\/\/vogesus.fr\/index.php\/wp-json\/wp\/v2\/types\/page"}],"author":[{"embeddable":true,"href":"https:\/\/vogesus.fr\/index.php\/wp-json\/wp\/v2\/users\/1"}],"replies":[{"embeddable":true,"href":"https:\/\/vogesus.fr\/index.php\/wp-json\/wp\/v2\/comments?post=2207"}],"version-history":[{"count":1,"href":"https:\/\/vogesus.fr\/index.php\/wp-json\/wp\/v2\/pages\/2207\/revisions"}],"predecessor-version":[{"id":2208,"href":"https:\/\/vogesus.fr\/index.php\/wp-json\/wp\/v2\/pages\/2207\/revisions\/2208"}],"up":[{"embeddable":true,"href":"https:\/\/vogesus.fr\/index.php\/wp-json\/wp\/v2\/pages\/2324"}],"wp:attachment":[{"href":"https:\/\/vogesus.fr\/index.php\/wp-json\/wp\/v2\/media?parent=2207"}],"curies":[{"name":"wp","href":"https:\/\/api.w.org\/{rel}","templated":true}]}}