{"id":2199,"date":"2023-04-29T17:47:00","date_gmt":"2023-04-29T16:47:00","guid":{"rendered":"http:\/\/vogesus.fr\/?page_id=2199"},"modified":"2025-12-25T19:06:51","modified_gmt":"2025-12-25T18:06:51","slug":"la-lune-et-le-soleil-alchimiques","status":"publish","type":"page","link":"https:\/\/vogesus.fr\/index.php\/qui-est-andre\/la-cathedrale-saint-etienne-de-metz\/la-lune-et-le-soleil-alchimiques\/","title":{"rendered":"La lune et le soleil, des principes alchimiques"},"content":{"rendered":"<div class=\"wp-block-image\">\n<figure class=\"alignleft size-large is-resized\"><img loading=\"lazy\" decoding=\"async\" data-attachment-id=\"2201\" data-permalink=\"https:\/\/vogesus.fr\/14-img_1858\/\" data-orig-file=\"https:\/\/vogesus.fr\/wp-content\/uploads\/2023\/02\/14-IMG_1858-scaled.jpg\" data-orig-size=\"2560,2024\" data-comments-opened=\"1\" data-image-meta=\"{&quot;aperture&quot;:&quot;1.6&quot;,&quot;credit&quot;:&quot;&quot;,&quot;camera&quot;:&quot;iPhone 12 Pro Max&quot;,&quot;caption&quot;:&quot;&quot;,&quot;created_timestamp&quot;:&quot;1675855881&quot;,&quot;copyright&quot;:&quot;&quot;,&quot;focal_length&quot;:&quot;5.1&quot;,&quot;iso&quot;:&quot;32&quot;,&quot;shutter_speed&quot;:&quot;0.00033300033300033&quot;,&quot;title&quot;:&quot;&quot;,&quot;orientation&quot;:&quot;1&quot;}\" data-image-title=\"14 \u00e9coin\u00e7on\" data-image-description=\"&lt;p&gt;14 IMG 1858 scaled&lt;\/p&gt;\n\" data-image-caption=\"&lt;p&gt;14 IMG 1858 scaled&lt;\/p&gt;\n\" data-large-file=\"https:\/\/vogesus.fr\/wp-content\/uploads\/2023\/02\/14-IMG_1858-1024x810.jpg\" src=\"http:\/\/vogesus.fr\/wp-content\/uploads\/2023\/02\/14-IMG_1858-1024x810.jpg\" alt=\"\" class=\"wp-image-2201\" width=\"312\" height=\"247\" srcset=\"https:\/\/vogesus.fr\/wp-content\/uploads\/2023\/02\/14-IMG_1858-1024x810.jpg 1024w, https:\/\/vogesus.fr\/wp-content\/uploads\/2023\/02\/14-IMG_1858-300x237.jpg 300w, https:\/\/vogesus.fr\/wp-content\/uploads\/2023\/02\/14-IMG_1858-768x607.jpg 768w, https:\/\/vogesus.fr\/wp-content\/uploads\/2023\/02\/14-IMG_1858-1536x1214.jpg 1536w, https:\/\/vogesus.fr\/wp-content\/uploads\/2023\/02\/14-IMG_1858-2048x1619.jpg 2048w\" sizes=\"auto, (max-width: 312px) 100vw, 312px\" \/><figcaption class=\"wp-element-caption\">                   <strong>Lune alchimie<\/strong><\/figcaption><\/figure>\n<\/div>\n\n\n<p class=\"has-black-color has-blush-light-purple-gradient-background has-text-color has-background\"><strong>Au portail de la Vierge \u00e0 l&rsquo;entr\u00e9e de Notre Dame de la Ronde en la Cath\u00e9drale de Metz deux \u00e9coin\u00e7ons pr\u00e9sentent \u00e0 gauche un Ange portant le soleil et \u00e0 droite un Ange portant la lune alchimique.<\/strong> <\/p>\n\n\n\n<p class=\"has-black-color has-blush-light-purple-gradient-background has-text-color has-background\"><strong>Ils se tiennent en d\u00e9but d&rsquo;une ligne d&rsquo;\u00e9coin\u00e7ons portant chacun des symboles dont certains se rapportent aux Quatre Fleuves du paradis et aux Quatre Vents de l&rsquo;apocalypse. Leur pr\u00e9sence donne une inclination symbolique au message qui est d\u00e9livr\u00e9 par l&rsquo;ensemble des gravures, il s&rsquo;agit de Lumi\u00e8re et de lumi\u00e8re. Lumi\u00e8re int\u00e9rieure et lumi\u00e8re ext\u00e9rieure qui peuvent \u00eatre associ\u00e9s \u00e0 des actes ou des intentions.<\/strong><\/p>\n\n\n<div class=\"wp-block-image\">\n<figure class=\"alignright size-large is-resized\"><img loading=\"lazy\" decoding=\"async\" data-attachment-id=\"2202\" data-permalink=\"https:\/\/vogesus.fr\/17-mg_1860\/\" data-orig-file=\"https:\/\/vogesus.fr\/wp-content\/uploads\/2023\/02\/17-MG_1860.jpg\" data-orig-size=\"2419,2085\" data-comments-opened=\"1\" data-image-meta=\"{&quot;aperture&quot;:&quot;1.6&quot;,&quot;credit&quot;:&quot;&quot;,&quot;camera&quot;:&quot;iPhone 12 Pro Max&quot;,&quot;caption&quot;:&quot;&quot;,&quot;created_timestamp&quot;:&quot;1675855902&quot;,&quot;copyright&quot;:&quot;&quot;,&quot;focal_length&quot;:&quot;5.1&quot;,&quot;iso&quot;:&quot;32&quot;,&quot;shutter_speed&quot;:&quot;0.0026737967914439&quot;,&quot;title&quot;:&quot;&quot;,&quot;orientation&quot;:&quot;1&quot;}\" data-image-title=\"17 \u00e9coio\u00e7on\" data-image-description=\"&lt;p&gt;17 MG 1860&lt;\/p&gt;\n\" data-image-caption=\"&lt;p&gt;17 MG 1860&lt;\/p&gt;\n\" data-large-file=\"https:\/\/vogesus.fr\/wp-content\/uploads\/2023\/02\/17-MG_1860-1024x883.jpg\" src=\"http:\/\/vogesus.fr\/wp-content\/uploads\/2023\/02\/17-MG_1860-1024x883.jpg\" alt=\"\" class=\"wp-image-2202\" width=\"280\" height=\"241\" srcset=\"https:\/\/vogesus.fr\/wp-content\/uploads\/2023\/02\/17-MG_1860-1024x883.jpg 1024w, https:\/\/vogesus.fr\/wp-content\/uploads\/2023\/02\/17-MG_1860-300x259.jpg 300w, https:\/\/vogesus.fr\/wp-content\/uploads\/2023\/02\/17-MG_1860-768x662.jpg 768w, https:\/\/vogesus.fr\/wp-content\/uploads\/2023\/02\/17-MG_1860-1536x1324.jpg 1536w, https:\/\/vogesus.fr\/wp-content\/uploads\/2023\/02\/17-MG_1860-2048x1765.jpg 2048w\" sizes=\"auto, (max-width: 280px) 100vw, 280px\" \/><figcaption class=\"wp-element-caption\">              <strong>Soleil alchimie<\/strong><\/figcaption><\/figure>\n<\/div>\n\n\n<p class=\"has-black-color has-blush-light-purple-gradient-background has-text-color has-background\"><strong>Le soleil de par son inspiration divine se rapporte au sacr\u00e9 que chacun peut rapporter \u00e0 ses actes et \u00e0 ses intentions, la lune illustrerait ainsi tous les actes de bienveillance dans le monde profane<\/strong><\/p>\n\n\n\n<p class=\"has-black-color has-blush-light-purple-gradient-background has-text-color has-background\"><strong> Ce discours est confirm\u00e9 par la pr\u00e9sence du Lion l&rsquo;une des figures de Christ du c\u00f4t\u00e9 du soleil et \u00e0 droite c\u00f4t\u00e9 lune par les quatre \u00e9l\u00e9ments \u00e0 savoir le feu, l&rsquo;eau, l&rsquo;air et la terre. Toujours du c\u00f4t\u00e9 de l&rsquo;\u00e9coin\u00e7on portant le soleil sont dispos\u00e9s le p\u00e9lican et le ph\u00e9nix figurant Christ sauveur de l&rsquo;humanit\u00e9 et vainqueur de la mort.<\/strong><\/p>\n","protected":false},"excerpt":{"rendered":"<p>Au portail de la Vierge \u00e0 l&rsquo;entr\u00e9e de Notre Dame de la Ronde en la Cath\u00e9drale de Metz deux \u00e9coin\u00e7ons pr\u00e9sentent \u00e0 gauche un Ange portant le soleil et \u00e0 droite un Ange portant la lune alchimique. Ils se tiennent en d\u00e9but d&rsquo;une ligne d&rsquo;\u00e9coin\u00e7ons portant chacun des symboles dont certains se rapportent aux Quatre [&hellip;]<\/p>\n","protected":false},"author":1,"featured_media":0,"parent":2250,"menu_order":2,"comment_status":"closed","ping_status":"closed","template":"","meta":{"footnotes":""},"class_list":["post-2199","page","type-page","status-publish","hentry"],"aioseo_notices":[],"jetpack_sharing_enabled":true,"jetpack_shortlink":"https:\/\/wp.me\/P7ThE8-zt","jetpack-related-posts":[],"_links":{"self":[{"href":"https:\/\/vogesus.fr\/index.php\/wp-json\/wp\/v2\/pages\/2199","targetHints":{"allow":["GET"]}}],"collection":[{"href":"https:\/\/vogesus.fr\/index.php\/wp-json\/wp\/v2\/pages"}],"about":[{"href":"https:\/\/vogesus.fr\/index.php\/wp-json\/wp\/v2\/types\/page"}],"author":[{"embeddable":true,"href":"https:\/\/vogesus.fr\/index.php\/wp-json\/wp\/v2\/users\/1"}],"replies":[{"embeddable":true,"href":"https:\/\/vogesus.fr\/index.php\/wp-json\/wp\/v2\/comments?post=2199"}],"version-history":[{"count":11,"href":"https:\/\/vogesus.fr\/index.php\/wp-json\/wp\/v2\/pages\/2199\/revisions"}],"predecessor-version":[{"id":2397,"href":"https:\/\/vogesus.fr\/index.php\/wp-json\/wp\/v2\/pages\/2199\/revisions\/2397"}],"up":[{"embeddable":true,"href":"https:\/\/vogesus.fr\/index.php\/wp-json\/wp\/v2\/pages\/2250"}],"wp:attachment":[{"href":"https:\/\/vogesus.fr\/index.php\/wp-json\/wp\/v2\/media?parent=2199"}],"curies":[{"name":"wp","href":"https:\/\/api.w.org\/{rel}","templated":true}]}}