{"id":1538,"date":"2020-01-23T18:25:54","date_gmt":"2020-01-23T17:25:54","guid":{"rendered":"http:\/\/vogesus.fr\/?page_id=1538"},"modified":"2025-12-25T20:46:35","modified_gmt":"2025-12-25T19:46:35","slug":"origine-du-temple-chretien","status":"publish","type":"page","link":"https:\/\/vogesus.fr\/index.php\/le-secret-des-batisseurs\/origine-du-temple-chretien\/","title":{"rendered":"Origine du temple chr\u00e9tien"},"content":{"rendered":"\n<p class=\"has-vivid-cyan-blue-color has-text-color has-medium-font-size\">Les origines du temple chr\u00e9tien ne r\u00e9pondent pas \u00e0 une tradition unique, plusieurs doctrines ou versions s\u2019entrecroisent laissant \u00e0 ceux qui recherchent des doutes et des interrogations.<\/p>\n\n\n\n<p class=\"has-vivid-cyan-blue-color has-text-color has-medium-font-size\">Le nouveau Testament ne laisse aucune information, ne donne aucune indication pour la construction et la disposition d&rsquo;un \u00e9difice chr\u00e9tien. Il faudra puiser dans l&rsquo;Apocalypse 11:1 pour relever des pistes.<\/p>\n\n\n\n<p class=\"has-medium-font-size\">Apocalypse 11:1 \u00ab\u00a0on me donna un roseau semblable \u00e0 une baguette : l\u00e8ve toi et mesure le temple de dieu, l&rsquo;autel et ceux qui y adorent\u00a0\u00bb <\/p>\n\n\n\n<p class=\"has-vivid-cyan-blue-color has-text-color has-medium-font-size\">A contrario l&rsquo;Ancien Testament est plus pr\u00e9cis dans Rois 6<\/p>\n\n\n\n<p class=\"has-medium-font-size\">6:2&nbsp;La maison que le roi Salomon b\u00e2tit \u00e0 l`\u00c9ternel avait soixante coud\u00e9es de longueur, vingt de largeur, et trente de hauteur.<\/p>\n\n\n\n<p class=\"has-medium-font-size\">6:3&nbsp;Le portique devant le temple de la maison avait vingt coud\u00e9es de longueur r\u00e9pondant \u00e0 la largeur de la maison, et dix coud\u00e9es de profondeur sur la face de la maison.<\/p>\n\n\n\n<p class=\"has-vivid-cyan-blue-color has-text-color has-medium-font-size\">Certains reconnaissent des similitudes entre un \u00e9difice chr\u00e9tien et le Temple de J\u00e9rusalem, d\u2019autres se r\u00e9f\u00e8rent aux origines des premiers rassemblements de chr\u00e9tiens \u00e0 Rome dans un lieu public appel\u00e9 \u00ab\u00a0basilica\u00a0\u00bb.<\/p>\n\n\n\n<p class=\"has-vivid-cyan-blue-color has-text-color has-medium-font-size\">La basilique civile romaine \u00e9tait un lieu de rassemblement public, avec son march\u00e9, \u00e9ventuellement un tribunal, une agora. Sa forme rectangulaire a directement inspir\u00e9 les basiliques chr\u00e9tiennes. D&rsquo;o\u00f9 la forme rectangulaire des premi\u00e8res  \u00e9glises constitu\u00e9e d&rsquo;un seul tenant jusqu&rsquo;\u00e0 la fin de la p\u00e9riode romane.<\/p>\n\n\n<div class=\"wp-block-image\">\n<figure class=\"alignleft is-resized\"><img loading=\"lazy\" decoding=\"async\" data-attachment-id=\"1154\" data-permalink=\"https:\/\/vogesus.fr\/index.php\/le-moyen-age-autrement\/les-trois-grandes-lumieres\/img_3\/#main\" data-orig-file=\"https:\/\/vogesus.fr\/wp-content\/uploads\/2018\/02\/IMG_3.jpg\" data-orig-size=\"4032,3024\" data-comments-opened=\"1\" data-image-meta=\"{&quot;aperture&quot;:&quot;1.8&quot;,&quot;credit&quot;:&quot;&quot;,&quot;camera&quot;:&quot;iPhone X&quot;,&quot;caption&quot;:&quot;&quot;,&quot;created_timestamp&quot;:&quot;1516980736&quot;,&quot;copyright&quot;:&quot;&quot;,&quot;focal_length&quot;:&quot;4&quot;,&quot;iso&quot;:&quot;250&quot;,&quot;shutter_speed&quot;:&quot;0.25&quot;,&quot;title&quot;:&quot;&quot;,&quot;orientation&quot;:&quot;0&quot;}\" data-image-title=\"IMG 3\" data-image-description=\"&lt;p&gt;IMG 3&lt;\/p&gt;\n\" data-image-caption=\"&lt;p&gt;IMG 3&lt;\/p&gt;\n\" data-large-file=\"https:\/\/vogesus.fr\/wp-content\/uploads\/2018\/02\/IMG_3-1024x768.jpg\" src=\"http:\/\/vogesus.fr\/wp-content\/uploads\/2018\/02\/IMG_3-1024x768.jpg\" alt=\"\" class=\"wp-image-1154\" width=\"280\" height=\"210\" srcset=\"https:\/\/vogesus.fr\/wp-content\/uploads\/2018\/02\/IMG_3-1024x768.jpg 1024w, https:\/\/vogesus.fr\/wp-content\/uploads\/2018\/02\/IMG_3-300x225.jpg 300w, https:\/\/vogesus.fr\/wp-content\/uploads\/2018\/02\/IMG_3-768x576.jpg 768w\" sizes=\"auto, (max-width: 280px) 100vw, 280px\" \/><figcaption class=\"wp-element-caption\">Les trois grandes Lumi\u00e8res<\/figcaption><\/figure>\n<\/div>\n\n\n<p class=\"has-vivid-cyan-blue-color has-text-color has-medium-font-size\">A contrario des constructions romaines, largement \u00e9clair\u00e9es et suffisamment vaste pour accueillir un public nombreux, les premiers \u00e9difices romans  sont compactes avec peu d&rsquo;ouvertures lumineuses. L&rsquo;essentiel \u00e9tant de faire appara\u00eetre les trois grandes Lumi\u00e8res. Symboliquement l&rsquo;obscurit\u00e9 des premiers temples chr\u00e9tiens correspond \u00e0 la Lumi\u00e8re int\u00e9rieure. Le rapprochement est possible avec le Saint des Saint du Temple de J\u00e9rusalem qui est illumin\u00e9 par la Lumi\u00e8re \u00ab\u00a0divine\u00a0\u00bb par opposition \u00e0 la lumi\u00e8re du monde ou lumi\u00e8re ext\u00e9rieure. Ainsi le fid\u00e8le peut consid\u00e9rer que le monde est dans l&rsquo;obscurit\u00e9 et l&rsquo;\u00e9glise dans la Lumi\u00e8re <\/p>\n\n\n<div class=\"wp-block-image\">\n<figure class=\"alignright is-resized\"><img loading=\"lazy\" decoding=\"async\" data-attachment-id=\"1158\" data-permalink=\"https:\/\/vogesus.fr\/?attachment_id=1158#main\" data-orig-file=\"https:\/\/vogesus.fr\/wp-content\/uploads\/2018\/02\/Lumi\u00e8re-dans-leau.jpg\" data-orig-size=\"3024,3024\" data-comments-opened=\"1\" data-image-meta=\"{&quot;aperture&quot;:&quot;1.8&quot;,&quot;credit&quot;:&quot;&quot;,&quot;camera&quot;:&quot;iPhone X&quot;,&quot;caption&quot;:&quot;&quot;,&quot;created_timestamp&quot;:&quot;1517825734&quot;,&quot;copyright&quot;:&quot;&quot;,&quot;focal_length&quot;:&quot;4&quot;,&quot;iso&quot;:&quot;40&quot;,&quot;shutter_speed&quot;:&quot;2.0E-5&quot;,&quot;title&quot;:&quot;&quot;,&quot;orientation&quot;:&quot;0&quot;}\" data-image-title=\"Lumi\u00e8re dans leau\" data-image-description=\"&lt;p&gt;Lumi\u00e8re dans leau&lt;\/p&gt;\n\" data-image-caption=\"&lt;p&gt;Lumi\u00e8re dans leau&lt;\/p&gt;\n\" data-large-file=\"https:\/\/vogesus.fr\/wp-content\/uploads\/2018\/02\/Lumi\u00e8re-dans-leau-1024x1024.jpg\" src=\"http:\/\/vogesus.fr\/wp-content\/uploads\/2018\/02\/Lumi\u00e8re-dans-leau-1024x1024.jpg\" alt=\"\" class=\"wp-image-1158\" width=\"246\" height=\"246\" srcset=\"https:\/\/vogesus.fr\/wp-content\/uploads\/2018\/02\/Lumi\u00e8re-dans-leau-1024x1024.jpg 1024w, https:\/\/vogesus.fr\/wp-content\/uploads\/2018\/02\/Lumi\u00e8re-dans-leau-150x150.jpg 150w, https:\/\/vogesus.fr\/wp-content\/uploads\/2018\/02\/Lumi\u00e8re-dans-leau-300x300.jpg 300w, https:\/\/vogesus.fr\/wp-content\/uploads\/2018\/02\/Lumi\u00e8re-dans-leau-768x768.jpg 768w\" sizes=\"auto, (max-width: 246px) 100vw, 246px\" \/><figcaption class=\"wp-element-caption\">Lumi\u00e8re du monde, lumi\u00e8re mat\u00e9rielle. <\/figcaption><\/figure>\n<\/div>\n\n\n<p class=\"has-vivid-cyan-blue-color has-text-color has-medium-font-size\">Parmi les liturgistes, des p\u00e8res consid\u00e8rent le temple comme un simple abri pour la communaut\u00e9 des chr\u00e9tiens qui une fois r\u00e9unis constituent la communaut\u00e9 des fid\u00e8les.<\/p>\n\n\n\n<p class=\"has-very-dark-gray-color has-text-color has-medium-font-size\">Bible Louis Segond<\/p>\n\n\n\n<p class=\"has-medium-font-size\">Matthieu 18:20 Lorsque deux ou trois sont assembl\u00e9s en mon nom, je suis au milieu d&rsquo;eux.<\/p>\n\n\n\n<p class=\"has-vivid-cyan-blue-color has-text-color has-medium-font-size\">C\u2019est oublier la part croissante des pa\u00efens nouvellement convertis qui participent au modelage du temple avec leurs culture et leur histoire.<\/p>\n\n\n\n<p class=\"has-vivid-cyan-blue-color has-text-color has-medium-font-size\">Refaisons un peu d\u2019histoire et cherchons \u00e0&nbsp; observer sous l\u2019angle de la sociologie comment le christianisme s\u2019est r\u00e9pandu puis s&rsquo;est progressivement institu\u00e9 en Eglise avec pour cons\u00e9quence de construire des \u00e9difices toujours plus nombreux.<\/p>\n\n\n\n<p class=\"has-vivid-cyan-blue-color has-text-color has-medium-font-size\">Des ann\u00e9es 100 \u00e0 200 la communaut\u00e9 des Nazor\u00e9ens \u00e9tait peu nombreuse,&nbsp; compos\u00e9e principalement de juifs qui apr\u00e8s la synagogue se retrouvaient entre eux pour c\u00e9l\u00e9brer la sainte c\u00e8ne. Les familles s\u2019accueillaient \u00e0 la maison, quelques rares pa\u00efens convertis \u00e0 la nouvelle foi les rejoignaient.<\/p>\n\n\n\n<p class=\"has-vivid-cyan-blue-color has-text-color has-medium-font-size\">Le mouvement prenait une ampleur lente au gr\u00e9 de la communaut\u00e9 juive r\u00e9partie autour du bassin m\u00e9diterran\u00e9en.&nbsp;<\/p>\n\n\n\n<p class=\"has-vivid-cyan-blue-color has-text-color has-medium-font-size\">\u00c0 la suite des ap\u00f4tres, des repr\u00e9sentants de l\u2019\u00e9glise all\u00e8rent porter la parole dans des contr\u00e9es de plus en plus recul\u00e9es et recevaient la conversion des pa\u00efens.<\/p>\n\n\n\n<p class=\"has-vivid-cyan-blue-color has-text-color has-medium-font-size\">Bien entendu l\u2019enseignement \u00e9tait sujet \u00e0 discussion et \u00e0 interpr\u00e9tation, par exemple&nbsp; sur la nature de Dieu, de Christ et du Saint Esprit ainsi que la relation qui pouvait \u00eatre faite entre eux.<\/p>\n\n\n\n<p class=\"has-vivid-cyan-blue-color has-text-color has-medium-font-size\">A consid\u00e9rer le doc\u00e9tisme qui ne voyait pas Christ incarn\u00e9 en homme et pr\u00e9f\u00e9rait citer Saint Jean qui se r\u00e9f\u00e9rait \u00ab&nbsp; la parole se fit chair&nbsp;\u00bb<\/p>\n\n\n\n<p class=\"has-vivid-cyan-blue-color has-text-color has-medium-font-size\">L\u2019arianisme qui reconnaissait J\u00e9sus en qualit\u00e9 de fils de Dieu mais incarn\u00e9 en homme sans disposer d\u2019aucune part divine avec pour mission de porter la parole.&nbsp;<\/p>\n\n\n\n<p class=\"has-vivid-cyan-blue-color has-text-color has-medium-font-size\">L\u2019Ebionisme plus confidentiel voyait d\u2019abord l\u2019homme en Christ et pla\u00e7ait une grande importance dans la pauvret\u00e9. La parole divine \u00e9tant port\u00e9e par un homme pauvre et libre de tous les artifices de la richesse.<\/p>\n\n\n\n<p class=\"has-vivid-cyan-blue-color has-text-color has-medium-font-size\">Le nestorianisme qui reconnaissait deux natures en Christ, l\u2019une divine, l\u2019autre humaine.&nbsp;<\/p>\n\n\n\n<p class=\"has-vivid-cyan-blue-color has-text-color has-medium-font-size\">Le premier concile de Nic\u00e9e en 325 apr\u00e8s JC Le rite chr\u00e9tien se structure et \u00e9tablit progressivement ce qui rel\u00e8ve d\u2019une doctrine. Le temps des premiers chr\u00e9tiens s\u2019efface et l\u2019id\u00e9e du temple prend progressivement une autre place dans l\u2019esprit des fid\u00e8les&nbsp;<\/p>\n\n\n\n<p class=\"has-vivid-cyan-blue-color has-text-color has-medium-font-size\">Les conciles suivants, celui de Nic\u00e9e puis ceux d\u2019Eph\u00e8se prolongent cette volont\u00e9 d\u2019unifier la pens\u00e9e chr\u00e9tienne autour de textes dits canoniques. L\u2019action ira jusqu\u2019\u00e0 condamner tout autre courant.<\/p>\n\n\n\n<p class=\"has-vivid-cyan-blue-color has-text-color has-medium-font-size\">Progressivement l\u2019\u00e9glise s\u2019organise en corps constitu\u00e9 avec un pouvoir de reconnaissance et devient une r\u00e9alit\u00e9 soci\u00e9tale et politique.&nbsp;<\/p>\n\n\n\n<p class=\"has-vivid-cyan-blue-color has-text-color has-medium-font-size\">Autour des ann\u00e9es 1000 jusque vers la fin du 12\u00e8me si\u00e8cle, les \u00e9v\u00e8ques d\u00e9cid\u00e8rent de se tourner vers la grande masse des populations pa\u00efennes. Les racines juives du christianisme furent pour un temps mis en l\u00e9ger retrait.<\/p>\n\n\n\n<p class=\"has-vivid-cyan-blue-color has-text-color has-medium-font-size\">Il fallait aller vers ces pa\u00efens comprendre leurs divinit\u00e9s et dans la mesure du possible investir les lieux sur lesquels ils venaient pratiquer leurs rituels. Sources, arbres, menhirs et dolmens progressivement devinrent des composants des \u00e9difices chr\u00e9tiens.<\/p>\n\n\n\n<p class=\"has-vivid-cyan-blue-color has-text-color has-medium-font-size\">De nombreuses \u00e9glises et Cath\u00e9drale ont \u00e9t\u00e9 \u00e9difi\u00e9s sur des lieux de cultes pa\u00efens dont certains parlent comme \u00e9tant des hauts lieux.<\/p>\n\n\n\n<p class=\"has-vivid-cyan-blue-color has-text-color has-medium-font-size\">A l&rsquo;exemple de la Cath\u00e9drale de Strasbourg, lieu de culte celte, Dieu Esus, puis d\u00e9di\u00e9 \u00e0 Hercule Dieu des l\u00e9gions et enfin \u00e0 Mithra avant d&rsquo;accueillir le premier temple chr\u00e9tien.<\/p>\n\n\n\n<p class=\"has-vivid-cyan-blue-color has-text-color has-medium-font-size\">Parall\u00e8lement de nombreux saintes et saints (parfois cr\u00e9\u00e9s de toutes pi\u00e8ces) vinrent se confondre aux divinit\u00e9s pa\u00efennes. L&rsquo;imagerie chr\u00e9tienne reprit les symboles et images des pa\u00efens. Notons que des 3 religions du livre le catholicisme est la spiritualit\u00e9 qui reprend force repr\u00e9sentations de statues et d&rsquo;images peintes. Le protestantisme  quelques si\u00e8cles plus tard n&rsquo;avait pas les m\u00eames pratiques. R\u00e9f\u00e9rence \u00e0 la mythologie chr\u00e9tienne de Philippe Walter.<\/p>\n\n\n\n<p class=\"has-vivid-cyan-blue-color has-text-color has-medium-font-size\">De surcro\u00eet l&rsquo;imagerie chr\u00e9tienne permis l&rsquo;enseignement de la bible et la transmission de transmission. Nous ne sommes pas loin de la pratique des Bardes, appel\u00e9s plus tard troubadours ou conteurs qui relataient soit des faits d&rsquo;armes soit la morale chr\u00e9tienne au travers d&rsquo;histoire d&rsquo;amour.<\/p>\n\n\n\n<p class=\"has-vivid-cyan-blue-color has-text-color has-medium-font-size\">Rares \u00e9taient les \u00e9difices cultuels pa\u00efens, du nord de l&rsquo;Europe la nature et la pratique de rituels en ext\u00e9rieur \u00e9taient privil\u00e9gi\u00e9s. Seules des n\u00e9cropoles d\u00e9di\u00e9es \u00e0 leurs chefs \u00e9taient faites de pierres. <\/p>\n\n\n\n<p class=\"has-vivid-cyan-blue-color has-text-color has-medium-font-size\">La pr\u00e9sence romaine a tr\u00e8s certainement contribu\u00e9 \u00e0 r\u00e9pandre d&rsquo;est en ouest de l&rsquo;Europe l&rsquo;id\u00e9e du temple, lieu de culte, les romains certes et plus loin encore dans le temps, grecs, \u00e9gyptiens et sum\u00e9riens.<\/p>\n\n\n\n<p class=\"has-vivid-cyan-blue-color has-text-color has-medium-font-size\">D\u2019\u00e9vidence le christianisme sera travers\u00e9 par de multiples courants spirituels jusqu&rsquo;au milieu de 16\u00e8me si\u00e8cle<\/p>\n\n\n\n<p class=\"has-medium-font-size\">\u00a9 Vogesus 2020<br><\/p>\n\n\n\n<figure class=\"wp-block-gallery has-nested-images columns-default is-cropped wp-block-gallery-1 is-layout-flex wp-block-gallery-is-layout-flex\">\n<figure class=\"wp-block-image\"><img loading=\"lazy\" decoding=\"async\" width=\"995\" height=\"1024\" data-attachment-id=\"1556\" data-permalink=\"https:\/\/vogesus.fr\/index.php\/le-secret-des-batisseurs\/origine-du-temple-chretien\/cathare\/#main\" data-orig-file=\"https:\/\/vogesus.fr\/wp-content\/uploads\/2020\/01\/Cathare.jpg\" data-orig-size=\"2788,2868\" data-comments-opened=\"1\" data-image-meta=\"{&quot;aperture&quot;:&quot;1.8&quot;,&quot;credit&quot;:&quot;&quot;,&quot;camera&quot;:&quot;iPhone X&quot;,&quot;caption&quot;:&quot;&quot;,&quot;created_timestamp&quot;:&quot;1579802953&quot;,&quot;copyright&quot;:&quot;&quot;,&quot;focal_length&quot;:&quot;4&quot;,&quot;iso&quot;:&quot;80&quot;,&quot;shutter_speed&quot;:&quot;0.058823529411765&quot;,&quot;title&quot;:&quot;&quot;,&quot;orientation&quot;:&quot;0&quot;}\" data-image-title=\"Cathare\" data-image-description=\"&lt;p&gt;Cathare&lt;\/p&gt;\n\" data-image-caption=\"&lt;p&gt;Cathare&lt;\/p&gt;\n\" data-large-file=\"https:\/\/vogesus.fr\/wp-content\/uploads\/2020\/01\/Cathare-995x1024.jpg\" data-id=\"1556\" src=\"http:\/\/vogesus.fr\/wp-content\/uploads\/2020\/01\/Cathare-995x1024.jpg\" alt=\"\" class=\"wp-image-1556\" srcset=\"https:\/\/vogesus.fr\/wp-content\/uploads\/2020\/01\/Cathare-995x1024.jpg 995w, https:\/\/vogesus.fr\/wp-content\/uploads\/2020\/01\/Cathare-292x300.jpg 292w, https:\/\/vogesus.fr\/wp-content\/uploads\/2020\/01\/Cathare-768x790.jpg 768w\" sizes=\"auto, (max-width: 995px) 100vw, 995px\" \/><figcaption class=\"wp-element-caption\">Croix Cathare<\/figcaption><\/figure>\n\n\n\n<figure class=\"wp-block-image\"><img loading=\"lazy\" decoding=\"async\" width=\"784\" height=\"1024\" data-attachment-id=\"1557\" data-permalink=\"https:\/\/vogesus.fr\/index.php\/le-secret-des-batisseurs\/origine-du-temple-chretien\/protestant-2\/#main\" data-orig-file=\"https:\/\/vogesus.fr\/wp-content\/uploads\/2020\/01\/Protestant-1.jpg\" data-orig-size=\"2774,3623\" data-comments-opened=\"1\" data-image-meta=\"{&quot;aperture&quot;:&quot;1.8&quot;,&quot;credit&quot;:&quot;&quot;,&quot;camera&quot;:&quot;iPhone X&quot;,&quot;caption&quot;:&quot;&quot;,&quot;created_timestamp&quot;:&quot;1579803170&quot;,&quot;copyright&quot;:&quot;&quot;,&quot;focal_length&quot;:&quot;4&quot;,&quot;iso&quot;:&quot;80&quot;,&quot;shutter_speed&quot;:&quot;0.058823529411765&quot;,&quot;title&quot;:&quot;&quot;,&quot;orientation&quot;:&quot;0&quot;}\" data-image-title=\"Protestant 1\" data-image-description=\"&lt;p&gt;Protestant 1&lt;\/p&gt;\n\" data-image-caption=\"&lt;p&gt;Protestant 1&lt;\/p&gt;\n\" data-large-file=\"https:\/\/vogesus.fr\/wp-content\/uploads\/2020\/01\/Protestant-1-784x1024.jpg\" data-id=\"1557\" src=\"http:\/\/vogesus.fr\/wp-content\/uploads\/2020\/01\/Protestant-1-784x1024.jpg\" alt=\"\" class=\"wp-image-1557\" srcset=\"https:\/\/vogesus.fr\/wp-content\/uploads\/2020\/01\/Protestant-1-784x1024.jpg 784w, https:\/\/vogesus.fr\/wp-content\/uploads\/2020\/01\/Protestant-1-230x300.jpg 230w, https:\/\/vogesus.fr\/wp-content\/uploads\/2020\/01\/Protestant-1-768x1003.jpg 768w\" sizes=\"auto, (max-width: 784px) 100vw, 784px\" \/><figcaption class=\"wp-element-caption\">Croix Protestante<\/figcaption><\/figure>\n<\/figure>\n","protected":false},"excerpt":{"rendered":"<p>Les origines du temple chr\u00e9tien ne r\u00e9pondent pas \u00e0 une tradition unique, plusieurs doctrines ou versions s\u2019entrecroisent laissant \u00e0 ceux qui recherchent des doutes et des interrogations. Le nouveau Testament ne laisse aucune information, ne donne aucune indication pour la construction et la disposition d&rsquo;un \u00e9difice chr\u00e9tien. Il faudra puiser dans l&rsquo;Apocalypse 11:1 pour relever [&hellip;]<\/p>\n","protected":false},"author":1,"featured_media":0,"parent":473,"menu_order":0,"comment_status":"closed","ping_status":"closed","template":"","meta":{"jetpack_post_was_ever_published":false,"footnotes":""},"class_list":["post-1538","page","type-page","status-publish","hentry"],"aioseo_notices":[],"jetpack_sharing_enabled":true,"jetpack_shortlink":"https:\/\/wp.me\/P7ThE8-oO","jetpack-related-posts":[],"_links":{"self":[{"href":"https:\/\/vogesus.fr\/index.php\/wp-json\/wp\/v2\/pages\/1538","targetHints":{"allow":["GET"]}}],"collection":[{"href":"https:\/\/vogesus.fr\/index.php\/wp-json\/wp\/v2\/pages"}],"about":[{"href":"https:\/\/vogesus.fr\/index.php\/wp-json\/wp\/v2\/types\/page"}],"author":[{"embeddable":true,"href":"https:\/\/vogesus.fr\/index.php\/wp-json\/wp\/v2\/users\/1"}],"replies":[{"embeddable":true,"href":"https:\/\/vogesus.fr\/index.php\/wp-json\/wp\/v2\/comments?post=1538"}],"version-history":[{"count":27,"href":"https:\/\/vogesus.fr\/index.php\/wp-json\/wp\/v2\/pages\/1538\/revisions"}],"predecessor-version":[{"id":2276,"href":"https:\/\/vogesus.fr\/index.php\/wp-json\/wp\/v2\/pages\/1538\/revisions\/2276"}],"up":[{"embeddable":true,"href":"https:\/\/vogesus.fr\/index.php\/wp-json\/wp\/v2\/pages\/473"}],"wp:attachment":[{"href":"https:\/\/vogesus.fr\/index.php\/wp-json\/wp\/v2\/media?parent=1538"}],"curies":[{"name":"wp","href":"https:\/\/api.w.org\/{rel}","templated":true}]}}