{"id":1311,"date":"2019-05-04T14:58:49","date_gmt":"2019-05-04T13:58:49","guid":{"rendered":"http:\/\/vogesus.fr\/?page_id=1311"},"modified":"2025-12-26T18:27:09","modified_gmt":"2025-12-26T17:27:09","slug":"lillith-aux-pieds-de-salomon","status":"publish","type":"page","link":"https:\/\/vogesus.fr\/index.php\/qui-est-andre\/reportages\/lillith-aux-pieds-de-salomon\/","title":{"rendered":"Lillith, premi\u00e8re femme de la cr\u00e9ation mythe et symbolisme"},"content":{"rendered":"\n<p><strong>Lillith et la cr\u00e9ation de l&rsquo;homme et de la femme<\/strong><\/p>\n\n\n<div class=\"wp-block-image\">\n<figure class=\"alignleft is-resized\"><img loading=\"lazy\" decoding=\"async\" width=\"768\" height=\"1024\" data-attachment-id=\"1314\" data-permalink=\"https:\/\/vogesus.fr\/salomon-ok\/\" data-orig-file=\"https:\/\/vogesus.fr\/wp-content\/uploads\/2019\/05\/Salomon-ok.jpg\" data-orig-size=\"1704,2272\" data-comments-opened=\"1\" data-image-meta=\"{&quot;aperture&quot;:&quot;2.8&quot;,&quot;credit&quot;:&quot;&quot;,&quot;camera&quot;:&quot;Canon DIGITAL IXUS i&quot;,&quot;caption&quot;:&quot;&quot;,&quot;created_timestamp&quot;:&quot;1123666757&quot;,&quot;copyright&quot;:&quot;&quot;,&quot;focal_length&quot;:&quot;6.40625&quot;,&quot;iso&quot;:&quot;50&quot;,&quot;shutter_speed&quot;:&quot;0.01&quot;,&quot;title&quot;:&quot;&quot;,&quot;orientation&quot;:&quot;0&quot;}\" data-image-title=\"Salomon ok\" data-image-description=\"&lt;p&gt;Salomon ok&lt;\/p&gt;\n\" data-image-caption=\"&lt;p&gt;Salomon ok&lt;\/p&gt;\n\" data-large-file=\"https:\/\/vogesus.fr\/wp-content\/uploads\/2019\/05\/Salomon-ok-768x1024.jpg\" src=\"http:\/\/vogesus.fr\/wp-content\/uploads\/2019\/05\/Salomon-ok-768x1024.jpg\" alt=\"\" class=\"wp-image-1314\" style=\"width:327px;height:436px\" srcset=\"https:\/\/vogesus.fr\/wp-content\/uploads\/2019\/05\/Salomon-ok-768x1024.jpg 768w, https:\/\/vogesus.fr\/wp-content\/uploads\/2019\/05\/Salomon-ok-225x300.jpg 225w, https:\/\/vogesus.fr\/wp-content\/uploads\/2019\/05\/Salomon-ok.jpg 1704w\" sizes=\"auto, (max-width: 768px) 100vw, 768px\" \/><\/figure>\n<\/div>\n\n\n<p class=\"has-vivid-cyan-blue-color has-text-color has-link-color wp-elements-75f01d33af3eba75a992d9dc8db6b699\"><strong>Lillith premi\u00e8re femme de la cr\u00e9ation et l&rsquo;une des figures les plus myst\u00e9rieuses, cr\u00e9\u00e9e avant Eve. Elle figure la naissance d\u2019une \u00e9galit\u00e9 oubli\u00e9e avec Adam. Loin de la domination de l&rsquo;homme sur la femme.<\/strong><\/p>\n\n\n\n<p class=\"has-vivid-cyan-blue-color has-text-color has-link-color wp-elements-adfaedb5ba98894693546caa8ce7063d\"><strong>Dans le premier livre des Rois 3 16 se trouve l\u2019\u00e9pisode c\u00e9l\u00e8bre du Jugement du Roi Salomon. Cet \u00e9pisode biblique est retrac\u00e9 sur la fa\u00e7ade sud de la Cath\u00e9drale o\u00f9 le roi Salomon est repr\u00e9sent\u00e9 sur son tr\u00f4ne tenant en main son \u00e9p\u00e9e. A ses pieds quatre figurines repr\u00e9sentent deux prostitu\u00e9es avec leurs enfants, l\u2019un des fils est mort, toutes deux revendiquent l\u2019enfant vivant.<\/strong><\/p>\n\n\n\n<p class=\"has-vivid-cyan-blue-color has-text-color has-link-color wp-elements-b26a59d00d623455ef81574563b3f00c\"><strong>Salomon assis sur tr\u00f4ne est un \u00e9l\u00e9ment central, au-dessus de lui une pr\u00e9figuration de Christ qui pr\u00e9sentent dans sa main gauche un globe symbole de sa toute-puissance. Aux pieds de Salomon, les 4 figurines.<\/strong><\/p>\n\n\n\n<p class=\"has-vivid-cyan-blue-color has-text-color has-link-color wp-elements-700c156689beb11b02d6447cc3105159\"><strong>Or les kabbalistes modernes, pour certains, consid\u00e8rent que les deux m\u00e8res, les deux prostitu\u00e9es ne seraient que Lillith et Agrat.&nbsp;<\/strong><\/p>\n\n\n\n<p class=\"has-vivid-cyan-blue-color has-text-color has-link-color wp-elements-8bbc546a45fa601770d9f33a0a6cbe85\"><strong>Dans les r\u00e9cits sur Lillith, il existe deux versions de sa cr\u00e9ation : l&rsquo;une o\u00f9 homme et femme sont cr\u00e9\u00e9s simultan\u00e9ment et l&rsquo;autre o\u00f9 la femme est cr\u00e9\u00e9e apr\u00e8s l&rsquo;homme. Pour expliquer cette contradiction, plusieurs rabbins ont propos\u00e9 des hypoth\u00e8ses, comme celle d&rsquo;Adam cr\u00e9\u00e9 androgyne avant d&rsquo;\u00eatre s\u00e9par\u00e9 en homme et femme. Une autre explication \u00e9voque que la cr\u00e9ation d&rsquo;Adam a \u00e9t\u00e9 r\u00e9alis\u00e9e en plusieurs \u00e9tapes, aboutissant \u00e0 une version mat\u00e9rielle masculine et f\u00e9minine apr\u00e8s une initiale incorporelle.<\/strong><\/p>\n\n\n\n<p class=\"has-vivid-cyan-blue-color has-text-color has-link-color wp-elements-b8cd00ffdd75a814f4b4e7bb822333cb\"><strong>Au d\u00e9but, Lillith et Adam \u00e9taient des partenaires \u00e9gaux, unis par le dos selon la tradition talmudique, refl\u00e9tant un d\u00e9sir de parit\u00e9. Cependant, un conflit \u00e9clate rapidement entre eux \u00e0 propos de leur relation, symbolisant une lutte de pouvoir. Lillith conteste l\u2019autorit\u00e9 d\u2019Adam, mais ce dernier refuse d\u2019accepter leur \u00e9galit\u00e9. Face \u00e0 son obstination, Lillith invoque le nom de Dieu et re\u00e7oit des ailes pour fuir le jardin d\u2019Eden.<\/strong><\/p>\n\n\n\n<p class=\"has-vivid-cyan-blue-color has-text-color has-link-color wp-elements-af52e903247c62d457152efd32d27bb0\"><strong>Adam, attrist\u00e9, implore Dieu de ramener Lillith, qui reste obstin\u00e9e malgr\u00e9 l\u2019intervention de trois anges. Apr\u00e8s avoir refus\u00e9 de revenir, elle apprend qu\u2019elle devra endurer un ch\u00e2timent cruel pour avoir des enfants, ce qui la pousse \u00e0 se suicider dans la mer Rouge. En m\u00e9moire de cette douleur, les anges lui offrent un pouvoir sur les enfants qu\u2019elle engendrera, mais avec des limites.<\/strong><\/p>\n\n\n\n<p class=\"has-vivid-cyan-blue-color has-text-color has-link-color wp-elements-bbffc7d7cd8e49944bff7f3771d1fe69\"><strong>L&rsquo;arriv\u00e9e d&rsquo;Eve, qui remplace Lillith dans le c\u0153ur d&rsquo;Adam, engendre en elle une jalousie profonde. Elle devient alors meurtri\u00e8re des enfants d\u2019Eve et est associ\u00e9e \u00e0 diverses figures, notamment le serpent tentateur dans le r\u00e9cit de la chute. M\u00eame si un second mariage lui apporte des richesses, la perte de ses enfants la laisse hant\u00e9e par la douleur.<\/strong><\/p>\n\n\n\n<p class=\"has-vivid-cyan-blue-color has-text-color has-link-color wp-elements-6fb7f7ec7edcff9512b887bf4bd87ba3\"><strong>Les lamentations de Lillith, semblables aux pleurs de Rachel, r\u00e9sonnent dans la nuit. Sa col\u00e8re menace ceux qui vivent en harmonie, tandis que ses descendants, fruits d&rsquo;une union avec Sama\u00ebl, peuplent la terre. Lillith, symbolisant la souffrance et la vengeance, occupe une place unique dans le monde des t\u00e9n\u00e8bres, contrastant avec la pr\u00e9sence divine de la Shekhina.<\/strong><\/p>\n\n\n\n<p class=\"has-medium-font-size\"><strong>Vogesus 26\/02\/2025<\/strong><\/p>\n","protected":false},"excerpt":{"rendered":"<p>Lillith et la cr\u00e9ation de l&rsquo;homme et de la femme Lillith premi\u00e8re femme de la cr\u00e9ation et l&rsquo;une des figures les plus myst\u00e9rieuses, cr\u00e9\u00e9e avant Eve. Elle figure la naissance d\u2019une \u00e9galit\u00e9 oubli\u00e9e avec Adam. Loin de la domination de l&rsquo;homme sur la femme. Dans le premier livre des Rois 3 16 se trouve l\u2019\u00e9pisode [&hellip;]<\/p>\n","protected":false},"author":1,"featured_media":0,"parent":289,"menu_order":2,"comment_status":"closed","ping_status":"closed","template":"","meta":{"jetpack_post_was_ever_published":false,"footnotes":""},"class_list":["post-1311","page","type-page","status-publish","hentry"],"aioseo_notices":[],"jetpack_sharing_enabled":true,"jetpack_shortlink":"https:\/\/wp.me\/P7ThE8-l9","jetpack-related-posts":[],"_links":{"self":[{"href":"https:\/\/vogesus.fr\/index.php\/wp-json\/wp\/v2\/pages\/1311","targetHints":{"allow":["GET"]}}],"collection":[{"href":"https:\/\/vogesus.fr\/index.php\/wp-json\/wp\/v2\/pages"}],"about":[{"href":"https:\/\/vogesus.fr\/index.php\/wp-json\/wp\/v2\/types\/page"}],"author":[{"embeddable":true,"href":"https:\/\/vogesus.fr\/index.php\/wp-json\/wp\/v2\/users\/1"}],"replies":[{"embeddable":true,"href":"https:\/\/vogesus.fr\/index.php\/wp-json\/wp\/v2\/comments?post=1311"}],"version-history":[{"count":17,"href":"https:\/\/vogesus.fr\/index.php\/wp-json\/wp\/v2\/pages\/1311\/revisions"}],"predecessor-version":[{"id":3254,"href":"https:\/\/vogesus.fr\/index.php\/wp-json\/wp\/v2\/pages\/1311\/revisions\/3254"}],"up":[{"embeddable":true,"href":"https:\/\/vogesus.fr\/index.php\/wp-json\/wp\/v2\/pages\/289"}],"wp:attachment":[{"href":"https:\/\/vogesus.fr\/index.php\/wp-json\/wp\/v2\/media?parent=1311"}],"curies":[{"name":"wp","href":"https:\/\/api.w.org\/{rel}","templated":true}]}}