{"id":1152,"date":"2018-02-02T12:17:06","date_gmt":"2018-02-02T11:17:06","guid":{"rendered":"http:\/\/vogesus.fr\/?page_id=1152"},"modified":"2023-04-29T22:07:10","modified_gmt":"2023-04-29T21:07:10","slug":"les-trois-grandes-lumieres","status":"publish","type":"page","link":"https:\/\/vogesus.fr\/index.php\/le-moyen-age-autrement\/les-trois-grandes-lumieres\/","title":{"rendered":"Les trois grandes Lumi\u00e8res"},"content":{"rendered":"<p><img loading=\"lazy\" decoding=\"async\" data-attachment-id=\"1154\" data-permalink=\"https:\/\/vogesus.fr\/index.php\/le-moyen-age-autrement\/les-trois-grandes-lumieres\/img_3\/#main\" data-orig-file=\"https:\/\/vogesus.fr\/wp-content\/uploads\/2018\/02\/IMG_3.jpg\" data-orig-size=\"4032,3024\" data-comments-opened=\"1\" data-image-meta=\"{&quot;aperture&quot;:&quot;1.8&quot;,&quot;credit&quot;:&quot;&quot;,&quot;camera&quot;:&quot;iPhone X&quot;,&quot;caption&quot;:&quot;&quot;,&quot;created_timestamp&quot;:&quot;1516980736&quot;,&quot;copyright&quot;:&quot;&quot;,&quot;focal_length&quot;:&quot;4&quot;,&quot;iso&quot;:&quot;250&quot;,&quot;shutter_speed&quot;:&quot;0.25&quot;,&quot;title&quot;:&quot;&quot;,&quot;orientation&quot;:&quot;0&quot;}\" data-image-title=\"IMG 3\" data-image-description=\"&lt;p&gt;IMG 3&lt;\/p&gt;\n\" data-image-caption=\"&lt;p&gt;IMG 3&lt;\/p&gt;\n\" data-large-file=\"https:\/\/vogesus.fr\/wp-content\/uploads\/2018\/02\/IMG_3-1024x768.jpg\" class=\"wp-image-1154 aligncenter\" src=\"http:\/\/vogesus.fr\/wp-content\/uploads\/2018\/02\/IMG_3-300x225.jpg\" alt=\"IMG_3\" width=\"423\" height=\"317\" srcset=\"https:\/\/vogesus.fr\/wp-content\/uploads\/2018\/02\/IMG_3-300x225.jpg 300w, https:\/\/vogesus.fr\/wp-content\/uploads\/2018\/02\/IMG_3-768x576.jpg 768w, https:\/\/vogesus.fr\/wp-content\/uploads\/2018\/02\/IMG_3-1024x768.jpg 1024w\" sizes=\"auto, (max-width: 423px) 100vw, 423px\" \/><\/p>\n<p>&nbsp;<\/p>\n<h2><strong><span style=\"color: #0000ff;\">Les trois grandes Lumi\u00e8res<\/span><\/strong><\/h2>\n<p><strong><span style=\"color: #0000ff;\">1:1&nbsp;Au commencement \u00e9tait la Parole, et la Parole \u00e9tait avec Dieu, et la Parole \u00e9tait Dieu.<\/span><\/strong><\/p>\n<p><strong><span style=\"color: #0000ff;\">1:2&nbsp;Elle \u00e9tait au commencement avec Dieu.<\/span><\/strong><\/p>\n<p><strong><span style=\"color: #0000ff;\">1:3&nbsp;Toutes choses ont \u00e9t\u00e9 faites par elle, et rien de ce qui a \u00e9t\u00e9 fait n`a \u00e9t\u00e9 fait sans elle.<\/span><\/strong><\/p>\n<p><strong><span style=\"color: #0000ff;\">1:4&nbsp;En elle \u00e9tait la vie, et la vie \u00e9tait la lumi\u00e8re des hommes.<\/span><\/strong><\/p>\n<p><strong><span style=\"color: #0000ff;\">1:5&nbsp;La lumi\u00e8re luit dans les t\u00e9n\u00e8bres, et les t\u00e9n\u00e8bres ne l`ont point re\u00e7ue.<\/span><\/strong><\/p>\n<p><strong><span style=\"color: #0000ff;\">1:6&nbsp;Il y eut un homme envoy\u00e9 de Dieu: son nom \u00e9tait Jean.<\/span><\/strong><\/p>\n<p><strong><span style=\"color: #0000ff;\">1:7&nbsp;Il vint pour servir de t\u00e9moin, pour rendre t\u00e9moignage \u00e0 la lumi\u00e8re, afin que tous crussent par lui.<\/span><\/strong><\/p>\n<p><strong><span style=\"color: #0000ff;\">1:8&nbsp;Il n`\u00e9tait pas la lumi\u00e8re, mais il parut pour rendre t\u00e9moignage \u00e0 la lumi\u00e8re.<\/span><\/strong><\/p>\n<p><strong><span style=\"color: #0000ff;\">1:9&nbsp;Cette lumi\u00e8re \u00e9tait la v\u00e9ritable lumi\u00e8re, qui, en venant dans le monde, \u00e9claire tout homme.<\/span><\/strong><\/p>\n<p><strong><span style=\"color: #0000ff;\">1:10&nbsp;Elle \u00e9tait dans le monde, et le monde a \u00e9t\u00e9 fait par elle, et le monde ne l`a point connue.<\/span><\/strong><\/p>\n<p><strong><span style=\"color: #0000ff;\">1:11&nbsp;Elle est venue chez les siens, et les siens ne l`ont point re\u00e7ue.<\/span><\/strong><\/p>\n<p><strong><span style=\"color: #0000ff;\">1:12&nbsp;Mais \u00e0 tous ceux qui l`ont re\u00e7ue, \u00e0 ceux qui croient en son nom, elle a donn\u00e9 le pouvoir de devenir enfants de Dieu, lesquels sont n\u00e9s,<\/span><\/strong><\/p>\n<p>&nbsp;<\/p>\n<p>&nbsp;<\/p>\n<p>&nbsp;<\/p>\n<p>&nbsp;<\/p>\n\n\n<p class=\"has-medium-font-size\">\u00a9 Vogesus 2020<\/p>\n","protected":false},"excerpt":{"rendered":"<p>&nbsp; Les trois grandes Lumi\u00e8res 1:1&nbsp;Au commencement \u00e9tait la Parole, et la Parole \u00e9tait avec Dieu, et la Parole \u00e9tait Dieu. 1:2&nbsp;Elle \u00e9tait au commencement avec Dieu. 1:3&nbsp;Toutes choses ont \u00e9t\u00e9 faites par elle, et rien de ce qui a \u00e9t\u00e9 fait n`a \u00e9t\u00e9 fait sans elle. 1:4&nbsp;En elle \u00e9tait la vie, et la vie [&hellip;]<\/p>\n","protected":false},"author":1,"featured_media":0,"parent":2283,"menu_order":3,"comment_status":"closed","ping_status":"closed","template":"","meta":{"jetpack_post_was_ever_published":false,"footnotes":""},"class_list":["post-1152","page","type-page","status-publish","hentry"],"aioseo_notices":[],"jetpack_sharing_enabled":true,"jetpack_shortlink":"https:\/\/wp.me\/P7ThE8-iA","jetpack-related-posts":[],"_links":{"self":[{"href":"https:\/\/vogesus.fr\/index.php\/wp-json\/wp\/v2\/pages\/1152","targetHints":{"allow":["GET"]}}],"collection":[{"href":"https:\/\/vogesus.fr\/index.php\/wp-json\/wp\/v2\/pages"}],"about":[{"href":"https:\/\/vogesus.fr\/index.php\/wp-json\/wp\/v2\/types\/page"}],"author":[{"embeddable":true,"href":"https:\/\/vogesus.fr\/index.php\/wp-json\/wp\/v2\/users\/1"}],"replies":[{"embeddable":true,"href":"https:\/\/vogesus.fr\/index.php\/wp-json\/wp\/v2\/comments?post=1152"}],"version-history":[{"count":4,"href":"https:\/\/vogesus.fr\/index.php\/wp-json\/wp\/v2\/pages\/1152\/revisions"}],"predecessor-version":[{"id":1657,"href":"https:\/\/vogesus.fr\/index.php\/wp-json\/wp\/v2\/pages\/1152\/revisions\/1657"}],"up":[{"embeddable":true,"href":"https:\/\/vogesus.fr\/index.php\/wp-json\/wp\/v2\/pages\/2283"}],"wp:attachment":[{"href":"https:\/\/vogesus.fr\/index.php\/wp-json\/wp\/v2\/media?parent=1152"}],"curies":[{"name":"wp","href":"https:\/\/api.w.org\/{rel}","templated":true}]}}