{"id":1013,"date":"2017-07-22T14:57:53","date_gmt":"2017-07-22T13:57:53","guid":{"rendered":"http:\/\/vogesus.fr\/?page_id=1013"},"modified":"2025-12-25T19:08:52","modified_gmt":"2025-12-25T18:08:52","slug":"la-quete-du-graal-et-leglise-interieure","status":"publish","type":"page","link":"https:\/\/vogesus.fr\/index.php\/qui-est-andre\/reportages\/la-quete-du-graal-et-leglise-interieure\/","title":{"rendered":"La qu\u00eate du Graal, une croisade vers l&rsquo;\u00e9glise int\u00e9rieure"},"content":{"rendered":"<h2 style=\"text-align: center;\"><span style=\"color: #0000ff;\"><strong>La qu\u00eate du Graal et l\u2019\u00e9glise int\u00e9rieure.<\/strong><\/span><\/h2>\n<p><span style=\"color: #0000ff;\"><img loading=\"lazy\" decoding=\"async\" data-attachment-id=\"1019\" data-permalink=\"https:\/\/vogesus.fr\/index.php\/qui-est-andre\/reportages\/la-quete-du-graal-et-leglise-interieure\/croix-patee\/#main\" data-orig-file=\"https:\/\/vogesus.fr\/wp-content\/uploads\/2017\/07\/Croix-pat\u00e9e.jpg\" data-orig-size=\"1092,1070\" data-comments-opened=\"1\" data-image-meta=\"{&quot;aperture&quot;:&quot;0&quot;,&quot;credit&quot;:&quot;&quot;,&quot;camera&quot;:&quot;&quot;,&quot;caption&quot;:&quot;&quot;,&quot;created_timestamp&quot;:&quot;0&quot;,&quot;copyright&quot;:&quot;&quot;,&quot;focal_length&quot;:&quot;0&quot;,&quot;iso&quot;:&quot;0&quot;,&quot;shutter_speed&quot;:&quot;0&quot;,&quot;title&quot;:&quot;&quot;,&quot;orientation&quot;:&quot;0&quot;}\" data-image-title=\"Croix pat\u00e9e\" data-image-description=\"&lt;p&gt;Croix pat\u00e9e&lt;\/p&gt;\n\" data-image-caption=\"&lt;p&gt;Croix pat\u00e9e&lt;\/p&gt;\n\" data-large-file=\"https:\/\/vogesus.fr\/wp-content\/uploads\/2017\/07\/Croix-pat\u00e9e-1024x1003.jpg\" class=\"wp-image-1019 aligncenter\" src=\"http:\/\/vogesus.fr\/wp-content\/uploads\/2017\/07\/Croix-pat\u00e9e-300x294.jpg\" alt=\"Croix pat\u00e9e\" width=\"62\" height=\"61\" srcset=\"https:\/\/vogesus.fr\/wp-content\/uploads\/2017\/07\/Croix-pat\u00e9e-300x294.jpg 300w, https:\/\/vogesus.fr\/wp-content\/uploads\/2017\/07\/Croix-pat\u00e9e-150x150.jpg 150w, https:\/\/vogesus.fr\/wp-content\/uploads\/2017\/07\/Croix-pat\u00e9e-768x753.jpg 768w, https:\/\/vogesus.fr\/wp-content\/uploads\/2017\/07\/Croix-pat\u00e9e-1024x1003.jpg 1024w, https:\/\/vogesus.fr\/wp-content\/uploads\/2017\/07\/Croix-pat\u00e9e.jpg 1092w\" sizes=\"auto, (max-width: 62px) 100vw, 62px\" \/><\/span><\/p>\n<h3><span style=\"color: #0000ff;\"><strong><img loading=\"lazy\" decoding=\"async\" data-attachment-id=\"1016\" data-permalink=\"https:\/\/vogesus.fr\/index.php\/qui-est-andre\/reportages\/la-quete-du-graal-et-leglise-interieure\/graal\/#main\" data-orig-file=\"https:\/\/vogesus.fr\/wp-content\/uploads\/2017\/07\/Graal.jpg\" data-orig-size=\"1704,2272\" data-comments-opened=\"1\" data-image-meta=\"{&quot;aperture&quot;:&quot;2.8&quot;,&quot;credit&quot;:&quot;&quot;,&quot;camera&quot;:&quot;Canon DIGITAL IXUS i&quot;,&quot;caption&quot;:&quot;&quot;,&quot;created_timestamp&quot;:&quot;1124822365&quot;,&quot;copyright&quot;:&quot;&quot;,&quot;focal_length&quot;:&quot;6.40625&quot;,&quot;iso&quot;:&quot;0&quot;,&quot;shutter_speed&quot;:&quot;0.016666666666667&quot;,&quot;title&quot;:&quot;&quot;,&quot;orientation&quot;:&quot;0&quot;}\" data-image-title=\"Graal\" data-image-description=\"&lt;p&gt;Graal&lt;\/p&gt;\n\" data-image-caption=\"&lt;p&gt;Graal&lt;\/p&gt;\n\" data-large-file=\"https:\/\/vogesus.fr\/wp-content\/uploads\/2017\/07\/Graal-768x1024.jpg\" class=\" wp-image-1016 alignleft\" src=\"http:\/\/vogesus.fr\/wp-content\/uploads\/2017\/07\/Graal-225x300.jpg\" alt=\"Graal\" width=\"199\" height=\"265\" srcset=\"https:\/\/vogesus.fr\/wp-content\/uploads\/2017\/07\/Graal-225x300.jpg 225w, https:\/\/vogesus.fr\/wp-content\/uploads\/2017\/07\/Graal-768x1024.jpg 768w, https:\/\/vogesus.fr\/wp-content\/uploads\/2017\/07\/Graal.jpg 1704w\" sizes=\"auto, (max-width: 199px) 100vw, 199px\" \/><br \/><\/strong><\/span><\/h3>\n<h3><span style=\"color: #0000ff;\">Les statues de nos cath\u00e9drales nous livrent un message d&rsquo;une incroyable actualit\u00e9, nous mettant en garde et nous adressant un appel silencieux. Car depuis les temps anciens, toute spiritualit\u00e9 est avant tout une affaire de silence et de discr\u00e9tion.<\/span><\/h3>\n<h3><span style=\"color: #0000ff;\">Pourtant, les apparences alimentent l&rsquo;illusion d&rsquo;exister aux yeux de la soci\u00e9t\u00e9, poussant chaque homme et chaque femme \u00e0 privil\u00e9gier les apparences au d\u00e9triment du dialogue avec le c\u0153ur. Ainsi va la religiosit\u00e9 et son exhibition.<\/span><\/h3>\n<h3><span style=\"color: #0000ff;\">Certains font le choix d&rsquo;une religion ext\u00e9rieure, s&rsquo;engageant de plus en plus jusqu&rsquo;\u00e0 l&rsquo;aveuglement. Ne jugeons pas, car il n&rsquo;appartient pas aux hommes de juger, sans quoi ils se substitueraient \u00e0 la puissance divine touchant \u00e0 ce qui est de plus pr\u00e9cieux : la libert\u00e9 de vivre sa foi.<\/span><\/h3>\n<h3><span style=\"color: #0000ff;\">Allons plus loin, car c&rsquo;est l\u00e0 que r\u00e8gne la confusion. Pour certains, la qu\u00eate spirituelle est une affaire ext\u00e9rieure, d\u00e9monstrative, avec le besoin de la faire conna\u00eetre \u00e0 la soci\u00e9t\u00e9. Cette qu\u00eate est rapidement r\u00e9compens\u00e9e par le regard des autres, le seul regard des autres.<\/span><\/h3>\n<h3><span style=\"color: #0000ff;\">Pourtant, le message est bien plus profond dans sa nature. Il n&rsquo;est pas utile de dire, mais de vivre son int\u00e9riorit\u00e9.<\/span><\/h3>\n<h3><span style=\"color: #0000ff;\">D\u00e8s lors, Eckartshausen s&rsquo;exprime ainsi dans son livre \u00ab\u00a0La Nu\u00e9e sur le Sanctuaire\u00a0\u00bb :<\/span><\/h3>\n<h3><span style=\"color: #0000ff;\">\u00ab\u00a0L&rsquo;\u00c9glise int\u00e9rieure\u00a0\u00bb est n\u00e9e imm\u00e9diatement apr\u00e8s la Chute de l&rsquo;homme et a re\u00e7u directement de Dieu la r\u00e9v\u00e9lation des moyens par lesquels l&rsquo;humanit\u00e9 d\u00e9chue serait relev\u00e9e \u00e0 sa dignit\u00e9 et d\u00e9livr\u00e9e de sa mis\u00e8re. Elle a re\u00e7u la cl\u00e9 de la vraie connaissance, tant divine que naturelle.<\/span><\/h3>\n<h3><span style=\"color: #0000ff;\">Mais lorsque les hommes se sont multipli\u00e9s, la fragilit\u00e9 et la faiblesse de l&rsquo;homme ont rendu n\u00e9cessaire une soci\u00e9t\u00e9 ext\u00e9rieure qui garderait secr\u00e8te la soci\u00e9t\u00e9 int\u00e9rieure et voilerait l&rsquo;esprit et la v\u00e9rit\u00e9 par la lettre. Car comme la multiplicit\u00e9, la foule, le peuple n&rsquo;\u00e9taient pas capables de comprendre les grands myst\u00e8res int\u00e9rieurs, et que le danger aurait \u00e9t\u00e9 trop grand de confier aux incapables la plus sainte des choses, on a envelopp\u00e9 les v\u00e9rit\u00e9s int\u00e9rieures dans des c\u00e9r\u00e9monies ext\u00e9rieures et sensibles, afin que l&rsquo;homme, par le tangible et l&rsquo;ext\u00e9rieur qui est le symbole de l&rsquo;int\u00e9rieur, puisse peu \u00e0 peu s&rsquo;approcher des v\u00e9rit\u00e9s int\u00e9rieures de l&rsquo;esprit&#8230;\u00a0\u00bb<\/span><\/h3>\n<h3><span style=\"color: #0000ff;\">Ces mots sont porteurs d&rsquo;une signification profonde et, bien qu&rsquo;exprim\u00e9s dans un paradigme chr\u00e9tien, ils sont applicables \u00e0 toutes les religions du monde, quel que soit leur temps.<\/span><\/h3>\n<h3><span style=\"color: #0000ff;\">Plus r\u00e9cemment, Marie Madeleine Davy adopte un angle similaire pour d\u00e9crire les \u00e9glises int\u00e9rieures et ext\u00e9rieures. Je pr\u00e9sente mes excuses \u00e0 l&rsquo;auteur, dont l&rsquo;\u0153uvre est bien plus vaste que ces quelques lignes que je vous rapporte.<\/span><\/h3>\n<h3><span style=\"color: #0000ff;\">01\/08\/23<\/span><\/h3>\n<h3><span style=\"color: #0000ff;\"><strong>Pour plus de confort, je lis \u00e0 votre place, il vous suffit d\u2019\u00e9couter.<\/strong><\/span><\/h3>\n<audio class=\"wp-audio-shortcode\" id=\"audio-1013-1\" preload=\"none\" style=\"width: 100%;\" controls=\"controls\"><source type=\"audio\/mpeg\" src=\"http:\/\/vogesus.fr\/wp-content\/uploads\/2017\/07\/Davy-Ok.mp3?_=1\" \/><a href=\"http:\/\/vogesus.fr\/wp-content\/uploads\/2017\/07\/Davy-Ok.mp3\">http:\/\/vogesus.fr\/wp-content\/uploads\/2017\/07\/Davy-Ok.mp3<\/a><\/audio>\n<h3><span style=\"color: #0000ff;\"><img loading=\"lazy\" decoding=\"async\" data-attachment-id=\"1010\" data-permalink=\"https:\/\/vogesus.fr\/index.php\/qui-est-andre\/reportages\/la-quete-du-graal-et-leglise-interieure\/cathedrale-2\/#main\" data-orig-file=\"https:\/\/vogesus.fr\/wp-content\/uploads\/2017\/07\/Cath\u00e9drale.jpg\" data-orig-size=\"1704,2272\" data-comments-opened=\"1\" data-image-meta=\"{&quot;aperture&quot;:&quot;2.8&quot;,&quot;credit&quot;:&quot;&quot;,&quot;camera&quot;:&quot;Canon DIGITAL IXUS i&quot;,&quot;caption&quot;:&quot;&quot;,&quot;created_timestamp&quot;:&quot;1124822365&quot;,&quot;copyright&quot;:&quot;&quot;,&quot;focal_length&quot;:&quot;6.40625&quot;,&quot;iso&quot;:&quot;0&quot;,&quot;shutter_speed&quot;:&quot;0.016666666666667&quot;,&quot;title&quot;:&quot;&quot;,&quot;orientation&quot;:&quot;0&quot;}\" data-image-title=\"Cath\u00e9drale\" data-image-description=\"&lt;p&gt;Cath\u00e9drale&lt;\/p&gt;\n\" data-image-caption=\"&lt;p&gt;Cath\u00e9drale&lt;\/p&gt;\n\" data-large-file=\"https:\/\/vogesus.fr\/wp-content\/uploads\/2017\/07\/Cath\u00e9drale-768x1024.jpg\" class=\" wp-image-1010 alignleft\" src=\"http:\/\/vogesus.fr\/wp-content\/uploads\/2017\/07\/Cath\u00e9drale-225x300.jpg\" alt=\"Cath\u00e9drale\" width=\"208\" height=\"277\" srcset=\"https:\/\/vogesus.fr\/wp-content\/uploads\/2017\/07\/Cath\u00e9drale-225x300.jpg 225w, https:\/\/vogesus.fr\/wp-content\/uploads\/2017\/07\/Cath\u00e9drale-768x1024.jpg 768w, https:\/\/vogesus.fr\/wp-content\/uploads\/2017\/07\/Cath\u00e9drale.jpg 1704w\" sizes=\"auto, (max-width: 208px) 100vw, 208px\" \/><\/span><\/h3>\n<h3>\u00a0<\/h3>\n<h3><span style=\"color: #0000ff;\"><strong>L\u2019ouverture qu\u2019il convient de faire est de consid\u00e9rer que nul enseignement spirituel n\u2019\u00e9chappe \u00e0 cette situation il en va ainsi de toutes les confessions tout autour du monde.<\/strong><\/span><\/h3>\n<h3><span style=\"color: #0000ff;\"><strong><img loading=\"lazy\" decoding=\"async\" data-attachment-id=\"1010\" data-permalink=\"https:\/\/vogesus.fr\/index.php\/qui-est-andre\/reportages\/la-quete-du-graal-et-leglise-interieure\/cathedrale-2\/#main\" data-orig-file=\"https:\/\/vogesus.fr\/wp-content\/uploads\/2017\/07\/Cath\u00e9drale.jpg\" data-orig-size=\"1704,2272\" data-comments-opened=\"1\" data-image-meta=\"{&quot;aperture&quot;:&quot;2.8&quot;,&quot;credit&quot;:&quot;&quot;,&quot;camera&quot;:&quot;Canon DIGITAL IXUS i&quot;,&quot;caption&quot;:&quot;&quot;,&quot;created_timestamp&quot;:&quot;1124822365&quot;,&quot;copyright&quot;:&quot;&quot;,&quot;focal_length&quot;:&quot;6.40625&quot;,&quot;iso&quot;:&quot;0&quot;,&quot;shutter_speed&quot;:&quot;0.016666666666667&quot;,&quot;title&quot;:&quot;&quot;,&quot;orientation&quot;:&quot;0&quot;}\" data-image-title=\"Cath\u00e9drale\" data-image-description=\"&lt;p&gt;Cath\u00e9drale&lt;\/p&gt;\n\" data-image-caption=\"&lt;p&gt;Cath\u00e9drale&lt;\/p&gt;\n\" data-large-file=\"https:\/\/vogesus.fr\/wp-content\/uploads\/2017\/07\/Cath\u00e9drale-768x1024.jpg\" class=\" wp-image-1010 alignright\" src=\"http:\/\/vogesus.fr\/wp-content\/uploads\/2017\/07\/Cath\u00e9drale-225x300.jpg\" alt=\"Cath\u00e9drale\" width=\"181\" height=\"241\" srcset=\"https:\/\/vogesus.fr\/wp-content\/uploads\/2017\/07\/Cath\u00e9drale-225x300.jpg 225w, https:\/\/vogesus.fr\/wp-content\/uploads\/2017\/07\/Cath\u00e9drale-768x1024.jpg 768w, https:\/\/vogesus.fr\/wp-content\/uploads\/2017\/07\/Cath\u00e9drale.jpg 1704w\" sizes=\"auto, (max-width: 181px) 100vw, 181px\" \/>Dans le paradigme ternaire en r\u00e9f\u00e9rence aux chr\u00e9tiens nous pouvons faire une allusion directe avec la qu\u00eate du saint Graal qui envoie les preux Chevaliers sur les chemins du monde.<\/strong><\/span><\/h3>\n<h3><span style=\"color: #0000ff;\"><strong>Leur route sera jonch\u00e9e d\u2019aventures et de symboles mais trouveront-ils le Graal\u00a0? A chaque fois cette coupe myst\u00e9rieuse s\u2019\u00e9carte de leurs l\u00e8vres laissant un go\u00fbt d\u2019amertume dans la bouche (comprenne qui pourra)<\/strong><\/span><\/h3>\n<h3><span style=\"color: #0000ff;\"><strong>Comme ce disciple qui plusieurs fois dans la nuit est r\u00e9veill\u00e9 par la voix du Ma\u00eetre \u00e0 penser et se rend \u00e0 chaque fois \u00e0 son chevet. Alors le Ma\u00eetre de lui r\u00e9pondre \u00ab\u00a0 ce n\u2019est pas moi qui t\u2019ai appel\u00e9, la prochaine fois que tu entendras l\u2019appel, r\u00e9pond oui je t\u2019\u00e9coute\u00a0\u00bb\u00a0<\/strong><\/span><\/h3>\n<h3><span style=\"color: #0000ff;\">C&rsquo;est bien ce Chevalier, sourd, qui partira sur les chemins&#8230;<\/span><\/h3>\n<h3><span style=\"color: #0000ff;\"><strong>D\u2019\u00e9vidence dans les moments o\u00f9 le Graal se d\u00e9voile et o\u00f9 la parole s\u2019exprime l\u2019\u00e2me aura per\u00e7u par son \u00e9motion une pr\u00e9sence subtile de l\u2019Esprit et avec l\u2019extase un sentiment de paix.<\/strong><\/span><\/h3>\n<h3><span style=\"color: #0000ff;\"><strong>C\u2019est bien contre son c\u0153ur que la statue tient le Graal, cherchez donc \u00e0 vous conna\u00eetre\u2026<\/strong><\/span><\/h3>\n<p><span style=\"color: #0000ff;\"><img loading=\"lazy\" decoding=\"async\" data-attachment-id=\"1019\" data-permalink=\"https:\/\/vogesus.fr\/index.php\/qui-est-andre\/reportages\/la-quete-du-graal-et-leglise-interieure\/croix-patee\/#main\" data-orig-file=\"https:\/\/vogesus.fr\/wp-content\/uploads\/2017\/07\/Croix-pat\u00e9e.jpg\" data-orig-size=\"1092,1070\" data-comments-opened=\"1\" data-image-meta=\"{&quot;aperture&quot;:&quot;0&quot;,&quot;credit&quot;:&quot;&quot;,&quot;camera&quot;:&quot;&quot;,&quot;caption&quot;:&quot;&quot;,&quot;created_timestamp&quot;:&quot;0&quot;,&quot;copyright&quot;:&quot;&quot;,&quot;focal_length&quot;:&quot;0&quot;,&quot;iso&quot;:&quot;0&quot;,&quot;shutter_speed&quot;:&quot;0&quot;,&quot;title&quot;:&quot;&quot;,&quot;orientation&quot;:&quot;0&quot;}\" data-image-title=\"Croix pat\u00e9e\" data-image-description=\"&lt;p&gt;Croix pat\u00e9e&lt;\/p&gt;\n\" data-image-caption=\"&lt;p&gt;Croix pat\u00e9e&lt;\/p&gt;\n\" data-large-file=\"https:\/\/vogesus.fr\/wp-content\/uploads\/2017\/07\/Croix-pat\u00e9e-1024x1003.jpg\" class=\"wp-image-1019 aligncenter\" src=\"http:\/\/vogesus.fr\/wp-content\/uploads\/2017\/07\/Croix-pat\u00e9e-300x294.jpg\" alt=\"Croix pat\u00e9e\" width=\"115\" height=\"113\" srcset=\"https:\/\/vogesus.fr\/wp-content\/uploads\/2017\/07\/Croix-pat\u00e9e-300x294.jpg 300w, https:\/\/vogesus.fr\/wp-content\/uploads\/2017\/07\/Croix-pat\u00e9e-768x753.jpg 768w, https:\/\/vogesus.fr\/wp-content\/uploads\/2017\/07\/Croix-pat\u00e9e-1024x1003.jpg 1024w, https:\/\/vogesus.fr\/wp-content\/uploads\/2017\/07\/Croix-pat\u00e9e.jpg 1092w\" sizes=\"auto, (max-width: 115px) 100vw, 115px\" \/><\/span><\/p>\n<p>\u00a0<\/p>\n\n\n<p class=\"has-medium-font-size\">\u00a9 Vogesus 2020<\/p>\n","protected":false},"excerpt":{"rendered":"<p>La qu\u00eate du Graal et l\u2019\u00e9glise int\u00e9rieure. Les statues de nos cath\u00e9drales nous livrent un message d&rsquo;une incroyable actualit\u00e9, nous mettant en garde et nous adressant un appel silencieux. Car depuis les temps anciens, toute spiritualit\u00e9 est avant tout une affaire de silence et de discr\u00e9tion. Pourtant, les apparences alimentent l&rsquo;illusion d&rsquo;exister aux yeux de [&hellip;]<\/p>\n","protected":false},"author":1,"featured_media":0,"parent":289,"menu_order":3,"comment_status":"closed","ping_status":"closed","template":"","meta":{"footnotes":""},"class_list":["post-1013","page","type-page","status-publish","hentry"],"aioseo_notices":[],"jetpack_sharing_enabled":true,"jetpack_shortlink":"https:\/\/wp.me\/P7ThE8-gl","jetpack-related-posts":[],"_links":{"self":[{"href":"https:\/\/vogesus.fr\/index.php\/wp-json\/wp\/v2\/pages\/1013","targetHints":{"allow":["GET"]}}],"collection":[{"href":"https:\/\/vogesus.fr\/index.php\/wp-json\/wp\/v2\/pages"}],"about":[{"href":"https:\/\/vogesus.fr\/index.php\/wp-json\/wp\/v2\/types\/page"}],"author":[{"embeddable":true,"href":"https:\/\/vogesus.fr\/index.php\/wp-json\/wp\/v2\/users\/1"}],"replies":[{"embeddable":true,"href":"https:\/\/vogesus.fr\/index.php\/wp-json\/wp\/v2\/comments?post=1013"}],"version-history":[{"count":14,"href":"https:\/\/vogesus.fr\/index.php\/wp-json\/wp\/v2\/pages\/1013\/revisions"}],"predecessor-version":[{"id":3053,"href":"https:\/\/vogesus.fr\/index.php\/wp-json\/wp\/v2\/pages\/1013\/revisions\/3053"}],"up":[{"embeddable":true,"href":"https:\/\/vogesus.fr\/index.php\/wp-json\/wp\/v2\/pages\/289"}],"wp:attachment":[{"href":"https:\/\/vogesus.fr\/index.php\/wp-json\/wp\/v2\/media?parent=1013"}],"curies":[{"name":"wp","href":"https:\/\/api.w.org\/{rel}","templated":true}]}}